{"id":34596,"date":"2025-01-15T08:28:52","date_gmt":"2025-01-15T07:28:52","guid":{"rendered":"https:\/\/thegreekfilmfestivalinberlin.com\/poster-2025\/"},"modified":"2025-01-18T12:55:52","modified_gmt":"2025-01-18T11:55:52","slug":"poster-2025","status":"publish","type":"page","link":"https:\/\/thegreekfilmfestivalinberlin.com\/de\/poster-2025\/","title":{"rendered":"Poster 2025"},"content":{"rendered":"<p>[vc_row][vc_column][vc_single_image image=&#8220;34589&#8243; img_size=&#8220;large&#8220;][vc_column_text]<\/p>\n<h6><span style=\"color: #000000;\"><strong>Visuelle Identit\u00e4t 2025<\/strong><\/span><\/h6>\n<p>&nbsp;<\/p>\n<p><span style=\"color: #000000;\">Das Griechische Filmfestival in Berlin stellt sein neues Key Visual vor, das die kommende 10. Jubil\u00e4umsausgabe kennzeichnen wird. Diese findet vom <strong>26. bis 30. M\u00e4rz 2025 <\/strong> im historischen Kino Babylon in Berlin-Mitte statt.<\/span><\/p>\n<p>&nbsp;<\/p>\n<p><span style=\"color: #000000;\">Im Mittelpunkt des Key Visuals steht eine Frau. Wir kennen sie nicht, aber wir k\u00f6nnen sie tanzen sehen \u2013 erm\u00e4chtigt und leidenschaftlich, frei in ihrer Bewegung, als ob es ihr egal w\u00e4re. Sie tanzt Zeibekiko auf einer Bouzouki-Melodie, einen traditionellen, griechischen Tanz, der als M\u00e4nnertanz bezeichnet werden k\u00f6nnte. So etwas gibt es aber nicht. Alle T\u00e4nze, alle Kunstarten, alle menschlichen Ausdrucksformen k\u00f6nnen von jeder Person und f\u00fcr jede Person kreiert werden. Um die Frau herum: helle B\u00fchnenlichter, die eine feierliche und vergn\u00fcgliche Atmosph\u00e4re schaffen; einen Raum, wo alle Konzepte verstreut werden. Wo das volle Erwachen der Sinne und der Freude, das Leben selbst, in den Vordergrund treten.<\/span><\/p>\n<p>&nbsp;<\/p>\n<p><span style=\"color: #000000;\"><em>\u201eWir feiern die 10 Jahre unseres Festivals. Unsere visuelle Identit\u00e4t f\u00fcr die diesj\u00e4hrige Ausgabe vermittelt ein Gef\u00fchl von Feier und ist eine Hommage an das griechische Musikschaffen, an die beleuchtete Musikb\u00fchne, die Menschen aus allen Gesellschaftsschichten Griechenlands beherbergt hat. &#8222;Mit einem zeitgen\u00f6ssischen, selbstbewussten und modernen Blick auf Tradition und Geschichte freuen wir uns darauf, unser beliebtes Publikum in Berlin begr\u00fc\u00dfen zu d\u00fcrfen\u201c, so die Organisatoren.<\/em><\/span><\/p>\n<p>&nbsp;<\/p>\n<p><span style=\"color: #000000;\">Das Key Visual wurde vom Visual Designer <strong>Konstantinos Kamperis<\/strong>. kreiert<\/span><\/p>\n<p>&nbsp;<\/p>\n<p><span style=\"color: #000000;\"><u>Das vollst\u00e4ndige Film- und Veranstaltungsprogramm des Festivals wird am <strong>4. Februar <\/strong>bekanntgegeben.<\/u><\/span><\/p>\n<p>&nbsp;<\/p>\n<p>&nbsp;<\/p>\n<p><em><span style=\"color: #000000;\">Kommunikations- &amp; Presse-B\u00fcro<\/span><\/em><br \/>\n<span style=\"color: #0000ff;\"><a style=\"color: #0000ff;\" href=\"https:\/\/thegreekfilmfestivalinberlin.com\/de\/\" target=\"_blank\" rel=\"noopener\"><span style=\"color: #0000ff;\">thegreekfilmfestivalinberlin.com<\/span><\/a><\/span><\/p>\n<p>&nbsp;<\/p>\n<p><a href=\"https:\/\/www.facebook.com\/thegreekfilmfestivalinberlin\" target=\"_blank\" rel=\"noopener\"><img loading=\"lazy\" decoding=\"async\" class=\"alignnone\" src=\"https:\/\/thegreekfilmfestivalinberlin.com\/wp-content\/uploads\/2024\/01\/Facebook_Logo_2023.png\" alt=\"\" width=\"50\" height=\"50\" \/><\/a> <span style=\"color: #0000ff;\">\u00a0\u00a0\u00a0 <a style=\"color: #0000ff;\" href=\"https:\/\/www.facebook.com\/thegreekfilmfestivalinberlin\" target=\"_blank\" rel=\"noopener\">www.facebook.com\/thegreekfilmfestivalinberlin<\/a><\/span><br \/>\n<a href=\"https:\/\/www.instagram.com\/the_greek_film_festival_berlin\/\" target=\"_blank\" rel=\"noopener\"><img loading=\"lazy\" decoding=\"async\" class=\"alignnone\" src=\"https:\/\/thegreekfilmfestivalinberlin.com\/wp-content\/uploads\/2024\/01\/Instagram_logo_2022.svg_.png\" alt=\"\" width=\"50\" height=\"50\" \/><\/a> <span style=\"color: #0000ff;\">\u00a0 \u00a0 <a style=\"color: #0000ff;\" href=\"https:\/\/www.instagram.com\/the_greek_film_festival_berlin\/\" target=\"_blank\" rel=\"noopener\">www.instagram.com\/the_greek_film_festival_berlin<\/a><\/span><br \/>\n<a href=\"https:\/\/www.tiktok.com\/@greekfilmfestberlin\" target=\"_blank\" rel=\"noopener\"><img loading=\"lazy\" decoding=\"async\" class=\"alignnone\" src=\"https:\/\/thegreekfilmfestivalinberlin.com\/wp-content\/uploads\/2024\/01\/tiktok-6338430_1280.webp\" alt=\"\" width=\"50\" height=\"50\" \/><\/a><span style=\"color: #0000ff;\"> \u00a0\u00a0\u00a0 <a style=\"color: #0000ff;\" href=\"http:\/\/www.tiktok.com\/@greekfilmfestberlin\" target=\"_blank\" rel=\"noopener\">www.tiktok.com\/@greekfilmfestberlin<\/a><\/span><br \/>\n<a href=\"https:\/\/vimeo.com\/greekfilmfestivalberlin\" target=\"_blank\" rel=\"noopener\"><img loading=\"lazy\" decoding=\"async\" class=\"alignnone\" src=\"https:\/\/thegreekfilmfestivalinberlin.com\/wp-content\/uploads\/2024\/01\/Vimeo-Logo-300x300-1.png\" alt=\"\" width=\"50\" height=\"50\" \/><\/a><span style=\"color: #0000ff;\"> \u00a0\u00a0\u00a0 <a style=\"color: #0000ff;\" href=\"https:\/\/vimeo.com\/greekfilmfestivalberlin\" target=\"_blank\" rel=\"noopener\">https:\/\/vimeo.com\/greekfilmfestivalberlin<\/a><\/span>[\/vc_column_text][\/vc_column][\/vc_row]<\/p>\n","protected":false},"excerpt":{"rendered":"<p>[vc_row][vc_column][vc_single_image image=&#8220;34589&#8243; img_size=&#8220;large&#8220;][vc_column_text] Visuelle Identit\u00e4t 2025 &nbsp; Das Griechische Filmfestival in Berlin stellt sein neues Key Visual vor, das die kommende 10. Jubil\u00e4umsausgabe kennzeichnen wird. Diese findet vom 26. bis 30. M\u00e4rz 2025 im historischen Kino Babylon in Berlin-Mitte statt. [&hellip;]<\/p>\n","protected":false},"author":5,"featured_media":34621,"parent":0,"menu_order":0,"comment_status":"closed","ping_status":"closed","template":"","meta":{"footnotes":""},"class_list":["post-34596","page","type-page","status-publish","has-post-thumbnail","hentry"],"yoast_head":"<!-- This site is optimized with the Yoast SEO plugin v26.7 - https:\/\/yoast.com\/wordpress\/plugins\/seo\/ -->\n<title>Poster 2025 &#8211; The Greek Film Festival in Berlin<\/title>\n<meta name=\"robots\" content=\"index, follow, max-snippet:-1, max-image-preview:large, max-video-preview:-1\" \/>\n<link rel=\"canonical\" href=\"https:\/\/thegreekfilmfestivalinberlin.com\/de\/poster-2025\/\" \/>\n<meta property=\"og:locale\" content=\"de_DE\" \/>\n<meta property=\"og:type\" content=\"article\" \/>\n<meta property=\"og:title\" content=\"Poster 2025 &#8211; The Greek Film Festival in Berlin\" \/>\n<meta property=\"og:description\" content=\"[vc_row][vc_column][vc_single_image image=&#8220;34589&#8243; img_size=&#8220;large&#8220;][vc_column_text] Visuelle Identit\u00e4t 2025 &nbsp; Das Griechische Filmfestival in Berlin stellt sein neues Key Visual vor, das die kommende 10. Jubil\u00e4umsausgabe kennzeichnen wird. Diese findet vom 26. bis 30. M\u00e4rz 2025 im historischen Kino Babylon in Berlin-Mitte statt. [&hellip;]\" \/>\n<meta property=\"og:url\" content=\"https:\/\/thegreekfilmfestivalinberlin.com\/de\/poster-2025\/\" \/>\n<meta property=\"og:site_name\" content=\"The Greek Film Festival in Berlin\" \/>\n<meta property=\"article:modified_time\" content=\"2025-01-18T11:55:52+00:00\" \/>\n<meta property=\"og:image\" content=\"https:\/\/thegreekfilmfestivalinberlin.com\/wp-content\/uploads\/2025\/01\/Poster_25_IG_Post_v1-1030x1030.jpg\" \/>\n\t<meta property=\"og:image:width\" content=\"1030\" \/>\n\t<meta property=\"og:image:height\" content=\"1030\" \/>\n\t<meta property=\"og:image:type\" content=\"image\/jpeg\" \/>\n<meta name=\"twitter:card\" content=\"summary_large_image\" \/>\n<meta name=\"twitter:label1\" content=\"Gesch\u00e4tzte Lesezeit\" \/>\n\t<meta name=\"twitter:data1\" content=\"3\u00a0Minuten\" \/>\n<script type=\"application\/ld+json\" class=\"yoast-schema-graph\">{\"@context\":\"https:\/\/schema.org\",\"@graph\":[{\"@type\":\"WebPage\",\"@id\":\"https:\/\/thegreekfilmfestivalinberlin.com\/de\/poster-2025\/\",\"url\":\"https:\/\/thegreekfilmfestivalinberlin.com\/de\/poster-2025\/\",\"name\":\"Poster 2025 &#8211; The Greek Film Festival in Berlin\",\"isPartOf\":{\"@id\":\"https:\/\/thegreekfilmfestivalinberlin.com\/de\/#website\"},\"primaryImageOfPage\":{\"@id\":\"https:\/\/thegreekfilmfestivalinberlin.com\/de\/poster-2025\/#primaryimage\"},\"image\":{\"@id\":\"https:\/\/thegreekfilmfestivalinberlin.com\/de\/poster-2025\/#primaryimage\"},\"thumbnailUrl\":\"https:\/\/thegreekfilmfestivalinberlin.com\/wp-content\/uploads\/2025\/01\/Poster_25_IG_Post_v1.jpg\",\"datePublished\":\"2025-01-15T07:28:52+00:00\",\"dateModified\":\"2025-01-18T11:55:52+00:00\",\"breadcrumb\":{\"@id\":\"https:\/\/thegreekfilmfestivalinberlin.com\/de\/poster-2025\/#breadcrumb\"},\"inLanguage\":\"de\",\"potentialAction\":[{\"@type\":\"ReadAction\",\"target\":[\"https:\/\/thegreekfilmfestivalinberlin.com\/de\/poster-2025\/\"]}]},{\"@type\":\"ImageObject\",\"inLanguage\":\"de\",\"@id\":\"https:\/\/thegreekfilmfestivalinberlin.com\/de\/poster-2025\/#primaryimage\",\"url\":\"https:\/\/thegreekfilmfestivalinberlin.com\/wp-content\/uploads\/2025\/01\/Poster_25_IG_Post_v1.jpg\",\"contentUrl\":\"https:\/\/thegreekfilmfestivalinberlin.com\/wp-content\/uploads\/2025\/01\/Poster_25_IG_Post_v1.jpg\",\"width\":2048,\"height\":2048},{\"@type\":\"BreadcrumbList\",\"@id\":\"https:\/\/thegreekfilmfestivalinberlin.com\/de\/poster-2025\/#breadcrumb\",\"itemListElement\":[{\"@type\":\"ListItem\",\"position\":1,\"name\":\"Home\",\"item\":\"https:\/\/thegreekfilmfestivalinberlin.com\/de\/\"},{\"@type\":\"ListItem\",\"position\":2,\"name\":\"Poster 2025\"}]},{\"@type\":\"WebSite\",\"@id\":\"https:\/\/thegreekfilmfestivalinberlin.com\/de\/#website\",\"url\":\"https:\/\/thegreekfilmfestivalinberlin.com\/de\/\",\"name\":\"The Greek Film Festival in Berlin\",\"description\":\"\",\"publisher\":{\"@id\":\"https:\/\/thegreekfilmfestivalinberlin.com\/de\/#organization\"},\"potentialAction\":[{\"@type\":\"SearchAction\",\"target\":{\"@type\":\"EntryPoint\",\"urlTemplate\":\"https:\/\/thegreekfilmfestivalinberlin.com\/de\/?s={search_term_string}\"},\"query-input\":{\"@type\":\"PropertyValueSpecification\",\"valueRequired\":true,\"valueName\":\"search_term_string\"}}],\"inLanguage\":\"de\"},{\"@type\":\"Organization\",\"@id\":\"https:\/\/thegreekfilmfestivalinberlin.com\/de\/#organization\",\"name\":\"The Greek Film Festival in Berlin\",\"url\":\"https:\/\/thegreekfilmfestivalinberlin.com\/de\/\",\"logo\":{\"@type\":\"ImageObject\",\"inLanguage\":\"de\",\"@id\":\"https:\/\/thegreekfilmfestivalinberlin.com\/de\/#\/schema\/logo\/image\/\",\"url\":\"https:\/\/thegreekfilmfestivalinberlin.com\/wp-content\/uploads\/2020\/06\/peppermint_film_FINAL_White-03ohne-schrift.png\",\"contentUrl\":\"https:\/\/thegreekfilmfestivalinberlin.com\/wp-content\/uploads\/2020\/06\/peppermint_film_FINAL_White-03ohne-schrift.png\",\"width\":1819,\"height\":1212,\"caption\":\"The Greek Film Festival in Berlin\"},\"image\":{\"@id\":\"https:\/\/thegreekfilmfestivalinberlin.com\/de\/#\/schema\/logo\/image\/\"}}]}<\/script>\n<!-- \/ Yoast SEO plugin. -->","yoast_head_json":{"title":"Poster 2025 &#8211; The Greek Film Festival in Berlin","robots":{"index":"index","follow":"follow","max-snippet":"max-snippet:-1","max-image-preview":"max-image-preview:large","max-video-preview":"max-video-preview:-1"},"canonical":"https:\/\/thegreekfilmfestivalinberlin.com\/de\/poster-2025\/","og_locale":"de_DE","og_type":"article","og_title":"Poster 2025 &#8211; The Greek Film Festival in Berlin","og_description":"[vc_row][vc_column][vc_single_image image=&#8220;34589&#8243; img_size=&#8220;large&#8220;][vc_column_text] Visuelle Identit\u00e4t 2025 &nbsp; Das Griechische Filmfestival in Berlin stellt sein neues Key Visual vor, das die kommende 10. Jubil\u00e4umsausgabe kennzeichnen wird. Diese findet vom 26. bis 30. M\u00e4rz 2025 im historischen Kino Babylon in Berlin-Mitte statt. [&hellip;]","og_url":"https:\/\/thegreekfilmfestivalinberlin.com\/de\/poster-2025\/","og_site_name":"The Greek Film Festival in Berlin","article_modified_time":"2025-01-18T11:55:52+00:00","og_image":[{"width":1030,"height":1030,"url":"https:\/\/thegreekfilmfestivalinberlin.com\/wp-content\/uploads\/2025\/01\/Poster_25_IG_Post_v1-1030x1030.jpg","type":"image\/jpeg"}],"twitter_card":"summary_large_image","twitter_misc":{"Gesch\u00e4tzte Lesezeit":"3\u00a0Minuten"},"schema":{"@context":"https:\/\/schema.org","@graph":[{"@type":"WebPage","@id":"https:\/\/thegreekfilmfestivalinberlin.com\/de\/poster-2025\/","url":"https:\/\/thegreekfilmfestivalinberlin.com\/de\/poster-2025\/","name":"Poster 2025 &#8211; The Greek Film Festival in Berlin","isPartOf":{"@id":"https:\/\/thegreekfilmfestivalinberlin.com\/de\/#website"},"primaryImageOfPage":{"@id":"https:\/\/thegreekfilmfestivalinberlin.com\/de\/poster-2025\/#primaryimage"},"image":{"@id":"https:\/\/thegreekfilmfestivalinberlin.com\/de\/poster-2025\/#primaryimage"},"thumbnailUrl":"https:\/\/thegreekfilmfestivalinberlin.com\/wp-content\/uploads\/2025\/01\/Poster_25_IG_Post_v1.jpg","datePublished":"2025-01-15T07:28:52+00:00","dateModified":"2025-01-18T11:55:52+00:00","breadcrumb":{"@id":"https:\/\/thegreekfilmfestivalinberlin.com\/de\/poster-2025\/#breadcrumb"},"inLanguage":"de","potentialAction":[{"@type":"ReadAction","target":["https:\/\/thegreekfilmfestivalinberlin.com\/de\/poster-2025\/"]}]},{"@type":"ImageObject","inLanguage":"de","@id":"https:\/\/thegreekfilmfestivalinberlin.com\/de\/poster-2025\/#primaryimage","url":"https:\/\/thegreekfilmfestivalinberlin.com\/wp-content\/uploads\/2025\/01\/Poster_25_IG_Post_v1.jpg","contentUrl":"https:\/\/thegreekfilmfestivalinberlin.com\/wp-content\/uploads\/2025\/01\/Poster_25_IG_Post_v1.jpg","width":2048,"height":2048},{"@type":"BreadcrumbList","@id":"https:\/\/thegreekfilmfestivalinberlin.com\/de\/poster-2025\/#breadcrumb","itemListElement":[{"@type":"ListItem","position":1,"name":"Home","item":"https:\/\/thegreekfilmfestivalinberlin.com\/de\/"},{"@type":"ListItem","position":2,"name":"Poster 2025"}]},{"@type":"WebSite","@id":"https:\/\/thegreekfilmfestivalinberlin.com\/de\/#website","url":"https:\/\/thegreekfilmfestivalinberlin.com\/de\/","name":"The Greek Film Festival in Berlin","description":"","publisher":{"@id":"https:\/\/thegreekfilmfestivalinberlin.com\/de\/#organization"},"potentialAction":[{"@type":"SearchAction","target":{"@type":"EntryPoint","urlTemplate":"https:\/\/thegreekfilmfestivalinberlin.com\/de\/?s={search_term_string}"},"query-input":{"@type":"PropertyValueSpecification","valueRequired":true,"valueName":"search_term_string"}}],"inLanguage":"de"},{"@type":"Organization","@id":"https:\/\/thegreekfilmfestivalinberlin.com\/de\/#organization","name":"The Greek Film Festival in Berlin","url":"https:\/\/thegreekfilmfestivalinberlin.com\/de\/","logo":{"@type":"ImageObject","inLanguage":"de","@id":"https:\/\/thegreekfilmfestivalinberlin.com\/de\/#\/schema\/logo\/image\/","url":"https:\/\/thegreekfilmfestivalinberlin.com\/wp-content\/uploads\/2020\/06\/peppermint_film_FINAL_White-03ohne-schrift.png","contentUrl":"https:\/\/thegreekfilmfestivalinberlin.com\/wp-content\/uploads\/2020\/06\/peppermint_film_FINAL_White-03ohne-schrift.png","width":1819,"height":1212,"caption":"The Greek Film Festival in Berlin"},"image":{"@id":"https:\/\/thegreekfilmfestivalinberlin.com\/de\/#\/schema\/logo\/image\/"}}]}},"_links":{"self":[{"href":"https:\/\/thegreekfilmfestivalinberlin.com\/de\/wp-json\/wp\/v2\/pages\/34596","targetHints":{"allow":["GET"]}}],"collection":[{"href":"https:\/\/thegreekfilmfestivalinberlin.com\/de\/wp-json\/wp\/v2\/pages"}],"about":[{"href":"https:\/\/thegreekfilmfestivalinberlin.com\/de\/wp-json\/wp\/v2\/types\/page"}],"author":[{"embeddable":true,"href":"https:\/\/thegreekfilmfestivalinberlin.com\/de\/wp-json\/wp\/v2\/users\/5"}],"replies":[{"embeddable":true,"href":"https:\/\/thegreekfilmfestivalinberlin.com\/de\/wp-json\/wp\/v2\/comments?post=34596"}],"version-history":[{"count":3,"href":"https:\/\/thegreekfilmfestivalinberlin.com\/de\/wp-json\/wp\/v2\/pages\/34596\/revisions"}],"predecessor-version":[{"id":34626,"href":"https:\/\/thegreekfilmfestivalinberlin.com\/de\/wp-json\/wp\/v2\/pages\/34596\/revisions\/34626"}],"wp:featuredmedia":[{"embeddable":true,"href":"https:\/\/thegreekfilmfestivalinberlin.com\/de\/wp-json\/wp\/v2\/media\/34621"}],"wp:attachment":[{"href":"https:\/\/thegreekfilmfestivalinberlin.com\/de\/wp-json\/wp\/v2\/media?parent=34596"}],"curies":[{"name":"wp","href":"https:\/\/api.w.org\/{rel}","templated":true}]}}