{"id":34122,"date":"2024-07-01T11:38:30","date_gmt":"2024-07-01T09:38:30","guid":{"rendered":"https:\/\/thegreekfilmfestivalinberlin.com\/frankfurt-24\/"},"modified":"2024-07-28T23:53:29","modified_gmt":"2024-07-28T21:53:29","slug":"frankfurt-24","status":"publish","type":"page","link":"https:\/\/thegreekfilmfestivalinberlin.com\/de\/frankfurt-24\/","title":{"rendered":"Frankfurt &#8217;24"},"content":{"rendered":"<p>[vc_row css=&#8220;.vc_custom_1593848162124{margin-top: -300px !important;}&#8220; parallax_background_image=&#8220;1167&#8243; parallax_bg_speed=&#8220;0.3&#8243;][vc_column][vc_empty_space][vc_empty_space][vc_empty_space][vc_empty_space][vc_row_inner row_content_width=&#8220;grid&#8220;][vc_column_inner][vc_column_text]<\/p>\n<p>&nbsp;<\/p>\n<p>&nbsp;<\/p>\n<p>&nbsp;<\/p>\n<p>&nbsp;<\/p>\n<p><span style=\"color: #333333;\">Das <b>The Greek Film Festival GOES Frankfurt<\/b> hebt zum dritten Mal am 14. und 15. September 2024\u00a0 im Kino Eldorado in Frankfurt am Main den Vorhang. Mit einer Auswahl von f\u00fcnf Filmen zeigen wir das Beste der modernen griechischen Filmlandschaft dieses Jahres und bieten griechischsprachigen Zuschauern ein Erlebnis in ihrer Sprache sowie neue Perspektiven des Kinos f\u00fcr unser deutsches und internationales Publikum.<\/span><\/p>\n<div>\n<div>\n<div><\/div>\n<div><\/div>\n<\/div>\n<\/div>\n<div>\n<div><\/div>\n<\/div>\n<p>[\/vc_column_text][vc_column_text]<span style=\"color: #000000;\">Das Programm des The Greek Film Festival GOES Frankfurt umfasst:<\/span><\/p>\n<div><\/div>\n<div style=\"text-align: left;\"><\/div>\n<div><\/div>\n<div style=\"text-align: left;\"><span style=\"color: #000000;\">Samstag, 14.9<\/span><\/div>\n<div style=\"text-align: left;\"><span style=\"color: #000000;\">18:30 &#8211; Murderess von Eva Nathena<\/span><\/div>\n<div style=\"text-align: left;\"><span style=\"color: #000000;\">21:00 &#8211; Animal von Sofia Exarchou <\/span><\/div>\n<div style=\"text-align: left;\"><span style=\"color: #000000;\">Sonntag, 15.9<\/span><\/div>\n<div style=\"text-align: left;\"><span style=\"color: #000000;\">16:00 &#8211; Behind the Haystacks von Asimina Proedrou<\/span><\/div>\n<div style=\"text-align: left;\"><span style=\"color: #000000;\">18:30 &#8211; Mary, Mariana, Maria &#8211; The Unsung Greek Years of Callas von Vasilis Louras and Michalis Asthenidis<\/span><\/div>\n<div style=\"text-align: left;\"><span style=\"color: #000000;\">20:45 &#8211; The Summer With Carmen von Zacharias Mavroeidis<\/span><\/div>\n<p>&nbsp;<\/p>\n<div>\n<div>\n<div><\/div>\n<div><\/div>\n<\/div>\n<\/div>\n<div>\n<div><\/div>\n<\/div>\n<p>[\/vc_column_text][\/vc_column_inner][\/vc_row_inner][vc_empty_space height=&#8220;100px&#8220;][\/vc_column][vc_column][vc_single_image image=&#8220;34076&#8243; img_size=&#8220;large&#8220; alignment=&#8220;center&#8220;][vc_empty_space height=&#8220;100px&#8220;][vc_column_text]<\/p>\n<p style=\"text-align: center;\"><span style=\"color: #333333;\"><strong>Vertreter der Filme werden f\u00fcr Q&amp;A-Sessions nach den Vorf\u00fchrungen anwesend sein.<\/strong><\/span><br \/>\n<span style=\"color: #333333;\">Weitere Informationen und Ank\u00fcndigungen finden Sie auf thegreekfilmfestivalinberlin.com und den Social-Media-Seiten des Festivals. <\/span><\/p>\n<p style=\"text-align: center;\"><span style=\"color: #333333;\">Die Termine f\u00fcr die n\u00e4chste, 10. Jubil\u00e4umsausgabe des The Greek Film Festival in Berlin werden bald bekannt gegeben.<\/span><\/p>\n<p style=\"text-align: center;\"><span style=\"color: #333333;\">Die Einreichungsphase beginnt im Oktober 2024.<\/span><\/p>\n<div style=\"text-align: center;\">\n<div>\n<div><\/div>\n<div><\/div>\n<\/div>\n<\/div>\n<div>\n<div style=\"text-align: center;\"><\/div>\n<\/div>\n<p>[\/vc_column_text][vc_btn title=&#8220;Tickets Frankfurt&#8220; color=&#8220;blue&#8220; align=&#8220;center&#8220; link=&#8220;url:https%3A%2F%2Fgreek-fillmfestival-frankfurt.reservix.de%2Fevents|title:Tickets%20Frankfurt|target:_blank&#8220;][vc_empty_space height=&#8220;100px&#8220;][\/vc_column][vc_column][\/vc_column][\/vc_row][vc_row disable_element=&#8220;yes&#8220;][vc_column][vc_column_text]<\/p>\n<h2 style=\"text-align: center;\">Highlights<\/h2>\n<p>[\/vc_column_text][vc_empty_space height=&#8220;100px&#8220;][vc_masonry_media_grid element_width=&#8220;2&#8243; grid_id=&#8220;vc_gid:1722203593006-deeb821c-c4f3-5&#8243; include=&#8220;32516,32480,32483,32471,32474,32477,32486,32489,32492,32495,32498,32501,32504,32507,32510,32513,32519&#8243; css=&#8220;.vc_custom_1695660940708{margin-left: 200px !important;}&#8220;][\/vc_column][\/vc_row][vc_row][vc_column][vc_single_image image=&#8220;34091&#8243; img_size=&#8220;large&#8220; alignment=&#8220;center&#8220;][vc_column_text]<\/p>\n<p style=\"text-align: center;\"><span style=\"color: #000000;\">Mit der Unterst\u00fctzung des:<\/span><\/p>\n<p>[\/vc_column_text][vc_single_image image=&#8220;34224&#8243; img_size=&#8220;400 x 73&#8243; alignment=&#8220;center&#8220;][vc_empty_space][\/vc_column][vc_column][\/vc_column][\/vc_row][vc_row][vc_column width=&#8220;1\/3&#8243;][\/vc_column][vc_column width=&#8220;1\/3&#8243;][vc_column_text]<iframe loading=\"lazy\" src=\"https:\/\/player.vimeo.com\/video\/975380595?h=2a7f830572\" width=\"640\" height=\"360\" frameborder=\"0\" allowfullscreen=\"allowfullscreen\"><\/iframe>[\/vc_column_text][\/vc_column][vc_column width=&#8220;1\/3&#8243;][\/vc_column][\/vc_row]<\/p>\n","protected":false},"excerpt":{"rendered":"<p>[vc_row css=&#8220;.vc_custom_1593848162124{margin-top: -300px !important;}&#8220; parallax_background_image=&#8220;1167&#8243; parallax_bg_speed=&#8220;0.3&#8243;][vc_column][vc_empty_space][vc_empty_space][vc_empty_space][vc_empty_space][vc_row_inner row_content_width=&#8220;grid&#8220;][vc_column_inner][vc_column_text] &nbsp; &nbsp; &nbsp; &nbsp; Das The Greek Film Festival GOES Frankfurt hebt zum dritten Mal am 14. und 15. September 2024\u00a0 im Kino Eldorado in Frankfurt am Main den Vorhang. Mit einer Auswahl [&hellip;]<\/p>\n","protected":false},"author":5,"featured_media":0,"parent":0,"menu_order":0,"comment_status":"closed","ping_status":"closed","template":"full-width.php","meta":{"footnotes":""},"class_list":["post-34122","page","type-page","status-publish","hentry"],"yoast_head":"<!-- This site is optimized with the Yoast SEO plugin v27.3 - https:\/\/yoast.com\/product\/yoast-seo-wordpress\/ -->\n<title>Frankfurt &#039;24 &#8211; The Greek Film Festival in Berlin<\/title>\n<meta name=\"robots\" content=\"index, follow, max-snippet:-1, max-image-preview:large, max-video-preview:-1\" \/>\n<link rel=\"canonical\" href=\"https:\/\/thegreekfilmfestivalinberlin.com\/de\/frankfurt-24\/\" \/>\n<meta property=\"og:locale\" content=\"de_DE\" \/>\n<meta property=\"og:type\" content=\"article\" \/>\n<meta property=\"og:title\" content=\"Frankfurt &#039;24 &#8211; The Greek Film Festival in Berlin\" \/>\n<meta property=\"og:description\" content=\"[vc_row css=&#8220;.vc_custom_1593848162124{margin-top: -300px !important;}&#8220; parallax_background_image=&#8220;1167&#8243; parallax_bg_speed=&#8220;0.3&#8243;][vc_column][vc_empty_space][vc_empty_space][vc_empty_space][vc_empty_space][vc_row_inner row_content_width=&#8220;grid&#8220;][vc_column_inner][vc_column_text] &nbsp; &nbsp; &nbsp; &nbsp; Das The Greek Film Festival GOES Frankfurt hebt zum dritten Mal am 14. und 15. September 2024\u00a0 im Kino Eldorado in Frankfurt am Main den Vorhang. Mit einer Auswahl [&hellip;]\" \/>\n<meta property=\"og:url\" content=\"https:\/\/thegreekfilmfestivalinberlin.com\/de\/frankfurt-24\/\" \/>\n<meta property=\"og:site_name\" content=\"The Greek Film Festival in Berlin\" \/>\n<meta property=\"article:modified_time\" content=\"2024-07-28T21:53:29+00:00\" \/>\n<meta property=\"og:image\" content=\"https:\/\/thegreekfilmfestivalinberlin.com\/wp-content\/uploads\/2020\/06\/peppermint_film_FINAL_White-03ohne-schrift.png\" \/>\n\t<meta property=\"og:image:width\" content=\"1819\" \/>\n\t<meta property=\"og:image:height\" content=\"1212\" \/>\n\t<meta property=\"og:image:type\" content=\"image\/png\" \/>\n<meta name=\"twitter:card\" content=\"summary_large_image\" \/>\n<meta name=\"twitter:label1\" content=\"Gesch\u00e4tzte Lesezeit\" \/>\n\t<meta name=\"twitter:data1\" content=\"3\u00a0Minuten\" \/>\n<script type=\"application\/ld+json\" class=\"yoast-schema-graph\">{\"@context\":\"https:\\\/\\\/schema.org\",\"@graph\":[{\"@type\":\"WebPage\",\"@id\":\"https:\\\/\\\/thegreekfilmfestivalinberlin.com\\\/de\\\/frankfurt-24\\\/\",\"url\":\"https:\\\/\\\/thegreekfilmfestivalinberlin.com\\\/de\\\/frankfurt-24\\\/\",\"name\":\"Frankfurt '24 &#8211; The Greek Film Festival in Berlin\",\"isPartOf\":{\"@id\":\"https:\\\/\\\/thegreekfilmfestivalinberlin.com\\\/de\\\/#website\"},\"datePublished\":\"2024-07-01T09:38:30+00:00\",\"dateModified\":\"2024-07-28T21:53:29+00:00\",\"breadcrumb\":{\"@id\":\"https:\\\/\\\/thegreekfilmfestivalinberlin.com\\\/de\\\/frankfurt-24\\\/#breadcrumb\"},\"inLanguage\":\"de\",\"potentialAction\":[{\"@type\":\"ReadAction\",\"target\":[\"https:\\\/\\\/thegreekfilmfestivalinberlin.com\\\/de\\\/frankfurt-24\\\/\"]}]},{\"@type\":\"BreadcrumbList\",\"@id\":\"https:\\\/\\\/thegreekfilmfestivalinberlin.com\\\/de\\\/frankfurt-24\\\/#breadcrumb\",\"itemListElement\":[{\"@type\":\"ListItem\",\"position\":1,\"name\":\"Home\",\"item\":\"https:\\\/\\\/thegreekfilmfestivalinberlin.com\\\/de\\\/\"},{\"@type\":\"ListItem\",\"position\":2,\"name\":\"Frankfurt &#8217;24\"}]},{\"@type\":\"WebSite\",\"@id\":\"https:\\\/\\\/thegreekfilmfestivalinberlin.com\\\/de\\\/#website\",\"url\":\"https:\\\/\\\/thegreekfilmfestivalinberlin.com\\\/de\\\/\",\"name\":\"The Greek Film Festival in Berlin\",\"description\":\"\",\"publisher\":{\"@id\":\"https:\\\/\\\/thegreekfilmfestivalinberlin.com\\\/de\\\/#organization\"},\"potentialAction\":[{\"@type\":\"SearchAction\",\"target\":{\"@type\":\"EntryPoint\",\"urlTemplate\":\"https:\\\/\\\/thegreekfilmfestivalinberlin.com\\\/de\\\/?s={search_term_string}\"},\"query-input\":{\"@type\":\"PropertyValueSpecification\",\"valueRequired\":true,\"valueName\":\"search_term_string\"}}],\"inLanguage\":\"de\"},{\"@type\":\"Organization\",\"@id\":\"https:\\\/\\\/thegreekfilmfestivalinberlin.com\\\/de\\\/#organization\",\"name\":\"The Greek Film Festival in Berlin\",\"url\":\"https:\\\/\\\/thegreekfilmfestivalinberlin.com\\\/de\\\/\",\"logo\":{\"@type\":\"ImageObject\",\"inLanguage\":\"de\",\"@id\":\"https:\\\/\\\/thegreekfilmfestivalinberlin.com\\\/de\\\/#\\\/schema\\\/logo\\\/image\\\/\",\"url\":\"https:\\\/\\\/thegreekfilmfestivalinberlin.com\\\/wp-content\\\/uploads\\\/2020\\\/06\\\/peppermint_film_FINAL_White-03ohne-schrift.png\",\"contentUrl\":\"https:\\\/\\\/thegreekfilmfestivalinberlin.com\\\/wp-content\\\/uploads\\\/2020\\\/06\\\/peppermint_film_FINAL_White-03ohne-schrift.png\",\"width\":1819,\"height\":1212,\"caption\":\"The Greek Film Festival in Berlin\"},\"image\":{\"@id\":\"https:\\\/\\\/thegreekfilmfestivalinberlin.com\\\/de\\\/#\\\/schema\\\/logo\\\/image\\\/\"}}]}<\/script>\n<!-- \/ Yoast SEO plugin. -->","yoast_head_json":{"title":"Frankfurt '24 &#8211; The Greek Film Festival in Berlin","robots":{"index":"index","follow":"follow","max-snippet":"max-snippet:-1","max-image-preview":"max-image-preview:large","max-video-preview":"max-video-preview:-1"},"canonical":"https:\/\/thegreekfilmfestivalinberlin.com\/de\/frankfurt-24\/","og_locale":"de_DE","og_type":"article","og_title":"Frankfurt '24 &#8211; The Greek Film Festival in Berlin","og_description":"[vc_row css=&#8220;.vc_custom_1593848162124{margin-top: -300px !important;}&#8220; parallax_background_image=&#8220;1167&#8243; parallax_bg_speed=&#8220;0.3&#8243;][vc_column][vc_empty_space][vc_empty_space][vc_empty_space][vc_empty_space][vc_row_inner row_content_width=&#8220;grid&#8220;][vc_column_inner][vc_column_text] &nbsp; &nbsp; &nbsp; &nbsp; Das The Greek Film Festival GOES Frankfurt hebt zum dritten Mal am 14. und 15. September 2024\u00a0 im Kino Eldorado in Frankfurt am Main den Vorhang. Mit einer Auswahl [&hellip;]","og_url":"https:\/\/thegreekfilmfestivalinberlin.com\/de\/frankfurt-24\/","og_site_name":"The Greek Film Festival in Berlin","article_modified_time":"2024-07-28T21:53:29+00:00","og_image":[{"width":1819,"height":1212,"url":"https:\/\/thegreekfilmfestivalinberlin.com\/wp-content\/uploads\/2020\/06\/peppermint_film_FINAL_White-03ohne-schrift.png","type":"image\/png"}],"twitter_card":"summary_large_image","twitter_misc":{"Gesch\u00e4tzte Lesezeit":"3\u00a0Minuten"},"schema":{"@context":"https:\/\/schema.org","@graph":[{"@type":"WebPage","@id":"https:\/\/thegreekfilmfestivalinberlin.com\/de\/frankfurt-24\/","url":"https:\/\/thegreekfilmfestivalinberlin.com\/de\/frankfurt-24\/","name":"Frankfurt '24 &#8211; The Greek Film Festival in Berlin","isPartOf":{"@id":"https:\/\/thegreekfilmfestivalinberlin.com\/de\/#website"},"datePublished":"2024-07-01T09:38:30+00:00","dateModified":"2024-07-28T21:53:29+00:00","breadcrumb":{"@id":"https:\/\/thegreekfilmfestivalinberlin.com\/de\/frankfurt-24\/#breadcrumb"},"inLanguage":"de","potentialAction":[{"@type":"ReadAction","target":["https:\/\/thegreekfilmfestivalinberlin.com\/de\/frankfurt-24\/"]}]},{"@type":"BreadcrumbList","@id":"https:\/\/thegreekfilmfestivalinberlin.com\/de\/frankfurt-24\/#breadcrumb","itemListElement":[{"@type":"ListItem","position":1,"name":"Home","item":"https:\/\/thegreekfilmfestivalinberlin.com\/de\/"},{"@type":"ListItem","position":2,"name":"Frankfurt &#8217;24"}]},{"@type":"WebSite","@id":"https:\/\/thegreekfilmfestivalinberlin.com\/de\/#website","url":"https:\/\/thegreekfilmfestivalinberlin.com\/de\/","name":"The Greek Film Festival in Berlin","description":"","publisher":{"@id":"https:\/\/thegreekfilmfestivalinberlin.com\/de\/#organization"},"potentialAction":[{"@type":"SearchAction","target":{"@type":"EntryPoint","urlTemplate":"https:\/\/thegreekfilmfestivalinberlin.com\/de\/?s={search_term_string}"},"query-input":{"@type":"PropertyValueSpecification","valueRequired":true,"valueName":"search_term_string"}}],"inLanguage":"de"},{"@type":"Organization","@id":"https:\/\/thegreekfilmfestivalinberlin.com\/de\/#organization","name":"The Greek Film Festival in Berlin","url":"https:\/\/thegreekfilmfestivalinberlin.com\/de\/","logo":{"@type":"ImageObject","inLanguage":"de","@id":"https:\/\/thegreekfilmfestivalinberlin.com\/de\/#\/schema\/logo\/image\/","url":"https:\/\/thegreekfilmfestivalinberlin.com\/wp-content\/uploads\/2020\/06\/peppermint_film_FINAL_White-03ohne-schrift.png","contentUrl":"https:\/\/thegreekfilmfestivalinberlin.com\/wp-content\/uploads\/2020\/06\/peppermint_film_FINAL_White-03ohne-schrift.png","width":1819,"height":1212,"caption":"The Greek Film Festival in Berlin"},"image":{"@id":"https:\/\/thegreekfilmfestivalinberlin.com\/de\/#\/schema\/logo\/image\/"}}]}},"_links":{"self":[{"href":"https:\/\/thegreekfilmfestivalinberlin.com\/de\/wp-json\/wp\/v2\/pages\/34122","targetHints":{"allow":["GET"]}}],"collection":[{"href":"https:\/\/thegreekfilmfestivalinberlin.com\/de\/wp-json\/wp\/v2\/pages"}],"about":[{"href":"https:\/\/thegreekfilmfestivalinberlin.com\/de\/wp-json\/wp\/v2\/types\/page"}],"author":[{"embeddable":true,"href":"https:\/\/thegreekfilmfestivalinberlin.com\/de\/wp-json\/wp\/v2\/users\/5"}],"replies":[{"embeddable":true,"href":"https:\/\/thegreekfilmfestivalinberlin.com\/de\/wp-json\/wp\/v2\/comments?post=34122"}],"version-history":[{"count":9,"href":"https:\/\/thegreekfilmfestivalinberlin.com\/de\/wp-json\/wp\/v2\/pages\/34122\/revisions"}],"predecessor-version":[{"id":34254,"href":"https:\/\/thegreekfilmfestivalinberlin.com\/de\/wp-json\/wp\/v2\/pages\/34122\/revisions\/34254"}],"wp:attachment":[{"href":"https:\/\/thegreekfilmfestivalinberlin.com\/de\/wp-json\/wp\/v2\/media?parent=34122"}],"curies":[{"name":"wp","href":"https:\/\/api.w.org\/{rel}","templated":true}]}}