{"id":34100,"date":"2024-07-01T10:45:36","date_gmt":"2024-07-01T08:45:36","guid":{"rendered":"https:\/\/thegreekfilmfestivalinberlin.com\/koeln-24\/"},"modified":"2024-08-07T23:46:13","modified_gmt":"2024-08-07T21:46:13","slug":"koeln-24","status":"publish","type":"page","link":"https:\/\/thegreekfilmfestivalinberlin.com\/de\/koeln-24\/","title":{"rendered":"K\u00f6ln &#8217;24"},"content":{"rendered":"<p>[vc_row css=&#8220;.vc_custom_1593848162124{margin-top: -300px !important;}&#8220; parallax_background_image=&#8220;1167&#8243; parallax_bg_speed=&#8220;0.3&#8243;][vc_column][vc_empty_space][vc_empty_space][vc_empty_space][vc_empty_space][vc_row_inner row_content_width=&#8220;grid&#8220;][vc_column_inner][vc_column_text]<\/p>\n<p>&nbsp;<\/p>\n<p>&nbsp;<\/p>\n<p>&nbsp;<\/p>\n<p><span style=\"color: #333333;\"><span style=\"font-weight: 400;\">Das The Greek Film Festival in Berlin freut sich besonders darauf, zum zweiten Mal nach K\u00f6ln reisen zu d\u00fcrfen. Diesmal mit einer Auswahl von f\u00fcnf Filmen aus der 9. Ausgabe des Festivals in Berlin im vergangenen M\u00e4rz. Das <strong>Greek Film Festival GOES K\u00d6LN 2024<\/strong> findet am <strong>21. und 22. September im Filmhaus K\u00f6ln<\/strong> statt. Both events will present a selection of five films from the official program of the 9th edition of the Berlin film festival last March.<br \/>\n<\/span><\/span><\/p>\n<div>\n<div>\n<div><\/div>\n<div><\/div>\n<\/div>\n<\/div>\n<div>\n<div><\/div>\n<\/div>\n<p>[\/vc_column_text][vc_column_text]<span style=\"color: #000000;\">Das Programm des <strong>The Greek Film Festival goes K\u00f6ln<\/strong> umfasst:<br \/>\n<\/span><\/p>\n<p><span style=\"color: #000000;\">Samstag, 21.9<\/span><br \/>\n<span style=\"color: #000000;\">18:00 &#8211; Animal von Sofia Exarchou<\/span><br \/>\n<span style=\"color: #000000;\">20:45 &#8211; Behind the Haystacks von Asimina Proedrou<\/span><\/p>\n<p><span style=\"color: #000000;\">Sonntag, 22.9<\/span><br \/>\n<span style=\"color: #000000;\">16:00 &#8211; Medium von Christina Ioakeimidi<\/span><br \/>\n<span style=\"color: #000000;\">18:00 &#8211; Grief &#8211; Those Who Remain von Myrto Patsalidou &amp; Maria Louka<\/span><br \/>\n<span style=\"color: #000000;\">20:00 &#8211; The Summer With Carmen von Zacharias Mavroeidis<\/span><\/p>\n<p>&nbsp;<\/p>\n<p>&nbsp;<\/p>\n<p>&nbsp;<\/p>\n<div>\n<div>\n<div><\/div>\n<div><\/div>\n<\/div>\n<\/div>\n<div>\n<div><\/div>\n<\/div>\n<p>[\/vc_column_text][\/vc_column_inner][\/vc_row_inner][vc_empty_space height=&#8220;100px&#8220;][vc_single_image image=&#8220;34079&#8243; img_size=&#8220;large&#8220; alignment=&#8220;center&#8220;][vc_empty_space height=&#8220;100px&#8220;][vc_column_text]<\/p>\n<p style=\"text-align: center;\"><span style=\"color: #333333;\"><span style=\"font-weight: 400;\">Bei der Veranstaltung werden diverse Vertreter der Filme f\u00fcr Q&amp;A\u2019s\u00a0 nach den Vorf\u00fchrungen anwesend sein.<\/span><\/span><\/p>\n<p style=\"text-align: center;\"><span style=\"color: #333333;\"><span style=\"font-weight: 400;\">Weitere Informationen und Ank\u00fcndigungen finden Sie auf thegreekfilmfestivalinberlin.com und auf den Social-Media-Seiten des Festivals.<\/span><\/span><\/p>\n<p style=\"text-align: center;\"><span style=\"color: #333333;\"><span style=\"font-weight: 400;\">Die Termine f\u00fcr die n\u00e4chste, <b>10. Jubil\u00e4umsausgabe <\/b>des The Greek Film Festival in Berlin werden bald bekannt gegeben.<\/span><\/span><\/p>\n<p>&nbsp;<\/p>\n<p style=\"text-align: center;\"><span style=\"color: #333333;\"><span style=\"font-weight: 400;\"><b>Die Einreichungsphase beginnt im Oktober 2024. <\/b><br \/>\n<\/span><\/span><\/p>\n<div style=\"text-align: center;\">\n<div>\n<div><\/div>\n<div><\/div>\n<\/div>\n<\/div>\n<div>\n<div style=\"text-align: center;\"><\/div>\n<\/div>\n<p>[\/vc_column_text][vc_btn title=&#8220;Tickets K\u00f6ln&#8220; color=&#8220;pink&#8220; size=&#8220;lg&#8220; align=&#8220;center&#8220; link=&#8220;url:https%3A%2F%2Ffilmhaus-koeln.de%2Fevent%2Fgreek-film-festival-goes-k-oe-ln-2024-2|title:Tickets%20K%C3%B6ln%202024|target:_blank&#8220;][vc_empty_space height=&#8220;100px&#8220;][\/vc_column][vc_column][\/vc_column][vc_column][\/vc_column][\/vc_row][vc_row disable_element=&#8220;yes&#8220;][vc_column][vc_column_text]<\/p>\n<h2 style=\"text-align: center;\">Highlights<\/h2>\n<p>[\/vc_column_text][vc_empty_space height=&#8220;100px&#8220;][vc_masonry_media_grid element_width=&#8220;2&#8243; grid_id=&#8220;vc_gid:1723067107235-fe36b230-6072-3&#8243; css=&#8220;.vc_custom_1695666838507{margin-left: 200px !important;}&#8220; include=&#8220;32528,32531,32534,32537,32540,32543,32549,32552,32555,32558,32561,32564,32567,32570,32573,32576,32579,32582,32585,32588,32591,32594,32597,32600&#8243;][\/vc_column][\/vc_row][vc_row][vc_column][vc_empty_space][vc_empty_space][vc_single_image image=&#8220;34094&#8243; img_size=&#8220;large&#8220; alignment=&#8220;center&#8220;][vc_empty_space][\/vc_column][\/vc_row][vc_row][vc_column width=&#8220;1\/3&#8243;][\/vc_column][vc_column width=&#8220;1\/3&#8243;][vc_column_text]<iframe loading=\"lazy\" src=\"https:\/\/player.vimeo.com\/video\/975379126?h=2a7f830572\" width=\"640\" height=\"360\" frameborder=\"0\" allowfullscreen=\"allowfullscreen\"><\/iframe>[\/vc_column_text][\/vc_column][vc_column width=&#8220;1\/3&#8243;][\/vc_column][\/vc_row]<\/p>\n","protected":false},"excerpt":{"rendered":"<p>[vc_row css=&#8220;.vc_custom_1593848162124{margin-top: -300px !important;}&#8220; parallax_background_image=&#8220;1167&#8243; parallax_bg_speed=&#8220;0.3&#8243;][vc_column][vc_empty_space][vc_empty_space][vc_empty_space][vc_empty_space][vc_row_inner row_content_width=&#8220;grid&#8220;][vc_column_inner][vc_column_text] &nbsp; &nbsp; &nbsp; Das The Greek Film Festival in Berlin freut sich besonders darauf, zum zweiten Mal nach K\u00f6ln reisen zu d\u00fcrfen. Diesmal mit einer Auswahl von f\u00fcnf Filmen aus der 9. Ausgabe [&hellip;]<\/p>\n","protected":false},"author":5,"featured_media":0,"parent":0,"menu_order":0,"comment_status":"closed","ping_status":"closed","template":"full-width.php","meta":{"footnotes":""},"class_list":["post-34100","page","type-page","status-publish","hentry"],"yoast_head":"<!-- This site is optimized with the Yoast SEO plugin v27.3 - https:\/\/yoast.com\/product\/yoast-seo-wordpress\/ -->\n<title>K\u00f6ln &#039;24 &#8211; The Greek Film Festival in Berlin<\/title>\n<meta name=\"robots\" content=\"index, follow, max-snippet:-1, max-image-preview:large, max-video-preview:-1\" \/>\n<link rel=\"canonical\" href=\"https:\/\/thegreekfilmfestivalinberlin.com\/de\/koeln-24\/\" \/>\n<meta property=\"og:locale\" content=\"de_DE\" \/>\n<meta property=\"og:type\" content=\"article\" \/>\n<meta property=\"og:title\" content=\"K\u00f6ln &#039;24 &#8211; The Greek Film Festival in Berlin\" \/>\n<meta property=\"og:description\" content=\"[vc_row css=&#8220;.vc_custom_1593848162124{margin-top: -300px !important;}&#8220; parallax_background_image=&#8220;1167&#8243; parallax_bg_speed=&#8220;0.3&#8243;][vc_column][vc_empty_space][vc_empty_space][vc_empty_space][vc_empty_space][vc_row_inner row_content_width=&#8220;grid&#8220;][vc_column_inner][vc_column_text] &nbsp; &nbsp; &nbsp; Das The Greek Film Festival in Berlin freut sich besonders darauf, zum zweiten Mal nach K\u00f6ln reisen zu d\u00fcrfen. Diesmal mit einer Auswahl von f\u00fcnf Filmen aus der 9. Ausgabe [&hellip;]\" \/>\n<meta property=\"og:url\" content=\"https:\/\/thegreekfilmfestivalinberlin.com\/de\/koeln-24\/\" \/>\n<meta property=\"og:site_name\" content=\"The Greek Film Festival in Berlin\" \/>\n<meta property=\"article:modified_time\" content=\"2024-08-07T21:46:13+00:00\" \/>\n<meta property=\"og:image\" content=\"https:\/\/thegreekfilmfestivalinberlin.com\/wp-content\/uploads\/2020\/06\/peppermint_film_FINAL_White-03ohne-schrift.png\" \/>\n\t<meta property=\"og:image:width\" content=\"1819\" \/>\n\t<meta property=\"og:image:height\" content=\"1212\" \/>\n\t<meta property=\"og:image:type\" content=\"image\/png\" \/>\n<meta name=\"twitter:card\" content=\"summary_large_image\" \/>\n<meta name=\"twitter:label1\" content=\"Gesch\u00e4tzte Lesezeit\" \/>\n\t<meta name=\"twitter:data1\" content=\"1\u00a0Minute\" \/>\n<script type=\"application\/ld+json\" class=\"yoast-schema-graph\">{\"@context\":\"https:\\\/\\\/schema.org\",\"@graph\":[{\"@type\":\"WebPage\",\"@id\":\"https:\\\/\\\/thegreekfilmfestivalinberlin.com\\\/de\\\/koeln-24\\\/\",\"url\":\"https:\\\/\\\/thegreekfilmfestivalinberlin.com\\\/de\\\/koeln-24\\\/\",\"name\":\"K\u00f6ln '24 &#8211; The Greek Film Festival in Berlin\",\"isPartOf\":{\"@id\":\"https:\\\/\\\/thegreekfilmfestivalinberlin.com\\\/de\\\/#website\"},\"datePublished\":\"2024-07-01T08:45:36+00:00\",\"dateModified\":\"2024-08-07T21:46:13+00:00\",\"breadcrumb\":{\"@id\":\"https:\\\/\\\/thegreekfilmfestivalinberlin.com\\\/de\\\/koeln-24\\\/#breadcrumb\"},\"inLanguage\":\"de\",\"potentialAction\":[{\"@type\":\"ReadAction\",\"target\":[\"https:\\\/\\\/thegreekfilmfestivalinberlin.com\\\/de\\\/koeln-24\\\/\"]}]},{\"@type\":\"BreadcrumbList\",\"@id\":\"https:\\\/\\\/thegreekfilmfestivalinberlin.com\\\/de\\\/koeln-24\\\/#breadcrumb\",\"itemListElement\":[{\"@type\":\"ListItem\",\"position\":1,\"name\":\"Home\",\"item\":\"https:\\\/\\\/thegreekfilmfestivalinberlin.com\\\/de\\\/\"},{\"@type\":\"ListItem\",\"position\":2,\"name\":\"K\u00f6ln &#8217;24\"}]},{\"@type\":\"WebSite\",\"@id\":\"https:\\\/\\\/thegreekfilmfestivalinberlin.com\\\/de\\\/#website\",\"url\":\"https:\\\/\\\/thegreekfilmfestivalinberlin.com\\\/de\\\/\",\"name\":\"The Greek Film Festival in Berlin\",\"description\":\"\",\"publisher\":{\"@id\":\"https:\\\/\\\/thegreekfilmfestivalinberlin.com\\\/de\\\/#organization\"},\"potentialAction\":[{\"@type\":\"SearchAction\",\"target\":{\"@type\":\"EntryPoint\",\"urlTemplate\":\"https:\\\/\\\/thegreekfilmfestivalinberlin.com\\\/de\\\/?s={search_term_string}\"},\"query-input\":{\"@type\":\"PropertyValueSpecification\",\"valueRequired\":true,\"valueName\":\"search_term_string\"}}],\"inLanguage\":\"de\"},{\"@type\":\"Organization\",\"@id\":\"https:\\\/\\\/thegreekfilmfestivalinberlin.com\\\/de\\\/#organization\",\"name\":\"The Greek Film Festival in Berlin\",\"url\":\"https:\\\/\\\/thegreekfilmfestivalinberlin.com\\\/de\\\/\",\"logo\":{\"@type\":\"ImageObject\",\"inLanguage\":\"de\",\"@id\":\"https:\\\/\\\/thegreekfilmfestivalinberlin.com\\\/de\\\/#\\\/schema\\\/logo\\\/image\\\/\",\"url\":\"https:\\\/\\\/thegreekfilmfestivalinberlin.com\\\/wp-content\\\/uploads\\\/2020\\\/06\\\/peppermint_film_FINAL_White-03ohne-schrift.png\",\"contentUrl\":\"https:\\\/\\\/thegreekfilmfestivalinberlin.com\\\/wp-content\\\/uploads\\\/2020\\\/06\\\/peppermint_film_FINAL_White-03ohne-schrift.png\",\"width\":1819,\"height\":1212,\"caption\":\"The Greek Film Festival in Berlin\"},\"image\":{\"@id\":\"https:\\\/\\\/thegreekfilmfestivalinberlin.com\\\/de\\\/#\\\/schema\\\/logo\\\/image\\\/\"}}]}<\/script>\n<!-- \/ Yoast SEO plugin. -->","yoast_head_json":{"title":"K\u00f6ln '24 &#8211; The Greek Film Festival in Berlin","robots":{"index":"index","follow":"follow","max-snippet":"max-snippet:-1","max-image-preview":"max-image-preview:large","max-video-preview":"max-video-preview:-1"},"canonical":"https:\/\/thegreekfilmfestivalinberlin.com\/de\/koeln-24\/","og_locale":"de_DE","og_type":"article","og_title":"K\u00f6ln '24 &#8211; The Greek Film Festival in Berlin","og_description":"[vc_row css=&#8220;.vc_custom_1593848162124{margin-top: -300px !important;}&#8220; parallax_background_image=&#8220;1167&#8243; parallax_bg_speed=&#8220;0.3&#8243;][vc_column][vc_empty_space][vc_empty_space][vc_empty_space][vc_empty_space][vc_row_inner row_content_width=&#8220;grid&#8220;][vc_column_inner][vc_column_text] &nbsp; &nbsp; &nbsp; Das The Greek Film Festival in Berlin freut sich besonders darauf, zum zweiten Mal nach K\u00f6ln reisen zu d\u00fcrfen. Diesmal mit einer Auswahl von f\u00fcnf Filmen aus der 9. Ausgabe [&hellip;]","og_url":"https:\/\/thegreekfilmfestivalinberlin.com\/de\/koeln-24\/","og_site_name":"The Greek Film Festival in Berlin","article_modified_time":"2024-08-07T21:46:13+00:00","og_image":[{"width":1819,"height":1212,"url":"https:\/\/thegreekfilmfestivalinberlin.com\/wp-content\/uploads\/2020\/06\/peppermint_film_FINAL_White-03ohne-schrift.png","type":"image\/png"}],"twitter_card":"summary_large_image","twitter_misc":{"Gesch\u00e4tzte Lesezeit":"1\u00a0Minute"},"schema":{"@context":"https:\/\/schema.org","@graph":[{"@type":"WebPage","@id":"https:\/\/thegreekfilmfestivalinberlin.com\/de\/koeln-24\/","url":"https:\/\/thegreekfilmfestivalinberlin.com\/de\/koeln-24\/","name":"K\u00f6ln '24 &#8211; The Greek Film Festival in Berlin","isPartOf":{"@id":"https:\/\/thegreekfilmfestivalinberlin.com\/de\/#website"},"datePublished":"2024-07-01T08:45:36+00:00","dateModified":"2024-08-07T21:46:13+00:00","breadcrumb":{"@id":"https:\/\/thegreekfilmfestivalinberlin.com\/de\/koeln-24\/#breadcrumb"},"inLanguage":"de","potentialAction":[{"@type":"ReadAction","target":["https:\/\/thegreekfilmfestivalinberlin.com\/de\/koeln-24\/"]}]},{"@type":"BreadcrumbList","@id":"https:\/\/thegreekfilmfestivalinberlin.com\/de\/koeln-24\/#breadcrumb","itemListElement":[{"@type":"ListItem","position":1,"name":"Home","item":"https:\/\/thegreekfilmfestivalinberlin.com\/de\/"},{"@type":"ListItem","position":2,"name":"K\u00f6ln &#8217;24"}]},{"@type":"WebSite","@id":"https:\/\/thegreekfilmfestivalinberlin.com\/de\/#website","url":"https:\/\/thegreekfilmfestivalinberlin.com\/de\/","name":"The Greek Film Festival in Berlin","description":"","publisher":{"@id":"https:\/\/thegreekfilmfestivalinberlin.com\/de\/#organization"},"potentialAction":[{"@type":"SearchAction","target":{"@type":"EntryPoint","urlTemplate":"https:\/\/thegreekfilmfestivalinberlin.com\/de\/?s={search_term_string}"},"query-input":{"@type":"PropertyValueSpecification","valueRequired":true,"valueName":"search_term_string"}}],"inLanguage":"de"},{"@type":"Organization","@id":"https:\/\/thegreekfilmfestivalinberlin.com\/de\/#organization","name":"The Greek Film Festival in Berlin","url":"https:\/\/thegreekfilmfestivalinberlin.com\/de\/","logo":{"@type":"ImageObject","inLanguage":"de","@id":"https:\/\/thegreekfilmfestivalinberlin.com\/de\/#\/schema\/logo\/image\/","url":"https:\/\/thegreekfilmfestivalinberlin.com\/wp-content\/uploads\/2020\/06\/peppermint_film_FINAL_White-03ohne-schrift.png","contentUrl":"https:\/\/thegreekfilmfestivalinberlin.com\/wp-content\/uploads\/2020\/06\/peppermint_film_FINAL_White-03ohne-schrift.png","width":1819,"height":1212,"caption":"The Greek Film Festival in Berlin"},"image":{"@id":"https:\/\/thegreekfilmfestivalinberlin.com\/de\/#\/schema\/logo\/image\/"}}]}},"_links":{"self":[{"href":"https:\/\/thegreekfilmfestivalinberlin.com\/de\/wp-json\/wp\/v2\/pages\/34100","targetHints":{"allow":["GET"]}}],"collection":[{"href":"https:\/\/thegreekfilmfestivalinberlin.com\/de\/wp-json\/wp\/v2\/pages"}],"about":[{"href":"https:\/\/thegreekfilmfestivalinberlin.com\/de\/wp-json\/wp\/v2\/types\/page"}],"author":[{"embeddable":true,"href":"https:\/\/thegreekfilmfestivalinberlin.com\/de\/wp-json\/wp\/v2\/users\/5"}],"replies":[{"embeddable":true,"href":"https:\/\/thegreekfilmfestivalinberlin.com\/de\/wp-json\/wp\/v2\/comments?post=34100"}],"version-history":[{"count":10,"href":"https:\/\/thegreekfilmfestivalinberlin.com\/de\/wp-json\/wp\/v2\/pages\/34100\/revisions"}],"predecessor-version":[{"id":34268,"href":"https:\/\/thegreekfilmfestivalinberlin.com\/de\/wp-json\/wp\/v2\/pages\/34100\/revisions\/34268"}],"wp:attachment":[{"href":"https:\/\/thegreekfilmfestivalinberlin.com\/de\/wp-json\/wp\/v2\/media?parent=34100"}],"curies":[{"name":"wp","href":"https:\/\/api.w.org\/{rel}","templated":true}]}}