{"id":33672,"date":"2024-03-25T01:58:35","date_gmt":"2024-03-25T00:58:35","guid":{"rendered":"https:\/\/thegreekfilmfestivalinberlin.com\/?page_id=33672"},"modified":"2024-03-25T11:33:26","modified_gmt":"2024-03-25T10:33:26","slug":"preise-2024","status":"publish","type":"page","link":"https:\/\/thegreekfilmfestivalinberlin.com\/de\/preise-2024\/","title":{"rendered":"Preise 2024"},"content":{"rendered":"<p>[vc_row][vc_column]<div class=\"edgtf-single-image-holder  edgtf-has-shadow edgtf-image-behavior-lightbox\">\n    <div class=\"edgtf-si-inner\" >\n                    <a itemprop=\"image\" href=\"https:\/\/thegreekfilmfestivalinberlin.com\/wp-content\/uploads\/2024\/03\/JDPD6065-emerging-greeks-animal-flomaria-papadaki.jpg\" data-rel=\"prettyPhoto[si_pretty_photo]\" title=\"\">\n                                    <img loading=\"lazy\" decoding=\"async\" width=\"1030\" height=\"686\" src=\"https:\/\/thegreekfilmfestivalinberlin.com\/wp-content\/uploads\/2024\/03\/JDPD6065-emerging-greeks-animal-flomaria-papadaki-1030x686.jpg\" class=\"attachment-large size-large\" alt=\"\" srcset=\"https:\/\/thegreekfilmfestivalinberlin.com\/wp-content\/uploads\/2024\/03\/JDPD6065-emerging-greeks-animal-flomaria-papadaki-1030x686.jpg 1030w, https:\/\/thegreekfilmfestivalinberlin.com\/wp-content\/uploads\/2024\/03\/JDPD6065-emerging-greeks-animal-flomaria-papadaki-300x200.jpg 300w, https:\/\/thegreekfilmfestivalinberlin.com\/wp-content\/uploads\/2024\/03\/JDPD6065-emerging-greeks-animal-flomaria-papadaki-768x512.jpg 768w, https:\/\/thegreekfilmfestivalinberlin.com\/wp-content\/uploads\/2024\/03\/JDPD6065-emerging-greeks-animal-flomaria-papadaki-1536x1024.jpg 1536w\" sizes=\"auto, (max-width: 1030px) 100vw, 1030px\" \/>                                <\/a>\n            <\/div>\n<\/div>[\/vc_column][\/vc_row][vc_row][vc_column][vc_column_text]<\/p>\n<div class=\"flex_column av_two_third first avia-builder-el-2 el_after_av_hr el_before_av_two_third \">\n<div class=\"av-special-heading av-special-heading-h2 avia-builder-el-3 avia-builder-el-no-sibling \">\n<h2 class=\"av-special-heading-tag\">Emerging Greeks Award 2024<\/h2>\n<\/div>\n<\/div>\n<div class=\"flex_column av_two_third first avia-builder-el-4 el_after_av_two_third el_before_av_two_third column-top-margin\">\n<div class=\"av-special-heading av-special-heading-h3 avia-builder-el-5 avia-builder-el-no-sibling \">\n<h4><strong><span style=\"color: #333333;\">Der Emerging Greeks Award 2024 ging an Animal von Sofia Exarchou.\u00a0<\/span><\/strong><\/h4>\n<p><span style=\"color: #000000;\">Der gewinnende Film des diesj\u00e4hrigen Preises <span style=\"color: #0000ff;\"><strong>Emerging Greeks Award<\/strong><\/span>, der mit 1.000 Euro dotiert ist und vom <strong>Griechischen Filmzentrum<\/strong> gesponsert wird, war <strong><em>Animal<\/em> <\/strong>von Sofia Exarchou unter der folgenden Begr\u00fcndung: \u201cDer Film verbindet eine k\u00fcnstlerische filmische Aussage mit einer politischen Erz\u00e4hlung, die in der Schattenwelt des Kapitalismus eintaucht; eine Fiktion, die in der Realit\u00e4t verwurzelt ist, und das Publikum nicht wegschauen l\u00e4sst\u201d.<\/span><\/p>\n<p><span style=\"color: #000000;\">Der Preis wurde an Flomaria Papadaki, eine der Protagonistinnen des Filmes, verliehen.<\/span><\/div>\n<\/div>\n<p>[\/vc_column_text][\/vc_column][\/vc_row][vc_row][vc_column][vc_empty_space height=&#8220;50px&#8220;][\/vc_column][\/vc_row][vc_row][vc_column]<div class=\"edgtf-single-image-holder  edgtf-has-shadow edgtf-image-behavior-lightbox\">\n    <div class=\"edgtf-si-inner\" >\n                    <a itemprop=\"image\" href=\"https:\/\/thegreekfilmfestivalinberlin.com\/wp-content\/uploads\/2024\/03\/JDPD5998-special-mention-emerging-greeks-medium-iwakimidi.jpg\" data-rel=\"prettyPhoto[si_pretty_photo]\" title=\"\">\n                                    <img loading=\"lazy\" decoding=\"async\" width=\"1030\" height=\"686\" src=\"https:\/\/thegreekfilmfestivalinberlin.com\/wp-content\/uploads\/2024\/03\/JDPD5998-special-mention-emerging-greeks-medium-iwakimidi-1030x686.jpg\" class=\"attachment-large size-large\" alt=\"\" srcset=\"https:\/\/thegreekfilmfestivalinberlin.com\/wp-content\/uploads\/2024\/03\/JDPD5998-special-mention-emerging-greeks-medium-iwakimidi-1030x686.jpg 1030w, https:\/\/thegreekfilmfestivalinberlin.com\/wp-content\/uploads\/2024\/03\/JDPD5998-special-mention-emerging-greeks-medium-iwakimidi-300x200.jpg 300w, https:\/\/thegreekfilmfestivalinberlin.com\/wp-content\/uploads\/2024\/03\/JDPD5998-special-mention-emerging-greeks-medium-iwakimidi-768x512.jpg 768w, https:\/\/thegreekfilmfestivalinberlin.com\/wp-content\/uploads\/2024\/03\/JDPD5998-special-mention-emerging-greeks-medium-iwakimidi-1536x1024.jpg 1536w\" sizes=\"auto, (max-width: 1030px) 100vw, 1030px\" \/>                                <\/a>\n            <\/div>\n<\/div>[\/vc_column][\/vc_row][vc_row][vc_column][vc_column_text]<\/p>\n<div class=\"flex_column av_two_third first avia-builder-el-2 el_after_av_hr el_before_av_two_third \">\n<div class=\"av-special-heading av-special-heading-h2 avia-builder-el-3 avia-builder-el-no-sibling \"><\/div>\n<\/div>\n<div class=\"flex_column av_two_third first avia-builder-el-4 el_after_av_two_third el_before_av_two_third column-top-margin\">\n<div class=\"av-special-heading av-special-heading-h3 avia-builder-el-5 avia-builder-el-no-sibling \">\n<p><span style=\"color: #000000;\">Eine besondere Erw\u00e4hnung wurde an <strong><em>Medium<\/em> <\/strong>von Christina Ioakeimidi unter der folgenden Begr\u00fcndung verliehen: \u201cDie Emerging Greeks Jury hat die Entscheidung getroffen, eine besondere Erw\u00e4hnung an eine vielversprechende Stimme aus der griechischen Filmlandschaft zu vergeben. An einen Film, der durch seine Inszenierung gl\u00e4nzt; eine sanfte und respektvolle Darstellung der Intimit\u00e4t\u201d.<\/span><\/p>\n<p><span style=\"color: #000000;\">Die besondere Erw\u00e4hnung wurde an Christina Ioakeimidi, Regisseurin des Filmes, verliehen.<\/span><\/div>\n<\/div>\n<p>[\/vc_column_text][\/vc_column][\/vc_row][vc_row][vc_column][vc_empty_space height=&#8220;150px&#8220;][\/vc_column][\/vc_row][vc_row][vc_column]<div class=\"edgtf-single-image-holder  edgtf-has-shadow edgtf-image-behavior-lightbox\">\n    <div class=\"edgtf-si-inner\" >\n                    <a itemprop=\"image\" href=\"https:\/\/thegreekfilmfestivalinberlin.com\/wp-content\/uploads\/2024\/03\/JDPD5921-doc-awards-grief-myrto-patsalidou.jpg\" data-rel=\"prettyPhoto[si_pretty_photo]\" title=\"\">\n                                    <img loading=\"lazy\" decoding=\"async\" width=\"1030\" height=\"686\" src=\"https:\/\/thegreekfilmfestivalinberlin.com\/wp-content\/uploads\/2024\/03\/JDPD5921-doc-awards-grief-myrto-patsalidou-1030x686.jpg\" class=\"attachment-large size-large\" alt=\"\" srcset=\"https:\/\/thegreekfilmfestivalinberlin.com\/wp-content\/uploads\/2024\/03\/JDPD5921-doc-awards-grief-myrto-patsalidou-1030x686.jpg 1030w, https:\/\/thegreekfilmfestivalinberlin.com\/wp-content\/uploads\/2024\/03\/JDPD5921-doc-awards-grief-myrto-patsalidou-300x200.jpg 300w, https:\/\/thegreekfilmfestivalinberlin.com\/wp-content\/uploads\/2024\/03\/JDPD5921-doc-awards-grief-myrto-patsalidou-768x512.jpg 768w, https:\/\/thegreekfilmfestivalinberlin.com\/wp-content\/uploads\/2024\/03\/JDPD5921-doc-awards-grief-myrto-patsalidou-1536x1024.jpg 1536w\" sizes=\"auto, (max-width: 1030px) 100vw, 1030px\" \/>                                <\/a>\n            <\/div>\n<\/div>[\/vc_column][\/vc_row][vc_row][vc_column][vc_column_text]<\/p>\n<div class=\"flex_column av_two_third first avia-builder-el-4 el_after_av_two_third el_before_av_two_third column-top-margin\">\n<div class=\"av-special-heading av-special-heading-h3 avia-builder-el-5 avia-builder-el-no-sibling \">\n<h4><strong><span style=\"color: #333333;\">Der Documentary Award 2024 ging an Grief &#8211; Those Who Remain von <\/span><\/strong><b>Myrto Patsalidou and Maria Louka<\/b><\/h4>\n<div class=\"special-heading-border\">\n<p><span style=\"color: #000000;\">Der gewinnende Dokumentarfilm des diesj\u00e4hrigen Preises <strong><span style=\"color: #0000ff;\">Documentary Award<\/span><\/strong>, der mit 500 Euro dotiert ist und vom <strong>Musou Music Group<\/strong> gesponsert wird, war <em><strong>Grief &#8211; Those Who Remain<\/strong><\/em> von Myrto Patsalidou und Maria Louka unter der folgenden Begr\u00fcndung: \u201cDer Faschismus muss gestoppt werden. Durch die Lebensgeschichten von drei jungen Menschen setzen sich die Filmemacherinnen mit diesem dr\u00e4ngenden sozialpolitischen Thema unserer Zeit auseinander und zeigen die Sinnlosigkeit von Hass. Sie geben den Eltern eine Stimme, die nicht im Schweigen trauern wollen\u201d.<\/span><\/p>\n<p><span style=\"color: #000000;\">Der Preis wurde an Myrto Patsalidou, eine der Regisseurinnen des Filmes, verliehen.<\/span><\/div>\n<\/div>\n<\/div>\n<p>[\/vc_column_text][\/vc_column][\/vc_row][vc_row][vc_column][vc_empty_space height=&#8220;150px&#8220;][\/vc_column][\/vc_row][vc_row][vc_column]<div class=\"edgtf-single-image-holder  edgtf-has-shadow edgtf-image-behavior-lightbox\">\n    <div class=\"edgtf-si-inner\" >\n                    <a itemprop=\"image\" href=\"https:\/\/thegreekfilmfestivalinberlin.com\/wp-content\/uploads\/2024\/03\/Short_Films_Winner_GER.jpg\" data-rel=\"prettyPhoto[si_pretty_photo]\" title=\"\">\n                                    <img loading=\"lazy\" decoding=\"async\" width=\"1030\" height=\"1030\" src=\"https:\/\/thegreekfilmfestivalinberlin.com\/wp-content\/uploads\/2024\/03\/Short_Films_Winner_GER-1030x1030.jpg\" class=\"attachment-large size-large\" alt=\"\" srcset=\"https:\/\/thegreekfilmfestivalinberlin.com\/wp-content\/uploads\/2024\/03\/Short_Films_Winner_GER-1030x1030.jpg 1030w, https:\/\/thegreekfilmfestivalinberlin.com\/wp-content\/uploads\/2024\/03\/Short_Films_Winner_GER-300x300.jpg 300w, https:\/\/thegreekfilmfestivalinberlin.com\/wp-content\/uploads\/2024\/03\/Short_Films_Winner_GER-80x80.jpg 80w, https:\/\/thegreekfilmfestivalinberlin.com\/wp-content\/uploads\/2024\/03\/Short_Films_Winner_GER-768x768.jpg 768w, https:\/\/thegreekfilmfestivalinberlin.com\/wp-content\/uploads\/2024\/03\/Short_Films_Winner_GER-1536x1536.jpg 1536w, https:\/\/thegreekfilmfestivalinberlin.com\/wp-content\/uploads\/2024\/03\/Short_Films_Winner_GER-650x650.jpg 650w, https:\/\/thegreekfilmfestivalinberlin.com\/wp-content\/uploads\/2024\/03\/Short_Films_Winner_GER-1300x1300.jpg 1300w\" sizes=\"auto, (max-width: 1030px) 100vw, 1030px\" \/>                                <\/a>\n            <\/div>\n<\/div>[\/vc_column][\/vc_row][vc_row][vc_column][vc_column_text]<\/p>\n<div class=\"flex_column av_two_third first avia-builder-el-4 el_after_av_two_third el_before_av_two_third column-top-margin\">\n<div class=\"av-special-heading av-special-heading-h3 avia-builder-el-5 avia-builder-el-no-sibling \">\n<h4><strong><span style=\"color: #333333;\">Der Short Film Award 2024 ging an Buffer Zone von <\/span><\/strong><b>Savvas Stavrou<\/b><\/h4>\n<div class=\"special-heading-border\">\n<p><span style=\"color: #000000;\">Der gewinnende Kurzfilm des diesj\u00e4hrigen Preises <strong><span style=\"color: #0000ff;\">Short Film Award<\/span><\/strong>, der mit 500 Euro dotiert ist und vom <strong>Illuseum Berlin<\/strong> gesponsert wird, war <strong><em>Buffer Zone<\/em><\/strong> von Savvas Stavrou unter der folgenden Begr\u00fcndung: \u201cDie Charaktere des Filmes sind Vorreiter des Zusammenhalts in einer von Konflikten \u00fcberschatteten Welt. Ihr unersch\u00fctterliches Engagement f\u00fcr Frieden inspiriert uns, von einer grenzenlosen Welt voller unersch\u00fctterlicher Liebe und Verst\u00e4ndnis zu tr\u00e4umen. Dieser immer aktueller Film gibt uns Hoffnung f\u00fcr die Zukunft.<\/span><\/p>\n<p><span style=\"color: #000000;\">Der Preis wurde an eine Vertreterin des Illuseum Berlin im Namen von Savvas Stavrou verliehen.<\/span><\/div>\n<\/div>\n<\/div>\n<p>[\/vc_column_text][\/vc_column][\/vc_row][vc_row][vc_column][vc_empty_space height=&#8220;50px&#8220;][\/vc_column][\/vc_row][vc_row][vc_column]<div class=\"edgtf-single-image-holder  edgtf-has-shadow edgtf-image-behavior-lightbox\">\n    <div class=\"edgtf-si-inner\" >\n                    <a itemprop=\"image\" href=\"https:\/\/thegreekfilmfestivalinberlin.com\/wp-content\/uploads\/2024\/03\/JDPD5603-special-mention-short-awards-armchair-mary_colonia.jpg\" data-rel=\"prettyPhoto[si_pretty_photo]\" title=\"\">\n                                    <img loading=\"lazy\" decoding=\"async\" width=\"1030\" height=\"686\" src=\"https:\/\/thegreekfilmfestivalinberlin.com\/wp-content\/uploads\/2024\/03\/JDPD5603-special-mention-short-awards-armchair-mary_colonia-1030x686.jpg\" class=\"attachment-large size-large\" alt=\"\" srcset=\"https:\/\/thegreekfilmfestivalinberlin.com\/wp-content\/uploads\/2024\/03\/JDPD5603-special-mention-short-awards-armchair-mary_colonia-1030x686.jpg 1030w, https:\/\/thegreekfilmfestivalinberlin.com\/wp-content\/uploads\/2024\/03\/JDPD5603-special-mention-short-awards-armchair-mary_colonia-300x200.jpg 300w, https:\/\/thegreekfilmfestivalinberlin.com\/wp-content\/uploads\/2024\/03\/JDPD5603-special-mention-short-awards-armchair-mary_colonia-768x512.jpg 768w, https:\/\/thegreekfilmfestivalinberlin.com\/wp-content\/uploads\/2024\/03\/JDPD5603-special-mention-short-awards-armchair-mary_colonia-1536x1024.jpg 1536w\" sizes=\"auto, (max-width: 1030px) 100vw, 1030px\" \/>                                <\/a>\n            <\/div>\n<\/div>[\/vc_column][\/vc_row][vc_row][vc_column][vc_column_text]<\/p>\n<div class=\"flex_column av_two_third first avia-builder-el-4 el_after_av_two_third el_before_av_two_third column-top-margin\">\n<div class=\"av-special-heading av-special-heading-h3 avia-builder-el-5 avia-builder-el-no-sibling \">\n<div class=\"special-heading-border\">\n<p><span style=\"color: #000000;\">Eine besondere Erw\u00e4hnung wurde an <strong><em>The Armchair on the Pavement<\/em><\/strong> von Mary Kolonia unter der folgenden Begr\u00fcndung verliehen: \u201cDer Film zeigt Formen des reinen menschlichen Kontakts, in denen die unendliche Liebe, Empathie und Mitgef\u00fchl im Laufe der Zeit nicht verblassen. Dies wird durch emotionale Darstellungen und Regiearbeit hervorgehoben, die sich auf Ton und Bild konzentrieren\u201d.<\/span><\/p>\n<p><span style=\"color: #000000;\">Die besondere Erw\u00e4hnung wurde an Mary Kolonia, die Regisseurin des Filmes, verliehen.<\/span><\/div>\n<\/div>\n<\/div>\n<p>[\/vc_column_text][\/vc_column][\/vc_row]<\/p>\n","protected":false},"excerpt":{"rendered":"<p>[vc_row][vc_column][\/vc_column][\/vc_row][vc_row][vc_column][vc_column_text] Emerging Greeks Award 2024 Der Emerging Greeks Award 2024 ging an Animal von Sofia Exarchou.\u00a0 Der gewinnende Film des diesj\u00e4hrigen Preises Emerging Greeks Award, der mit 1.000 Euro dotiert ist und vom Griechischen Filmzentrum gesponsert wird, war Animal von [&hellip;]<\/p>\n","protected":false},"author":1,"featured_media":33263,"parent":0,"menu_order":0,"comment_status":"closed","ping_status":"closed","template":"","meta":{"footnotes":""},"class_list":["post-33672","page","type-page","status-publish","has-post-thumbnail","hentry"],"yoast_head":"<!-- This site is optimized with the Yoast SEO plugin v27.3 - https:\/\/yoast.com\/product\/yoast-seo-wordpress\/ -->\n<title>Preise 2024 &#8211; The Greek Film Festival in Berlin<\/title>\n<meta name=\"robots\" content=\"index, follow, max-snippet:-1, max-image-preview:large, max-video-preview:-1\" \/>\n<link rel=\"canonical\" href=\"https:\/\/thegreekfilmfestivalinberlin.com\/de\/preise-2024\/\" \/>\n<meta property=\"og:locale\" content=\"de_DE\" \/>\n<meta property=\"og:type\" content=\"article\" \/>\n<meta property=\"og:title\" content=\"Preise 2024 &#8211; The Greek Film Festival in Berlin\" \/>\n<meta property=\"og:description\" content=\"[vc_row][vc_column][\/vc_column][\/vc_row][vc_row][vc_column][vc_column_text] Emerging Greeks Award 2024 Der Emerging Greeks Award 2024 ging an Animal von Sofia Exarchou.\u00a0 Der gewinnende Film des diesj\u00e4hrigen Preises Emerging Greeks Award, der mit 1.000 Euro dotiert ist und vom Griechischen Filmzentrum gesponsert wird, war Animal von [&hellip;]\" \/>\n<meta property=\"og:url\" content=\"https:\/\/thegreekfilmfestivalinberlin.com\/de\/preise-2024\/\" \/>\n<meta property=\"og:site_name\" content=\"The Greek Film Festival in Berlin\" \/>\n<meta property=\"article:modified_time\" content=\"2024-03-25T10:33:26+00:00\" \/>\n<meta property=\"og:image\" content=\"https:\/\/thegreekfilmfestivalinberlin.com\/wp-content\/uploads\/2024\/01\/Poster_24_IG_Post.jpg\" \/>\n\t<meta property=\"og:image:width\" content=\"2048\" \/>\n\t<meta property=\"og:image:height\" content=\"2048\" \/>\n\t<meta property=\"og:image:type\" content=\"image\/jpeg\" \/>\n<meta name=\"twitter:card\" content=\"summary_large_image\" \/>\n<meta name=\"twitter:label1\" content=\"Gesch\u00e4tzte Lesezeit\" \/>\n\t<meta name=\"twitter:data1\" content=\"3\u00a0Minuten\" \/>\n<script type=\"application\/ld+json\" class=\"yoast-schema-graph\">{\"@context\":\"https:\\\/\\\/schema.org\",\"@graph\":[{\"@type\":\"WebPage\",\"@id\":\"https:\\\/\\\/thegreekfilmfestivalinberlin.com\\\/de\\\/preise-2024\\\/\",\"url\":\"https:\\\/\\\/thegreekfilmfestivalinberlin.com\\\/de\\\/preise-2024\\\/\",\"name\":\"Preise 2024 &#8211; The Greek Film Festival in Berlin\",\"isPartOf\":{\"@id\":\"https:\\\/\\\/thegreekfilmfestivalinberlin.com\\\/de\\\/#website\"},\"primaryImageOfPage\":{\"@id\":\"https:\\\/\\\/thegreekfilmfestivalinberlin.com\\\/de\\\/preise-2024\\\/#primaryimage\"},\"image\":{\"@id\":\"https:\\\/\\\/thegreekfilmfestivalinberlin.com\\\/de\\\/preise-2024\\\/#primaryimage\"},\"thumbnailUrl\":\"https:\\\/\\\/thegreekfilmfestivalinberlin.com\\\/wp-content\\\/uploads\\\/2024\\\/01\\\/Poster_24_IG_Post.jpg\",\"datePublished\":\"2024-03-25T00:58:35+00:00\",\"dateModified\":\"2024-03-25T10:33:26+00:00\",\"breadcrumb\":{\"@id\":\"https:\\\/\\\/thegreekfilmfestivalinberlin.com\\\/de\\\/preise-2024\\\/#breadcrumb\"},\"inLanguage\":\"de\",\"potentialAction\":[{\"@type\":\"ReadAction\",\"target\":[\"https:\\\/\\\/thegreekfilmfestivalinberlin.com\\\/de\\\/preise-2024\\\/\"]}]},{\"@type\":\"ImageObject\",\"inLanguage\":\"de\",\"@id\":\"https:\\\/\\\/thegreekfilmfestivalinberlin.com\\\/de\\\/preise-2024\\\/#primaryimage\",\"url\":\"https:\\\/\\\/thegreekfilmfestivalinberlin.com\\\/wp-content\\\/uploads\\\/2024\\\/01\\\/Poster_24_IG_Post.jpg\",\"contentUrl\":\"https:\\\/\\\/thegreekfilmfestivalinberlin.com\\\/wp-content\\\/uploads\\\/2024\\\/01\\\/Poster_24_IG_Post.jpg\",\"width\":2048,\"height\":2048},{\"@type\":\"BreadcrumbList\",\"@id\":\"https:\\\/\\\/thegreekfilmfestivalinberlin.com\\\/de\\\/preise-2024\\\/#breadcrumb\",\"itemListElement\":[{\"@type\":\"ListItem\",\"position\":1,\"name\":\"Home\",\"item\":\"https:\\\/\\\/thegreekfilmfestivalinberlin.com\\\/de\\\/\"},{\"@type\":\"ListItem\",\"position\":2,\"name\":\"Preise 2024\"}]},{\"@type\":\"WebSite\",\"@id\":\"https:\\\/\\\/thegreekfilmfestivalinberlin.com\\\/de\\\/#website\",\"url\":\"https:\\\/\\\/thegreekfilmfestivalinberlin.com\\\/de\\\/\",\"name\":\"The Greek Film Festival in Berlin\",\"description\":\"\",\"publisher\":{\"@id\":\"https:\\\/\\\/thegreekfilmfestivalinberlin.com\\\/de\\\/#organization\"},\"potentialAction\":[{\"@type\":\"SearchAction\",\"target\":{\"@type\":\"EntryPoint\",\"urlTemplate\":\"https:\\\/\\\/thegreekfilmfestivalinberlin.com\\\/de\\\/?s={search_term_string}\"},\"query-input\":{\"@type\":\"PropertyValueSpecification\",\"valueRequired\":true,\"valueName\":\"search_term_string\"}}],\"inLanguage\":\"de\"},{\"@type\":\"Organization\",\"@id\":\"https:\\\/\\\/thegreekfilmfestivalinberlin.com\\\/de\\\/#organization\",\"name\":\"The Greek Film Festival in Berlin\",\"url\":\"https:\\\/\\\/thegreekfilmfestivalinberlin.com\\\/de\\\/\",\"logo\":{\"@type\":\"ImageObject\",\"inLanguage\":\"de\",\"@id\":\"https:\\\/\\\/thegreekfilmfestivalinberlin.com\\\/de\\\/#\\\/schema\\\/logo\\\/image\\\/\",\"url\":\"https:\\\/\\\/thegreekfilmfestivalinberlin.com\\\/wp-content\\\/uploads\\\/2020\\\/06\\\/peppermint_film_FINAL_White-03ohne-schrift.png\",\"contentUrl\":\"https:\\\/\\\/thegreekfilmfestivalinberlin.com\\\/wp-content\\\/uploads\\\/2020\\\/06\\\/peppermint_film_FINAL_White-03ohne-schrift.png\",\"width\":1819,\"height\":1212,\"caption\":\"The Greek Film Festival in Berlin\"},\"image\":{\"@id\":\"https:\\\/\\\/thegreekfilmfestivalinberlin.com\\\/de\\\/#\\\/schema\\\/logo\\\/image\\\/\"}}]}<\/script>\n<!-- \/ Yoast SEO plugin. -->","yoast_head_json":{"title":"Preise 2024 &#8211; The Greek Film Festival in Berlin","robots":{"index":"index","follow":"follow","max-snippet":"max-snippet:-1","max-image-preview":"max-image-preview:large","max-video-preview":"max-video-preview:-1"},"canonical":"https:\/\/thegreekfilmfestivalinberlin.com\/de\/preise-2024\/","og_locale":"de_DE","og_type":"article","og_title":"Preise 2024 &#8211; The Greek Film Festival in Berlin","og_description":"[vc_row][vc_column][\/vc_column][\/vc_row][vc_row][vc_column][vc_column_text] Emerging Greeks Award 2024 Der Emerging Greeks Award 2024 ging an Animal von Sofia Exarchou.\u00a0 Der gewinnende Film des diesj\u00e4hrigen Preises Emerging Greeks Award, der mit 1.000 Euro dotiert ist und vom Griechischen Filmzentrum gesponsert wird, war Animal von [&hellip;]","og_url":"https:\/\/thegreekfilmfestivalinberlin.com\/de\/preise-2024\/","og_site_name":"The Greek Film Festival in Berlin","article_modified_time":"2024-03-25T10:33:26+00:00","og_image":[{"width":2048,"height":2048,"url":"https:\/\/thegreekfilmfestivalinberlin.com\/wp-content\/uploads\/2024\/01\/Poster_24_IG_Post.jpg","type":"image\/jpeg"}],"twitter_card":"summary_large_image","twitter_misc":{"Gesch\u00e4tzte Lesezeit":"3\u00a0Minuten"},"schema":{"@context":"https:\/\/schema.org","@graph":[{"@type":"WebPage","@id":"https:\/\/thegreekfilmfestivalinberlin.com\/de\/preise-2024\/","url":"https:\/\/thegreekfilmfestivalinberlin.com\/de\/preise-2024\/","name":"Preise 2024 &#8211; The Greek Film Festival in Berlin","isPartOf":{"@id":"https:\/\/thegreekfilmfestivalinberlin.com\/de\/#website"},"primaryImageOfPage":{"@id":"https:\/\/thegreekfilmfestivalinberlin.com\/de\/preise-2024\/#primaryimage"},"image":{"@id":"https:\/\/thegreekfilmfestivalinberlin.com\/de\/preise-2024\/#primaryimage"},"thumbnailUrl":"https:\/\/thegreekfilmfestivalinberlin.com\/wp-content\/uploads\/2024\/01\/Poster_24_IG_Post.jpg","datePublished":"2024-03-25T00:58:35+00:00","dateModified":"2024-03-25T10:33:26+00:00","breadcrumb":{"@id":"https:\/\/thegreekfilmfestivalinberlin.com\/de\/preise-2024\/#breadcrumb"},"inLanguage":"de","potentialAction":[{"@type":"ReadAction","target":["https:\/\/thegreekfilmfestivalinberlin.com\/de\/preise-2024\/"]}]},{"@type":"ImageObject","inLanguage":"de","@id":"https:\/\/thegreekfilmfestivalinberlin.com\/de\/preise-2024\/#primaryimage","url":"https:\/\/thegreekfilmfestivalinberlin.com\/wp-content\/uploads\/2024\/01\/Poster_24_IG_Post.jpg","contentUrl":"https:\/\/thegreekfilmfestivalinberlin.com\/wp-content\/uploads\/2024\/01\/Poster_24_IG_Post.jpg","width":2048,"height":2048},{"@type":"BreadcrumbList","@id":"https:\/\/thegreekfilmfestivalinberlin.com\/de\/preise-2024\/#breadcrumb","itemListElement":[{"@type":"ListItem","position":1,"name":"Home","item":"https:\/\/thegreekfilmfestivalinberlin.com\/de\/"},{"@type":"ListItem","position":2,"name":"Preise 2024"}]},{"@type":"WebSite","@id":"https:\/\/thegreekfilmfestivalinberlin.com\/de\/#website","url":"https:\/\/thegreekfilmfestivalinberlin.com\/de\/","name":"The Greek Film Festival in Berlin","description":"","publisher":{"@id":"https:\/\/thegreekfilmfestivalinberlin.com\/de\/#organization"},"potentialAction":[{"@type":"SearchAction","target":{"@type":"EntryPoint","urlTemplate":"https:\/\/thegreekfilmfestivalinberlin.com\/de\/?s={search_term_string}"},"query-input":{"@type":"PropertyValueSpecification","valueRequired":true,"valueName":"search_term_string"}}],"inLanguage":"de"},{"@type":"Organization","@id":"https:\/\/thegreekfilmfestivalinberlin.com\/de\/#organization","name":"The Greek Film Festival in Berlin","url":"https:\/\/thegreekfilmfestivalinberlin.com\/de\/","logo":{"@type":"ImageObject","inLanguage":"de","@id":"https:\/\/thegreekfilmfestivalinberlin.com\/de\/#\/schema\/logo\/image\/","url":"https:\/\/thegreekfilmfestivalinberlin.com\/wp-content\/uploads\/2020\/06\/peppermint_film_FINAL_White-03ohne-schrift.png","contentUrl":"https:\/\/thegreekfilmfestivalinberlin.com\/wp-content\/uploads\/2020\/06\/peppermint_film_FINAL_White-03ohne-schrift.png","width":1819,"height":1212,"caption":"The Greek Film Festival in Berlin"},"image":{"@id":"https:\/\/thegreekfilmfestivalinberlin.com\/de\/#\/schema\/logo\/image\/"}}]}},"_links":{"self":[{"href":"https:\/\/thegreekfilmfestivalinberlin.com\/de\/wp-json\/wp\/v2\/pages\/33672","targetHints":{"allow":["GET"]}}],"collection":[{"href":"https:\/\/thegreekfilmfestivalinberlin.com\/de\/wp-json\/wp\/v2\/pages"}],"about":[{"href":"https:\/\/thegreekfilmfestivalinberlin.com\/de\/wp-json\/wp\/v2\/types\/page"}],"author":[{"embeddable":true,"href":"https:\/\/thegreekfilmfestivalinberlin.com\/de\/wp-json\/wp\/v2\/users\/1"}],"replies":[{"embeddable":true,"href":"https:\/\/thegreekfilmfestivalinberlin.com\/de\/wp-json\/wp\/v2\/comments?post=33672"}],"version-history":[{"count":6,"href":"https:\/\/thegreekfilmfestivalinberlin.com\/de\/wp-json\/wp\/v2\/pages\/33672\/revisions"}],"predecessor-version":[{"id":33707,"href":"https:\/\/thegreekfilmfestivalinberlin.com\/de\/wp-json\/wp\/v2\/pages\/33672\/revisions\/33707"}],"wp:featuredmedia":[{"embeddable":true,"href":"https:\/\/thegreekfilmfestivalinberlin.com\/de\/wp-json\/wp\/v2\/media\/33263"}],"wp:attachment":[{"href":"https:\/\/thegreekfilmfestivalinberlin.com\/de\/wp-json\/wp\/v2\/media?parent=33672"}],"curies":[{"name":"wp","href":"https:\/\/api.w.org\/{rel}","templated":true}]}}