{"id":32924,"date":"2024-01-09T18:20:24","date_gmt":"2024-01-09T17:20:24","guid":{"rendered":"https:\/\/thegreekfilmfestivalinberlin.com\/?page_id=32924"},"modified":"2024-01-16T12:06:36","modified_gmt":"2024-01-16T11:06:36","slug":"poster-2024","status":"publish","type":"page","link":"https:\/\/thegreekfilmfestivalinberlin.com\/de\/poster-2024\/","title":{"rendered":"Poster 2024"},"content":{"rendered":"<p>[vc_row][vc_column][vc_single_image image=&#8220;33001&#8243; img_size=&#8220;large&#8220;][vc_column_text]<\/p>\n<h6><span style=\"color: #000000;\"><strong>Visuelle Identit\u00e4t 2024<\/strong><\/span><\/h6>\n<p>&nbsp;<\/p>\n<p><span style=\"color: #000000;\">Das Griechische Filmfestival in Berlin stellt das neue Key Visual vor, das seine kommende 9.<br \/>\nAusgabe kennzeichnen wird, die vom 20. bis zum 24. M\u00e4rz 2024 im historischen Kino<br \/>\nBabylon stattfinden wird.<\/span><\/p>\n<p>&nbsp;<\/p>\n<p><span style=\"color: #000000;\">Im Mittelpunkt des Key Visuals steht ein wachsames, beobachtendes Auge. Darauf tanzen<br \/>\nzwei rote Gesch\u00f6pfe unbekannter Herkunft in Krawatten, deren Gesicht eine Kamera mit<br \/>\neiner gro\u00dfen Linse ist. Aus dem Auge flie\u00dft eine rote Tr\u00e4ne mit Kraft und Entschlossenheit,<br \/>\ndie mit dem diesj\u00e4hrigen Motto endet: <em>We choose the bloody BIG screen<\/em>.<\/span><\/p>\n<p>&nbsp;<\/p>\n<p><span style=\"color: #000000;\">Das Motto hat sich als Konzept herauskristallisiert und begleitet die visuelle Identit\u00e4t. Sie<br \/>\nstehen f\u00fcr das diesj\u00e4hrige Festival-Highlight, das sich um Horrorfilme, blutigen Horror<br \/>\nbezieht \u2013 ein Genre mit vielen Fans \u2013 und eine Auswahl enth\u00e4lt, die an Kult grenzt.<\/span><\/p>\n<p>&nbsp;<\/p>\n<p><span style=\"color: #000000;\"><em>&#8222;We choose the bloody BIG screen \u2013 wir entscheiden uns stets f\u00fcr die gro\u00dfe Leinwand. Sie<br \/>\nrepr\u00e4sentiert ein Vergn\u00fcgen, eine inklusive Unterhaltung, die alle verbindet. Diese einzigartige<br \/>\nErfahrung teilen wir mit unseren Mitzuschauern. Mit Dynamik und Entschlossenheit setzen wir auf<br \/>\ndas Kino \u2013 eine langj\u00e4hrige Position des Festivals. Wir freuen uns darauf, alle Freunde des Festivals<br \/>\nin den S\u00e4len von Babylon zu begr\u00fc\u00dfen&#8220;<\/em>, so die Organisatoren.<\/span><\/p>\n<p>&nbsp;<\/p>\n<p><span style=\"color: #000000;\">Das Key Visual wurde als Konzept vom Festivalteam entwickelt und vom Visual Designer <strong>Konstantinos Kamperis<\/strong> kreiert.<\/span><\/p>\n<p>&nbsp;<\/p>\n<p><span style=\"color: #000000;\">Das vollst\u00e4ndige Film- und Veranstaltungsprogramm des Festivals wird Ende Januar bekanntgegeben.<\/span><\/p>\n<p>&nbsp;<\/p>\n<p><em><span style=\"color: #000000;\">Kommunikations- &amp; Presse-B\u00fcro<\/span><\/em><br \/>\n<span style=\"color: #0000ff;\"><a style=\"color: #0000ff;\" href=\"https:\/\/thegreekfilmfestivalinberlin.com\/de\/\" target=\"_blank\" rel=\"noopener\"><span style=\"color: #0000ff;\">thegreekfilmfestivalinberlin.com<\/span><\/a><\/span><\/p>\n<p>&nbsp;<\/p>\n<p><a href=\"https:\/\/www.facebook.com\/thegreekfilmfestivalinberlin\" target=\"_blank\" rel=\"noopener\"><img loading=\"lazy\" decoding=\"async\" class=\"alignnone\" src=\"https:\/\/thegreekfilmfestivalinberlin.com\/wp-content\/uploads\/2024\/01\/Facebook_Logo_2023.png\" alt=\"\" width=\"50\" height=\"50\" \/><\/a> <span style=\"color: #0000ff;\">\u00a0\u00a0\u00a0 <a style=\"color: #0000ff;\" href=\"https:\/\/www.facebook.com\/thegreekfilmfestivalinberlin\" target=\"_blank\" rel=\"noopener\">www.facebook.com\/thegreekfilmfestivalinberlin<\/a><\/span><br \/>\n<a href=\"https:\/\/www.instagram.com\/the_greek_film_festival_berlin\/\" target=\"_blank\" rel=\"noopener\"><img loading=\"lazy\" decoding=\"async\" class=\"alignnone\" src=\"https:\/\/thegreekfilmfestivalinberlin.com\/wp-content\/uploads\/2024\/01\/Instagram_logo_2022.svg_.png\" alt=\"\" width=\"50\" height=\"50\" \/><\/a> <span style=\"color: #0000ff;\">\u00a0\u00a0\u00a0 <a style=\"color: #0000ff;\" href=\"https:\/\/www.instagram.com\/the_greek_film_festival_berlin\/\" target=\"_blank\" rel=\"noopener\">www.instagram.com\/the_greek_film_festival_berlin<\/a><\/span><br \/>\n<a href=\"https:\/\/www.tiktok.com\/@greekfilmfestberlin\" target=\"_blank\" rel=\"noopener\"><img loading=\"lazy\" decoding=\"async\" class=\"alignnone\" src=\"https:\/\/thegreekfilmfestivalinberlin.com\/wp-content\/uploads\/2024\/01\/tiktok-6338430_1280.webp\" alt=\"\" width=\"50\" height=\"50\" \/><\/a><span style=\"color: #0000ff;\"> \u00a0\u00a0\u00a0 <a style=\"color: #0000ff;\" href=\"http:\/\/www.tiktok.com\/@greekfilmfestberlin\" target=\"_blank\" rel=\"noopener\">www.tiktok.com\/@greekfilmfestberlin<\/a><\/span><br \/>\n<a href=\"https:\/\/vimeo.com\/greekfilmfestivalberlin\" target=\"_blank\" rel=\"noopener\"><img loading=\"lazy\" decoding=\"async\" class=\"alignnone\" src=\"https:\/\/thegreekfilmfestivalinberlin.com\/wp-content\/uploads\/2024\/01\/Vimeo-Logo-300x300-1.png\" alt=\"\" width=\"50\" height=\"50\" \/><\/a><span style=\"color: #0000ff;\"> \u00a0\u00a0\u00a0 <a style=\"color: #0000ff;\" href=\"https:\/\/vimeo.com\/greekfilmfestivalberlin\" target=\"_blank\" rel=\"noopener\">https:\/\/vimeo.com\/greekfilmfestivalberlin<\/a><\/span><\/p>\n<p>[\/vc_column_text][\/vc_column][\/vc_row]<\/p>\n","protected":false},"excerpt":{"rendered":"<p>[vc_row][vc_column][vc_single_image image=&#8220;33001&#8243; img_size=&#8220;large&#8220;][vc_column_text] Visuelle Identit\u00e4t 2024 &nbsp; Das Griechische Filmfestival in Berlin stellt das neue Key Visual vor, das seine kommende 9. Ausgabe kennzeichnen wird, die vom 20. bis zum 24. M\u00e4rz 2024 im historischen Kino Babylon stattfinden wird. &nbsp; [&hellip;]<\/p>\n","protected":false},"author":1,"featured_media":0,"parent":0,"menu_order":0,"comment_status":"closed","ping_status":"closed","template":"","meta":{"footnotes":""},"class_list":["post-32924","page","type-page","status-publish","hentry"],"yoast_head":"<!-- This site is optimized with the Yoast SEO plugin v27.3 - https:\/\/yoast.com\/product\/yoast-seo-wordpress\/ -->\n<title>Poster 2024 &#8211; The Greek Film Festival in Berlin<\/title>\n<meta name=\"robots\" content=\"index, follow, max-snippet:-1, max-image-preview:large, max-video-preview:-1\" \/>\n<link rel=\"canonical\" href=\"https:\/\/thegreekfilmfestivalinberlin.com\/de\/poster-2024\/\" \/>\n<meta property=\"og:locale\" content=\"de_DE\" \/>\n<meta property=\"og:type\" content=\"article\" \/>\n<meta property=\"og:title\" content=\"Poster 2024 &#8211; The Greek Film Festival in Berlin\" \/>\n<meta property=\"og:description\" content=\"[vc_row][vc_column][vc_single_image image=&#8220;33001&#8243; img_size=&#8220;large&#8220;][vc_column_text] Visuelle Identit\u00e4t 2024 &nbsp; Das Griechische Filmfestival in Berlin stellt das neue Key Visual vor, das seine kommende 9. Ausgabe kennzeichnen wird, die vom 20. bis zum 24. M\u00e4rz 2024 im historischen Kino Babylon stattfinden wird. &nbsp; [&hellip;]\" \/>\n<meta property=\"og:url\" content=\"https:\/\/thegreekfilmfestivalinberlin.com\/de\/poster-2024\/\" \/>\n<meta property=\"og:site_name\" content=\"The Greek Film Festival in Berlin\" \/>\n<meta property=\"article:modified_time\" content=\"2024-01-16T11:06:36+00:00\" \/>\n<meta property=\"og:image\" content=\"https:\/\/thegreekfilmfestivalinberlin.com\/wp-content\/uploads\/2024\/01\/Facebook_Logo_2023.png\" \/>\n<meta name=\"twitter:card\" content=\"summary_large_image\" \/>\n<meta name=\"twitter:label1\" content=\"Gesch\u00e4tzte Lesezeit\" \/>\n\t<meta name=\"twitter:data1\" content=\"2\u00a0Minuten\" \/>\n<script type=\"application\/ld+json\" class=\"yoast-schema-graph\">{\"@context\":\"https:\\\/\\\/schema.org\",\"@graph\":[{\"@type\":\"WebPage\",\"@id\":\"https:\\\/\\\/thegreekfilmfestivalinberlin.com\\\/de\\\/poster-2024\\\/\",\"url\":\"https:\\\/\\\/thegreekfilmfestivalinberlin.com\\\/de\\\/poster-2024\\\/\",\"name\":\"Poster 2024 &#8211; The Greek Film Festival in Berlin\",\"isPartOf\":{\"@id\":\"https:\\\/\\\/thegreekfilmfestivalinberlin.com\\\/de\\\/#website\"},\"primaryImageOfPage\":{\"@id\":\"https:\\\/\\\/thegreekfilmfestivalinberlin.com\\\/de\\\/poster-2024\\\/#primaryimage\"},\"image\":{\"@id\":\"https:\\\/\\\/thegreekfilmfestivalinberlin.com\\\/de\\\/poster-2024\\\/#primaryimage\"},\"thumbnailUrl\":\"https:\\\/\\\/thegreekfilmfestivalinberlin.com\\\/wp-content\\\/uploads\\\/2024\\\/01\\\/Facebook_Logo_2023.png\",\"datePublished\":\"2024-01-09T17:20:24+00:00\",\"dateModified\":\"2024-01-16T11:06:36+00:00\",\"breadcrumb\":{\"@id\":\"https:\\\/\\\/thegreekfilmfestivalinberlin.com\\\/de\\\/poster-2024\\\/#breadcrumb\"},\"inLanguage\":\"de\",\"potentialAction\":[{\"@type\":\"ReadAction\",\"target\":[\"https:\\\/\\\/thegreekfilmfestivalinberlin.com\\\/de\\\/poster-2024\\\/\"]}]},{\"@type\":\"ImageObject\",\"inLanguage\":\"de\",\"@id\":\"https:\\\/\\\/thegreekfilmfestivalinberlin.com\\\/de\\\/poster-2024\\\/#primaryimage\",\"url\":\"https:\\\/\\\/thegreekfilmfestivalinberlin.com\\\/wp-content\\\/uploads\\\/2024\\\/01\\\/Facebook_Logo_2023.png\",\"contentUrl\":\"https:\\\/\\\/thegreekfilmfestivalinberlin.com\\\/wp-content\\\/uploads\\\/2024\\\/01\\\/Facebook_Logo_2023.png\"},{\"@type\":\"BreadcrumbList\",\"@id\":\"https:\\\/\\\/thegreekfilmfestivalinberlin.com\\\/de\\\/poster-2024\\\/#breadcrumb\",\"itemListElement\":[{\"@type\":\"ListItem\",\"position\":1,\"name\":\"Home\",\"item\":\"https:\\\/\\\/thegreekfilmfestivalinberlin.com\\\/de\\\/\"},{\"@type\":\"ListItem\",\"position\":2,\"name\":\"Poster 2024\"}]},{\"@type\":\"WebSite\",\"@id\":\"https:\\\/\\\/thegreekfilmfestivalinberlin.com\\\/de\\\/#website\",\"url\":\"https:\\\/\\\/thegreekfilmfestivalinberlin.com\\\/de\\\/\",\"name\":\"The Greek Film Festival in Berlin\",\"description\":\"\",\"publisher\":{\"@id\":\"https:\\\/\\\/thegreekfilmfestivalinberlin.com\\\/de\\\/#organization\"},\"potentialAction\":[{\"@type\":\"SearchAction\",\"target\":{\"@type\":\"EntryPoint\",\"urlTemplate\":\"https:\\\/\\\/thegreekfilmfestivalinberlin.com\\\/de\\\/?s={search_term_string}\"},\"query-input\":{\"@type\":\"PropertyValueSpecification\",\"valueRequired\":true,\"valueName\":\"search_term_string\"}}],\"inLanguage\":\"de\"},{\"@type\":\"Organization\",\"@id\":\"https:\\\/\\\/thegreekfilmfestivalinberlin.com\\\/de\\\/#organization\",\"name\":\"The Greek Film Festival in Berlin\",\"url\":\"https:\\\/\\\/thegreekfilmfestivalinberlin.com\\\/de\\\/\",\"logo\":{\"@type\":\"ImageObject\",\"inLanguage\":\"de\",\"@id\":\"https:\\\/\\\/thegreekfilmfestivalinberlin.com\\\/de\\\/#\\\/schema\\\/logo\\\/image\\\/\",\"url\":\"https:\\\/\\\/thegreekfilmfestivalinberlin.com\\\/wp-content\\\/uploads\\\/2020\\\/06\\\/peppermint_film_FINAL_White-03ohne-schrift.png\",\"contentUrl\":\"https:\\\/\\\/thegreekfilmfestivalinberlin.com\\\/wp-content\\\/uploads\\\/2020\\\/06\\\/peppermint_film_FINAL_White-03ohne-schrift.png\",\"width\":1819,\"height\":1212,\"caption\":\"The Greek Film Festival in Berlin\"},\"image\":{\"@id\":\"https:\\\/\\\/thegreekfilmfestivalinberlin.com\\\/de\\\/#\\\/schema\\\/logo\\\/image\\\/\"}}]}<\/script>\n<!-- \/ Yoast SEO plugin. -->","yoast_head_json":{"title":"Poster 2024 &#8211; The Greek Film Festival in Berlin","robots":{"index":"index","follow":"follow","max-snippet":"max-snippet:-1","max-image-preview":"max-image-preview:large","max-video-preview":"max-video-preview:-1"},"canonical":"https:\/\/thegreekfilmfestivalinberlin.com\/de\/poster-2024\/","og_locale":"de_DE","og_type":"article","og_title":"Poster 2024 &#8211; The Greek Film Festival in Berlin","og_description":"[vc_row][vc_column][vc_single_image image=&#8220;33001&#8243; img_size=&#8220;large&#8220;][vc_column_text] Visuelle Identit\u00e4t 2024 &nbsp; Das Griechische Filmfestival in Berlin stellt das neue Key Visual vor, das seine kommende 9. Ausgabe kennzeichnen wird, die vom 20. bis zum 24. M\u00e4rz 2024 im historischen Kino Babylon stattfinden wird. &nbsp; [&hellip;]","og_url":"https:\/\/thegreekfilmfestivalinberlin.com\/de\/poster-2024\/","og_site_name":"The Greek Film Festival in Berlin","article_modified_time":"2024-01-16T11:06:36+00:00","og_image":[{"url":"https:\/\/thegreekfilmfestivalinberlin.com\/wp-content\/uploads\/2024\/01\/Facebook_Logo_2023.png","type":"","width":"","height":""}],"twitter_card":"summary_large_image","twitter_misc":{"Gesch\u00e4tzte Lesezeit":"2\u00a0Minuten"},"schema":{"@context":"https:\/\/schema.org","@graph":[{"@type":"WebPage","@id":"https:\/\/thegreekfilmfestivalinberlin.com\/de\/poster-2024\/","url":"https:\/\/thegreekfilmfestivalinberlin.com\/de\/poster-2024\/","name":"Poster 2024 &#8211; The Greek Film Festival in Berlin","isPartOf":{"@id":"https:\/\/thegreekfilmfestivalinberlin.com\/de\/#website"},"primaryImageOfPage":{"@id":"https:\/\/thegreekfilmfestivalinberlin.com\/de\/poster-2024\/#primaryimage"},"image":{"@id":"https:\/\/thegreekfilmfestivalinberlin.com\/de\/poster-2024\/#primaryimage"},"thumbnailUrl":"https:\/\/thegreekfilmfestivalinberlin.com\/wp-content\/uploads\/2024\/01\/Facebook_Logo_2023.png","datePublished":"2024-01-09T17:20:24+00:00","dateModified":"2024-01-16T11:06:36+00:00","breadcrumb":{"@id":"https:\/\/thegreekfilmfestivalinberlin.com\/de\/poster-2024\/#breadcrumb"},"inLanguage":"de","potentialAction":[{"@type":"ReadAction","target":["https:\/\/thegreekfilmfestivalinberlin.com\/de\/poster-2024\/"]}]},{"@type":"ImageObject","inLanguage":"de","@id":"https:\/\/thegreekfilmfestivalinberlin.com\/de\/poster-2024\/#primaryimage","url":"https:\/\/thegreekfilmfestivalinberlin.com\/wp-content\/uploads\/2024\/01\/Facebook_Logo_2023.png","contentUrl":"https:\/\/thegreekfilmfestivalinberlin.com\/wp-content\/uploads\/2024\/01\/Facebook_Logo_2023.png"},{"@type":"BreadcrumbList","@id":"https:\/\/thegreekfilmfestivalinberlin.com\/de\/poster-2024\/#breadcrumb","itemListElement":[{"@type":"ListItem","position":1,"name":"Home","item":"https:\/\/thegreekfilmfestivalinberlin.com\/de\/"},{"@type":"ListItem","position":2,"name":"Poster 2024"}]},{"@type":"WebSite","@id":"https:\/\/thegreekfilmfestivalinberlin.com\/de\/#website","url":"https:\/\/thegreekfilmfestivalinberlin.com\/de\/","name":"The Greek Film Festival in Berlin","description":"","publisher":{"@id":"https:\/\/thegreekfilmfestivalinberlin.com\/de\/#organization"},"potentialAction":[{"@type":"SearchAction","target":{"@type":"EntryPoint","urlTemplate":"https:\/\/thegreekfilmfestivalinberlin.com\/de\/?s={search_term_string}"},"query-input":{"@type":"PropertyValueSpecification","valueRequired":true,"valueName":"search_term_string"}}],"inLanguage":"de"},{"@type":"Organization","@id":"https:\/\/thegreekfilmfestivalinberlin.com\/de\/#organization","name":"The Greek Film Festival in Berlin","url":"https:\/\/thegreekfilmfestivalinberlin.com\/de\/","logo":{"@type":"ImageObject","inLanguage":"de","@id":"https:\/\/thegreekfilmfestivalinberlin.com\/de\/#\/schema\/logo\/image\/","url":"https:\/\/thegreekfilmfestivalinberlin.com\/wp-content\/uploads\/2020\/06\/peppermint_film_FINAL_White-03ohne-schrift.png","contentUrl":"https:\/\/thegreekfilmfestivalinberlin.com\/wp-content\/uploads\/2020\/06\/peppermint_film_FINAL_White-03ohne-schrift.png","width":1819,"height":1212,"caption":"The Greek Film Festival in Berlin"},"image":{"@id":"https:\/\/thegreekfilmfestivalinberlin.com\/de\/#\/schema\/logo\/image\/"}}]}},"_links":{"self":[{"href":"https:\/\/thegreekfilmfestivalinberlin.com\/de\/wp-json\/wp\/v2\/pages\/32924","targetHints":{"allow":["GET"]}}],"collection":[{"href":"https:\/\/thegreekfilmfestivalinberlin.com\/de\/wp-json\/wp\/v2\/pages"}],"about":[{"href":"https:\/\/thegreekfilmfestivalinberlin.com\/de\/wp-json\/wp\/v2\/types\/page"}],"author":[{"embeddable":true,"href":"https:\/\/thegreekfilmfestivalinberlin.com\/de\/wp-json\/wp\/v2\/users\/1"}],"replies":[{"embeddable":true,"href":"https:\/\/thegreekfilmfestivalinberlin.com\/de\/wp-json\/wp\/v2\/comments?post=32924"}],"version-history":[{"count":6,"href":"https:\/\/thegreekfilmfestivalinberlin.com\/de\/wp-json\/wp\/v2\/pages\/32924\/revisions"}],"predecessor-version":[{"id":33057,"href":"https:\/\/thegreekfilmfestivalinberlin.com\/de\/wp-json\/wp\/v2\/pages\/32924\/revisions\/33057"}],"wp:attachment":[{"href":"https:\/\/thegreekfilmfestivalinberlin.com\/de\/wp-json\/wp\/v2\/media?parent=32924"}],"curies":[{"name":"wp","href":"https:\/\/api.w.org\/{rel}","templated":true}]}}