{"id":32349,"date":"2023-05-20T16:13:50","date_gmt":"2023-05-20T14:13:50","guid":{"rendered":"https:\/\/thegreekfilmfestivalinberlin.com\/koeln-23\/"},"modified":"2023-09-25T20:37:03","modified_gmt":"2023-09-25T18:37:03","slug":"koeln-23","status":"publish","type":"page","link":"https:\/\/thegreekfilmfestivalinberlin.com\/de\/koeln-23\/","title":{"rendered":"K\u00f6ln &#8217;23"},"content":{"rendered":"<p>[vc_row css=&#8220;.vc_custom_1593848162124{margin-top: -300px !important;}&#8220; parallax_background_image=&#8220;1167&#8243; parallax_bg_speed=&#8220;0.3&#8243;][vc_column][vc_empty_space][vc_empty_space][vc_empty_space][vc_empty_space][vc_row_inner row_content_width=&#8220;grid&#8220;][vc_column_inner][vc_column_text]<\/p>\n<p>&nbsp;<\/p>\n<p>&nbsp;<\/p>\n<p>&nbsp;<\/p>\n<p>&nbsp;<\/p>\n<p><span style=\"color: #000000;\">Das Griechische Filmfestival in Berlin freut sich, seine Koffer zu packen und zum ersten Mal f\u00fcr zwei Tage nach K\u00f6ln zu reisen! Das Greek Film Festival GOES K\u00d6LN: am 23. und 24. September im Filmhaus K\u00f6ln mit einer Auswahl von sechs Filmen aus dem Programm der 8. Ausgabe in Berlin im vergangenen M\u00e4rz.<\/span><\/p>\n<div>\n<div>\n<div><\/div>\n<div><\/div>\n<\/div>\n<\/div>\n<div>\n<div><\/div>\n<\/div>\n<p>[\/vc_column_text][vc_column_text]<span style=\"color: #000000;\">Im Programm des <strong>Greek Film Festivals goes K\u00f6ln<\/strong>:<\/span><\/p>\n<p><span style=\"color: #000000;\">WHERE WE LIVE \u2013 von Sotiris Goritsas, Samstag 23.09. um 18:00 Uhr<\/span><br \/>\n<span style=\"color: #000000;\">DODO \u2013 von Panos H. Koutras, Samstag 23.09. um 20:30 Uhr<\/span><\/p>\n<p><span style=\"color: #000000;\">MAGNETIC FIELDS \u2013 von Giorgos Gousis, Sonntag 24.09. um 16:30 Uhr<\/span><br \/>\n<span style=\"color: #000000;\">SILENCE 6-9 \u2013 von Christos Passalis, Sonntag 24.09. um 18:30 Uhr <\/span><br \/>\n<span style=\"color: #000000;\">BLACK STONE \u2013 von Spiros Jakovides, Sonntag 24.09. um 20:30 Uhr<\/span><\/p>\n<p>&nbsp;<\/p>\n<p><span style=\"color: #000000;\">Unter der Schirmherrschaft und mit der finanziellen Unterst\u00fctzung des Ministeriums f\u00fcr Kultur und Sport in Griechenland.<\/span><\/p>\n<p>&nbsp;<\/p>\n<div>\n<div>\n<div><\/div>\n<div><\/div>\n<\/div>\n<\/div>\n<div>\n<div><\/div>\n<\/div>\n<p>[\/vc_column_text][\/vc_column_inner][\/vc_row_inner][vc_empty_space height=&#8220;100px&#8220;][\/vc_column][vc_column][vc_single_image image=&#8220;32379&#8243; img_size=&#8220;large&#8220; alignment=&#8220;center&#8220;][\/vc_column][vc_column][\/vc_column][\/vc_row][vc_row][vc_column][vc_column_text]<\/p>\n<h2 style=\"text-align: center;\">Highlights<\/h2>\n<p>[\/vc_column_text][vc_empty_space height=&#8220;100px&#8220;][vc_masonry_media_grid element_width=&#8220;2&#8243; grid_id=&#8220;vc_gid:1695666923784-68dc21ab-7b9c-8&#8243; css=&#8220;.vc_custom_1695666992011{margin-left: 200px !important;}&#8220; include=&#8220;32529,32532,32601,32598,32583,32589,32592,32580,32577,32574,32571,32568,32565,32562,32541,32544,32547,32550,32553,32556,32559,32538,32535,32526&#8243;][\/vc_column][\/vc_row][vc_row][vc_column][vc_single_image image=&#8220;32425&#8243; img_size=&#8220;large&#8220; alignment=&#8220;center&#8220;][\/vc_column][\/vc_row]<\/p>\n","protected":false},"excerpt":{"rendered":"<p>[vc_row css=&#8220;.vc_custom_1593848162124{margin-top: -300px !important;}&#8220; parallax_background_image=&#8220;1167&#8243; parallax_bg_speed=&#8220;0.3&#8243;][vc_column][vc_empty_space][vc_empty_space][vc_empty_space][vc_empty_space][vc_row_inner row_content_width=&#8220;grid&#8220;][vc_column_inner][vc_column_text] &nbsp; &nbsp; &nbsp; &nbsp; Das Griechische Filmfestival in Berlin freut sich, seine Koffer zu packen und zum ersten Mal f\u00fcr zwei Tage nach K\u00f6ln zu reisen! Das Greek Film Festival GOES K\u00d6LN: am [&hellip;]<\/p>\n","protected":false},"author":1,"featured_media":0,"parent":0,"menu_order":0,"comment_status":"closed","ping_status":"closed","template":"full-width.php","meta":{"footnotes":""},"class_list":["post-32349","page","type-page","status-publish","hentry"],"yoast_head":"<!-- This site is optimized with the Yoast SEO plugin v27.3 - https:\/\/yoast.com\/product\/yoast-seo-wordpress\/ -->\n<title>K\u00f6ln &#039;23 &#8211; The Greek Film Festival in Berlin<\/title>\n<meta name=\"robots\" content=\"index, follow, max-snippet:-1, max-image-preview:large, max-video-preview:-1\" \/>\n<link rel=\"canonical\" href=\"https:\/\/thegreekfilmfestivalinberlin.com\/de\/koeln-23\/\" \/>\n<meta property=\"og:locale\" content=\"de_DE\" \/>\n<meta property=\"og:type\" content=\"article\" \/>\n<meta property=\"og:title\" content=\"K\u00f6ln &#039;23 &#8211; The Greek Film Festival in Berlin\" \/>\n<meta property=\"og:description\" content=\"[vc_row css=&#8220;.vc_custom_1593848162124{margin-top: -300px !important;}&#8220; parallax_background_image=&#8220;1167&#8243; parallax_bg_speed=&#8220;0.3&#8243;][vc_column][vc_empty_space][vc_empty_space][vc_empty_space][vc_empty_space][vc_row_inner row_content_width=&#8220;grid&#8220;][vc_column_inner][vc_column_text] &nbsp; &nbsp; &nbsp; &nbsp; Das Griechische Filmfestival in Berlin freut sich, seine Koffer zu packen und zum ersten Mal f\u00fcr zwei Tage nach K\u00f6ln zu reisen! Das Greek Film Festival GOES K\u00d6LN: am [&hellip;]\" \/>\n<meta property=\"og:url\" content=\"https:\/\/thegreekfilmfestivalinberlin.com\/de\/koeln-23\/\" \/>\n<meta property=\"og:site_name\" content=\"The Greek Film Festival in Berlin\" \/>\n<meta property=\"article:modified_time\" content=\"2023-09-25T18:37:03+00:00\" \/>\n<meta property=\"og:image\" content=\"https:\/\/thegreekfilmfestivalinberlin.com\/wp-content\/uploads\/2020\/06\/peppermint_film_FINAL_White-03ohne-schrift.png\" \/>\n\t<meta property=\"og:image:width\" content=\"1819\" \/>\n\t<meta property=\"og:image:height\" content=\"1212\" \/>\n\t<meta property=\"og:image:type\" content=\"image\/png\" \/>\n<meta name=\"twitter:card\" content=\"summary_large_image\" \/>\n<meta name=\"twitter:label1\" content=\"Gesch\u00e4tzte Lesezeit\" \/>\n\t<meta name=\"twitter:data1\" content=\"1\u00a0Minute\" \/>\n<script type=\"application\/ld+json\" class=\"yoast-schema-graph\">{\"@context\":\"https:\\\/\\\/schema.org\",\"@graph\":[{\"@type\":\"WebPage\",\"@id\":\"https:\\\/\\\/thegreekfilmfestivalinberlin.com\\\/de\\\/koeln-23\\\/\",\"url\":\"https:\\\/\\\/thegreekfilmfestivalinberlin.com\\\/de\\\/koeln-23\\\/\",\"name\":\"K\u00f6ln '23 &#8211; The Greek Film Festival in Berlin\",\"isPartOf\":{\"@id\":\"https:\\\/\\\/thegreekfilmfestivalinberlin.com\\\/de\\\/#website\"},\"datePublished\":\"2023-05-20T14:13:50+00:00\",\"dateModified\":\"2023-09-25T18:37:03+00:00\",\"breadcrumb\":{\"@id\":\"https:\\\/\\\/thegreekfilmfestivalinberlin.com\\\/de\\\/koeln-23\\\/#breadcrumb\"},\"inLanguage\":\"de\",\"potentialAction\":[{\"@type\":\"ReadAction\",\"target\":[\"https:\\\/\\\/thegreekfilmfestivalinberlin.com\\\/de\\\/koeln-23\\\/\"]}]},{\"@type\":\"BreadcrumbList\",\"@id\":\"https:\\\/\\\/thegreekfilmfestivalinberlin.com\\\/de\\\/koeln-23\\\/#breadcrumb\",\"itemListElement\":[{\"@type\":\"ListItem\",\"position\":1,\"name\":\"Home\",\"item\":\"https:\\\/\\\/thegreekfilmfestivalinberlin.com\\\/de\\\/\"},{\"@type\":\"ListItem\",\"position\":2,\"name\":\"K\u00f6ln &#8217;23\"}]},{\"@type\":\"WebSite\",\"@id\":\"https:\\\/\\\/thegreekfilmfestivalinberlin.com\\\/de\\\/#website\",\"url\":\"https:\\\/\\\/thegreekfilmfestivalinberlin.com\\\/de\\\/\",\"name\":\"The Greek Film Festival in Berlin\",\"description\":\"\",\"publisher\":{\"@id\":\"https:\\\/\\\/thegreekfilmfestivalinberlin.com\\\/de\\\/#organization\"},\"potentialAction\":[{\"@type\":\"SearchAction\",\"target\":{\"@type\":\"EntryPoint\",\"urlTemplate\":\"https:\\\/\\\/thegreekfilmfestivalinberlin.com\\\/de\\\/?s={search_term_string}\"},\"query-input\":{\"@type\":\"PropertyValueSpecification\",\"valueRequired\":true,\"valueName\":\"search_term_string\"}}],\"inLanguage\":\"de\"},{\"@type\":\"Organization\",\"@id\":\"https:\\\/\\\/thegreekfilmfestivalinberlin.com\\\/de\\\/#organization\",\"name\":\"The Greek Film Festival in Berlin\",\"url\":\"https:\\\/\\\/thegreekfilmfestivalinberlin.com\\\/de\\\/\",\"logo\":{\"@type\":\"ImageObject\",\"inLanguage\":\"de\",\"@id\":\"https:\\\/\\\/thegreekfilmfestivalinberlin.com\\\/de\\\/#\\\/schema\\\/logo\\\/image\\\/\",\"url\":\"https:\\\/\\\/thegreekfilmfestivalinberlin.com\\\/wp-content\\\/uploads\\\/2020\\\/06\\\/peppermint_film_FINAL_White-03ohne-schrift.png\",\"contentUrl\":\"https:\\\/\\\/thegreekfilmfestivalinberlin.com\\\/wp-content\\\/uploads\\\/2020\\\/06\\\/peppermint_film_FINAL_White-03ohne-schrift.png\",\"width\":1819,\"height\":1212,\"caption\":\"The Greek Film Festival in Berlin\"},\"image\":{\"@id\":\"https:\\\/\\\/thegreekfilmfestivalinberlin.com\\\/de\\\/#\\\/schema\\\/logo\\\/image\\\/\"}}]}<\/script>\n<!-- \/ Yoast SEO plugin. -->","yoast_head_json":{"title":"K\u00f6ln '23 &#8211; The Greek Film Festival in Berlin","robots":{"index":"index","follow":"follow","max-snippet":"max-snippet:-1","max-image-preview":"max-image-preview:large","max-video-preview":"max-video-preview:-1"},"canonical":"https:\/\/thegreekfilmfestivalinberlin.com\/de\/koeln-23\/","og_locale":"de_DE","og_type":"article","og_title":"K\u00f6ln '23 &#8211; The Greek Film Festival in Berlin","og_description":"[vc_row css=&#8220;.vc_custom_1593848162124{margin-top: -300px !important;}&#8220; parallax_background_image=&#8220;1167&#8243; parallax_bg_speed=&#8220;0.3&#8243;][vc_column][vc_empty_space][vc_empty_space][vc_empty_space][vc_empty_space][vc_row_inner row_content_width=&#8220;grid&#8220;][vc_column_inner][vc_column_text] &nbsp; &nbsp; &nbsp; &nbsp; Das Griechische Filmfestival in Berlin freut sich, seine Koffer zu packen und zum ersten Mal f\u00fcr zwei Tage nach K\u00f6ln zu reisen! Das Greek Film Festival GOES K\u00d6LN: am [&hellip;]","og_url":"https:\/\/thegreekfilmfestivalinberlin.com\/de\/koeln-23\/","og_site_name":"The Greek Film Festival in Berlin","article_modified_time":"2023-09-25T18:37:03+00:00","og_image":[{"width":1819,"height":1212,"url":"https:\/\/thegreekfilmfestivalinberlin.com\/wp-content\/uploads\/2020\/06\/peppermint_film_FINAL_White-03ohne-schrift.png","type":"image\/png"}],"twitter_card":"summary_large_image","twitter_misc":{"Gesch\u00e4tzte Lesezeit":"1\u00a0Minute"},"schema":{"@context":"https:\/\/schema.org","@graph":[{"@type":"WebPage","@id":"https:\/\/thegreekfilmfestivalinberlin.com\/de\/koeln-23\/","url":"https:\/\/thegreekfilmfestivalinberlin.com\/de\/koeln-23\/","name":"K\u00f6ln '23 &#8211; The Greek Film Festival in Berlin","isPartOf":{"@id":"https:\/\/thegreekfilmfestivalinberlin.com\/de\/#website"},"datePublished":"2023-05-20T14:13:50+00:00","dateModified":"2023-09-25T18:37:03+00:00","breadcrumb":{"@id":"https:\/\/thegreekfilmfestivalinberlin.com\/de\/koeln-23\/#breadcrumb"},"inLanguage":"de","potentialAction":[{"@type":"ReadAction","target":["https:\/\/thegreekfilmfestivalinberlin.com\/de\/koeln-23\/"]}]},{"@type":"BreadcrumbList","@id":"https:\/\/thegreekfilmfestivalinberlin.com\/de\/koeln-23\/#breadcrumb","itemListElement":[{"@type":"ListItem","position":1,"name":"Home","item":"https:\/\/thegreekfilmfestivalinberlin.com\/de\/"},{"@type":"ListItem","position":2,"name":"K\u00f6ln &#8217;23"}]},{"@type":"WebSite","@id":"https:\/\/thegreekfilmfestivalinberlin.com\/de\/#website","url":"https:\/\/thegreekfilmfestivalinberlin.com\/de\/","name":"The Greek Film Festival in Berlin","description":"","publisher":{"@id":"https:\/\/thegreekfilmfestivalinberlin.com\/de\/#organization"},"potentialAction":[{"@type":"SearchAction","target":{"@type":"EntryPoint","urlTemplate":"https:\/\/thegreekfilmfestivalinberlin.com\/de\/?s={search_term_string}"},"query-input":{"@type":"PropertyValueSpecification","valueRequired":true,"valueName":"search_term_string"}}],"inLanguage":"de"},{"@type":"Organization","@id":"https:\/\/thegreekfilmfestivalinberlin.com\/de\/#organization","name":"The Greek Film Festival in Berlin","url":"https:\/\/thegreekfilmfestivalinberlin.com\/de\/","logo":{"@type":"ImageObject","inLanguage":"de","@id":"https:\/\/thegreekfilmfestivalinberlin.com\/de\/#\/schema\/logo\/image\/","url":"https:\/\/thegreekfilmfestivalinberlin.com\/wp-content\/uploads\/2020\/06\/peppermint_film_FINAL_White-03ohne-schrift.png","contentUrl":"https:\/\/thegreekfilmfestivalinberlin.com\/wp-content\/uploads\/2020\/06\/peppermint_film_FINAL_White-03ohne-schrift.png","width":1819,"height":1212,"caption":"The Greek Film Festival in Berlin"},"image":{"@id":"https:\/\/thegreekfilmfestivalinberlin.com\/de\/#\/schema\/logo\/image\/"}}]}},"_links":{"self":[{"href":"https:\/\/thegreekfilmfestivalinberlin.com\/de\/wp-json\/wp\/v2\/pages\/32349","targetHints":{"allow":["GET"]}}],"collection":[{"href":"https:\/\/thegreekfilmfestivalinberlin.com\/de\/wp-json\/wp\/v2\/pages"}],"about":[{"href":"https:\/\/thegreekfilmfestivalinberlin.com\/de\/wp-json\/wp\/v2\/types\/page"}],"author":[{"embeddable":true,"href":"https:\/\/thegreekfilmfestivalinberlin.com\/de\/wp-json\/wp\/v2\/users\/1"}],"replies":[{"embeddable":true,"href":"https:\/\/thegreekfilmfestivalinberlin.com\/de\/wp-json\/wp\/v2\/comments?post=32349"}],"version-history":[{"count":10,"href":"https:\/\/thegreekfilmfestivalinberlin.com\/de\/wp-json\/wp\/v2\/pages\/32349\/revisions"}],"predecessor-version":[{"id":32604,"href":"https:\/\/thegreekfilmfestivalinberlin.com\/de\/wp-json\/wp\/v2\/pages\/32349\/revisions\/32604"}],"wp:attachment":[{"href":"https:\/\/thegreekfilmfestivalinberlin.com\/de\/wp-json\/wp\/v2\/media?parent=32349"}],"curies":[{"name":"wp","href":"https:\/\/api.w.org\/{rel}","templated":true}]}}