{"id":30901,"date":"2023-04-03T14:04:29","date_gmt":"2023-04-03T12:04:29","guid":{"rendered":"https:\/\/thegreekfilmfestivalinberlin.com\/?page_id=30901"},"modified":"2023-04-03T17:21:23","modified_gmt":"2023-04-03T15:21:23","slug":"preise-2023","status":"publish","type":"page","link":"https:\/\/thegreekfilmfestivalinberlin.com\/de\/preise-2023\/","title":{"rendered":"Preise 2023"},"content":{"rendered":"<p>[vc_row][vc_column]<div class=\"edgtf-single-image-holder  edgtf-has-shadow edgtf-image-behavior-lightbox\">\n    <div class=\"edgtf-si-inner\" >\n                    <a itemprop=\"image\" href=\"https:\/\/thegreekfilmfestivalinberlin.com\/wp-content\/uploads\/2023\/04\/JDPD5428-scaled.jpg\" data-rel=\"prettyPhoto[si_pretty_photo]\" title=\"\">\n                                    <img loading=\"lazy\" decoding=\"async\" width=\"1030\" height=\"687\" src=\"https:\/\/thegreekfilmfestivalinberlin.com\/wp-content\/uploads\/2023\/04\/JDPD5428-1030x687.jpg\" class=\"attachment-large size-large\" alt=\"\" srcset=\"https:\/\/thegreekfilmfestivalinberlin.com\/wp-content\/uploads\/2023\/04\/JDPD5428-1030x687.jpg 1030w, https:\/\/thegreekfilmfestivalinberlin.com\/wp-content\/uploads\/2023\/04\/JDPD5428-300x200.jpg 300w, https:\/\/thegreekfilmfestivalinberlin.com\/wp-content\/uploads\/2023\/04\/JDPD5428-768x512.jpg 768w, https:\/\/thegreekfilmfestivalinberlin.com\/wp-content\/uploads\/2023\/04\/JDPD5428-1536x1024.jpg 1536w\" sizes=\"auto, (max-width: 1030px) 100vw, 1030px\" \/>                                <\/a>\n            <\/div>\n<\/div>[\/vc_column][\/vc_row][vc_row][vc_column][vc_column_text]<\/p>\n<div class=\"flex_column av_two_third first avia-builder-el-2 el_after_av_hr el_before_av_two_third \">\n<div class=\"av-special-heading av-special-heading-h2 avia-builder-el-3 avia-builder-el-no-sibling \">\n<h2 class=\"av-special-heading-tag\">Emerging Greeks Award 2023<\/h2>\n<\/div>\n<\/div>\n<div class=\"flex_column av_two_third first avia-builder-el-4 el_after_av_two_third el_before_av_two_third column-top-margin\">\n<div class=\"av-special-heading av-special-heading-h3 avia-builder-el-5 avia-builder-el-no-sibling \">\n<h4><strong><span style=\"color: #333333;\">Der Emerging Greeks Award 2023 ging an Black Stone von Spiros Jacovides.\u00a0<\/span><\/strong><\/h4>\n<h4><span style=\"font-weight: 400;\">Den mit 1000 Euro dotierten Emerging Greeks Award, gestiftet vom Griechischen Filmcenter, gewann der Film <\/span><b>BLACK STONE <\/b><span style=\"font-weight: 400;\">der einen besonders unbeschwerten Zugang zu einigen sehr wichtigen Themen bietet, die die heutige griechische Gesellschaft qu\u00e4len: \u00fcberm\u00e4chtige griechische M\u00fctter, Rassismus und Einwanderung unter anderem. Eine Familiengeschichte, erz\u00e4hlt mit Liebe, harter Ironie und Humor&#8220;.\u00a0\u00a0<\/span><\/h4>\n<h4><span style=\"font-weight: 400;\">Der Award wurde von dem Regisseur des Films, Spiros Jacovides, entgegengenommen.<\/span><\/h4>\n<h4><strong><span style=\"color: #333333;\">Der Dokumentarfilmpreis 2023 ging an Femicidio von <\/span><\/strong><b>Nina Maria Paschalidou<\/b><\/h4>\n<div class=\"special-heading-border\">\n<h4><span style=\"font-weight: 400;\">Der mit 500 Euro dotierte und von der MUSOU Music Group gesponserte &#8222;Documentary Award&#8220; ging an einen Film, der &#8222;eine echte Wunde unserer heutigen, von patriarchalischen Prinzipien gepr\u00e4gten Gesellschaft beleuchtet. Wir folgen einer mutigen, \u00fcberlebenden Frau, die ein Problem anspricht, das mindestens 50% unserer Bev\u00f6lkerung betrifft&#8220;. <b>FEMICIDIO von Nina Maria Paschalidou<\/b>&#8222;. Der Preis wurde von der Direktorin des Festivals entgegengenommen.<\/span><\/h4>\n<\/div>\n<\/div>\n<\/div>\n<p>[\/vc_column_text][\/vc_column][\/vc_row]<\/p>\n","protected":false},"excerpt":{"rendered":"<p>[vc_row][vc_column][\/vc_column][\/vc_row][vc_row][vc_column][vc_column_text] Emerging Greeks Award 2023 Der Emerging Greeks Award 2023 ging an Black Stone von Spiros Jacovides.\u00a0 Den mit 1000 Euro dotierten Emerging Greeks Award, gestiftet vom Griechischen Filmcenter, gewann der Film BLACK STONE der einen besonders unbeschwerten Zugang zu [&hellip;]<\/p>\n","protected":false},"author":1,"featured_media":0,"parent":0,"menu_order":0,"comment_status":"closed","ping_status":"closed","template":"full-width.php","meta":{"footnotes":""},"class_list":["post-30901","page","type-page","status-publish","hentry"],"yoast_head":"<!-- This site is optimized with the Yoast SEO plugin v27.3 - https:\/\/yoast.com\/product\/yoast-seo-wordpress\/ -->\n<title>Preise 2023 &#8211; The Greek Film Festival in Berlin<\/title>\n<meta name=\"robots\" content=\"index, follow, max-snippet:-1, max-image-preview:large, max-video-preview:-1\" \/>\n<link rel=\"canonical\" href=\"https:\/\/thegreekfilmfestivalinberlin.com\/de\/preise-2023\/\" \/>\n<meta property=\"og:locale\" content=\"de_DE\" \/>\n<meta property=\"og:type\" content=\"article\" \/>\n<meta property=\"og:title\" content=\"Preise 2023 &#8211; The Greek Film Festival in Berlin\" \/>\n<meta property=\"og:description\" content=\"[vc_row][vc_column][\/vc_column][\/vc_row][vc_row][vc_column][vc_column_text] Emerging Greeks Award 2023 Der Emerging Greeks Award 2023 ging an Black Stone von Spiros Jacovides.\u00a0 Den mit 1000 Euro dotierten Emerging Greeks Award, gestiftet vom Griechischen Filmcenter, gewann der Film BLACK STONE der einen besonders unbeschwerten Zugang zu [&hellip;]\" \/>\n<meta property=\"og:url\" content=\"https:\/\/thegreekfilmfestivalinberlin.com\/de\/preise-2023\/\" \/>\n<meta property=\"og:site_name\" content=\"The Greek Film Festival in Berlin\" \/>\n<meta property=\"article:modified_time\" content=\"2023-04-03T15:21:23+00:00\" \/>\n<meta property=\"og:image\" content=\"https:\/\/thegreekfilmfestivalinberlin.com\/wp-content\/uploads\/2020\/06\/peppermint_film_FINAL_White-03ohne-schrift.png\" \/>\n\t<meta property=\"og:image:width\" content=\"1819\" \/>\n\t<meta property=\"og:image:height\" content=\"1212\" \/>\n\t<meta property=\"og:image:type\" content=\"image\/png\" \/>\n<meta name=\"twitter:card\" content=\"summary_large_image\" \/>\n<meta name=\"twitter:label1\" content=\"Gesch\u00e4tzte Lesezeit\" \/>\n\t<meta name=\"twitter:data1\" content=\"1\u00a0Minute\" \/>\n<script type=\"application\/ld+json\" class=\"yoast-schema-graph\">{\"@context\":\"https:\\\/\\\/schema.org\",\"@graph\":[{\"@type\":\"WebPage\",\"@id\":\"https:\\\/\\\/thegreekfilmfestivalinberlin.com\\\/de\\\/preise-2023\\\/\",\"url\":\"https:\\\/\\\/thegreekfilmfestivalinberlin.com\\\/de\\\/preise-2023\\\/\",\"name\":\"Preise 2023 &#8211; The Greek Film Festival in Berlin\",\"isPartOf\":{\"@id\":\"https:\\\/\\\/thegreekfilmfestivalinberlin.com\\\/de\\\/#website\"},\"datePublished\":\"2023-04-03T12:04:29+00:00\",\"dateModified\":\"2023-04-03T15:21:23+00:00\",\"breadcrumb\":{\"@id\":\"https:\\\/\\\/thegreekfilmfestivalinberlin.com\\\/de\\\/preise-2023\\\/#breadcrumb\"},\"inLanguage\":\"de\",\"potentialAction\":[{\"@type\":\"ReadAction\",\"target\":[\"https:\\\/\\\/thegreekfilmfestivalinberlin.com\\\/de\\\/preise-2023\\\/\"]}]},{\"@type\":\"BreadcrumbList\",\"@id\":\"https:\\\/\\\/thegreekfilmfestivalinberlin.com\\\/de\\\/preise-2023\\\/#breadcrumb\",\"itemListElement\":[{\"@type\":\"ListItem\",\"position\":1,\"name\":\"Home\",\"item\":\"https:\\\/\\\/thegreekfilmfestivalinberlin.com\\\/de\\\/\"},{\"@type\":\"ListItem\",\"position\":2,\"name\":\"Preise 2023\"}]},{\"@type\":\"WebSite\",\"@id\":\"https:\\\/\\\/thegreekfilmfestivalinberlin.com\\\/de\\\/#website\",\"url\":\"https:\\\/\\\/thegreekfilmfestivalinberlin.com\\\/de\\\/\",\"name\":\"The Greek Film Festival in Berlin\",\"description\":\"\",\"publisher\":{\"@id\":\"https:\\\/\\\/thegreekfilmfestivalinberlin.com\\\/de\\\/#organization\"},\"potentialAction\":[{\"@type\":\"SearchAction\",\"target\":{\"@type\":\"EntryPoint\",\"urlTemplate\":\"https:\\\/\\\/thegreekfilmfestivalinberlin.com\\\/de\\\/?s={search_term_string}\"},\"query-input\":{\"@type\":\"PropertyValueSpecification\",\"valueRequired\":true,\"valueName\":\"search_term_string\"}}],\"inLanguage\":\"de\"},{\"@type\":\"Organization\",\"@id\":\"https:\\\/\\\/thegreekfilmfestivalinberlin.com\\\/de\\\/#organization\",\"name\":\"The Greek Film Festival in Berlin\",\"url\":\"https:\\\/\\\/thegreekfilmfestivalinberlin.com\\\/de\\\/\",\"logo\":{\"@type\":\"ImageObject\",\"inLanguage\":\"de\",\"@id\":\"https:\\\/\\\/thegreekfilmfestivalinberlin.com\\\/de\\\/#\\\/schema\\\/logo\\\/image\\\/\",\"url\":\"https:\\\/\\\/thegreekfilmfestivalinberlin.com\\\/wp-content\\\/uploads\\\/2020\\\/06\\\/peppermint_film_FINAL_White-03ohne-schrift.png\",\"contentUrl\":\"https:\\\/\\\/thegreekfilmfestivalinberlin.com\\\/wp-content\\\/uploads\\\/2020\\\/06\\\/peppermint_film_FINAL_White-03ohne-schrift.png\",\"width\":1819,\"height\":1212,\"caption\":\"The Greek Film Festival in Berlin\"},\"image\":{\"@id\":\"https:\\\/\\\/thegreekfilmfestivalinberlin.com\\\/de\\\/#\\\/schema\\\/logo\\\/image\\\/\"}}]}<\/script>\n<!-- \/ Yoast SEO plugin. -->","yoast_head_json":{"title":"Preise 2023 &#8211; The Greek Film Festival in Berlin","robots":{"index":"index","follow":"follow","max-snippet":"max-snippet:-1","max-image-preview":"max-image-preview:large","max-video-preview":"max-video-preview:-1"},"canonical":"https:\/\/thegreekfilmfestivalinberlin.com\/de\/preise-2023\/","og_locale":"de_DE","og_type":"article","og_title":"Preise 2023 &#8211; The Greek Film Festival in Berlin","og_description":"[vc_row][vc_column][\/vc_column][\/vc_row][vc_row][vc_column][vc_column_text] Emerging Greeks Award 2023 Der Emerging Greeks Award 2023 ging an Black Stone von Spiros Jacovides.\u00a0 Den mit 1000 Euro dotierten Emerging Greeks Award, gestiftet vom Griechischen Filmcenter, gewann der Film BLACK STONE der einen besonders unbeschwerten Zugang zu [&hellip;]","og_url":"https:\/\/thegreekfilmfestivalinberlin.com\/de\/preise-2023\/","og_site_name":"The Greek Film Festival in Berlin","article_modified_time":"2023-04-03T15:21:23+00:00","og_image":[{"width":1819,"height":1212,"url":"https:\/\/thegreekfilmfestivalinberlin.com\/wp-content\/uploads\/2020\/06\/peppermint_film_FINAL_White-03ohne-schrift.png","type":"image\/png"}],"twitter_card":"summary_large_image","twitter_misc":{"Gesch\u00e4tzte Lesezeit":"1\u00a0Minute"},"schema":{"@context":"https:\/\/schema.org","@graph":[{"@type":"WebPage","@id":"https:\/\/thegreekfilmfestivalinberlin.com\/de\/preise-2023\/","url":"https:\/\/thegreekfilmfestivalinberlin.com\/de\/preise-2023\/","name":"Preise 2023 &#8211; The Greek Film Festival in Berlin","isPartOf":{"@id":"https:\/\/thegreekfilmfestivalinberlin.com\/de\/#website"},"datePublished":"2023-04-03T12:04:29+00:00","dateModified":"2023-04-03T15:21:23+00:00","breadcrumb":{"@id":"https:\/\/thegreekfilmfestivalinberlin.com\/de\/preise-2023\/#breadcrumb"},"inLanguage":"de","potentialAction":[{"@type":"ReadAction","target":["https:\/\/thegreekfilmfestivalinberlin.com\/de\/preise-2023\/"]}]},{"@type":"BreadcrumbList","@id":"https:\/\/thegreekfilmfestivalinberlin.com\/de\/preise-2023\/#breadcrumb","itemListElement":[{"@type":"ListItem","position":1,"name":"Home","item":"https:\/\/thegreekfilmfestivalinberlin.com\/de\/"},{"@type":"ListItem","position":2,"name":"Preise 2023"}]},{"@type":"WebSite","@id":"https:\/\/thegreekfilmfestivalinberlin.com\/de\/#website","url":"https:\/\/thegreekfilmfestivalinberlin.com\/de\/","name":"The Greek Film Festival in Berlin","description":"","publisher":{"@id":"https:\/\/thegreekfilmfestivalinberlin.com\/de\/#organization"},"potentialAction":[{"@type":"SearchAction","target":{"@type":"EntryPoint","urlTemplate":"https:\/\/thegreekfilmfestivalinberlin.com\/de\/?s={search_term_string}"},"query-input":{"@type":"PropertyValueSpecification","valueRequired":true,"valueName":"search_term_string"}}],"inLanguage":"de"},{"@type":"Organization","@id":"https:\/\/thegreekfilmfestivalinberlin.com\/de\/#organization","name":"The Greek Film Festival in Berlin","url":"https:\/\/thegreekfilmfestivalinberlin.com\/de\/","logo":{"@type":"ImageObject","inLanguage":"de","@id":"https:\/\/thegreekfilmfestivalinberlin.com\/de\/#\/schema\/logo\/image\/","url":"https:\/\/thegreekfilmfestivalinberlin.com\/wp-content\/uploads\/2020\/06\/peppermint_film_FINAL_White-03ohne-schrift.png","contentUrl":"https:\/\/thegreekfilmfestivalinberlin.com\/wp-content\/uploads\/2020\/06\/peppermint_film_FINAL_White-03ohne-schrift.png","width":1819,"height":1212,"caption":"The Greek Film Festival in Berlin"},"image":{"@id":"https:\/\/thegreekfilmfestivalinberlin.com\/de\/#\/schema\/logo\/image\/"}}]}},"_links":{"self":[{"href":"https:\/\/thegreekfilmfestivalinberlin.com\/de\/wp-json\/wp\/v2\/pages\/30901","targetHints":{"allow":["GET"]}}],"collection":[{"href":"https:\/\/thegreekfilmfestivalinberlin.com\/de\/wp-json\/wp\/v2\/pages"}],"about":[{"href":"https:\/\/thegreekfilmfestivalinberlin.com\/de\/wp-json\/wp\/v2\/types\/page"}],"author":[{"embeddable":true,"href":"https:\/\/thegreekfilmfestivalinberlin.com\/de\/wp-json\/wp\/v2\/users\/1"}],"replies":[{"embeddable":true,"href":"https:\/\/thegreekfilmfestivalinberlin.com\/de\/wp-json\/wp\/v2\/comments?post=30901"}],"version-history":[{"count":3,"href":"https:\/\/thegreekfilmfestivalinberlin.com\/de\/wp-json\/wp\/v2\/pages\/30901\/revisions"}],"predecessor-version":[{"id":30908,"href":"https:\/\/thegreekfilmfestivalinberlin.com\/de\/wp-json\/wp\/v2\/pages\/30901\/revisions\/30908"}],"wp:attachment":[{"href":"https:\/\/thegreekfilmfestivalinberlin.com\/de\/wp-json\/wp\/v2\/media?parent=30901"}],"curies":[{"name":"wp","href":"https:\/\/api.w.org\/{rel}","templated":true}]}}