{"id":30557,"date":"2023-01-20T09:33:57","date_gmt":"2023-01-20T08:33:57","guid":{"rendered":"https:\/\/thegreekfilmfestivalinberlin.com\/?page_id=30557"},"modified":"2023-01-29T21:24:48","modified_gmt":"2023-01-29T20:24:48","slug":"jury-2023","status":"publish","type":"page","link":"https:\/\/thegreekfilmfestivalinberlin.com\/de\/jury-2023\/","title":{"rendered":"Jury 2023"},"content":{"rendered":"<p>[vc_row full_height=&#8220;yes&#8220; css=&#8220;.vc_custom_1607026731154{margin-top: 0px !important;}&#8220;][vc_column width=&#8220;1\/3&#8243; el_class=&#8220;krebitz&#8220;]<div class=\"edgtf-team-holder edgtf-team-info-on-image\">\n\t<div class=\"edgtf-team-inner\">\n\t\t\t\t\t<div class=\"edgtf-team-image\">\n                <img loading=\"lazy\" decoding=\"async\" width=\"362\" height=\"458\" src=\"https:\/\/thegreekfilmfestivalinberlin.com\/wp-content\/uploads\/2023\/01\/Bildschirmfoto-2023-01-20-um-09.31.24.png\" class=\"attachment-full size-full\" alt=\"\" srcset=\"https:\/\/thegreekfilmfestivalinberlin.com\/wp-content\/uploads\/2023\/01\/Bildschirmfoto-2023-01-20-um-09.31.24.png 362w, https:\/\/thegreekfilmfestivalinberlin.com\/wp-content\/uploads\/2023\/01\/Bildschirmfoto-2023-01-20-um-09.31.24-237x300.png 237w\" sizes=\"auto, (max-width: 362px) 100vw, 362px\" \/>\t\t\t\t<div class=\"edgtf-team-social-wrapper\">\n\t\t\t\t\t<div class=\"edgtf-team-social-outer\">\n\t\t\t\t\t\t<div class=\"edgtf-team-social-inner\">\n                            \t\t\t\t\t\t\t\t\t\t\t\t\t\t\t<h5 class=\"edgtf-team-name\" >Sydney Levine<\/h5>\n\t\t\t\t\t\t\t\t\t\t\t\t\t\t                            \t\t\t\t\t\t\t                            \t\t\t\t\t\t<\/div>\n\t\t\t\t\t<\/div>\n\t\t\t\t<\/div>\n\t\t\t<\/div>\n\n\t\t\t<\/div>\n<\/div>[vc_empty_space height=&#8220;85px&#8220;][\/vc_column][vc_column width=&#8220;1\/3&#8243; css=&#8220;.vc_custom_1607284088894{padding-right: 8px !important;padding-left: 8px !important;}&#8220; offset=&#8220;vc_col-lg-offset-0 vc_col-lg-3 vc_col-md-offset-0 vc_col-md-6 vc_col-sm-offset-0&#8243; el_id=&#8220;isona&#8220;]<div class=\"edgtf-team-holder edgtf-team-info-on-image\">\n\t<div class=\"edgtf-team-inner\">\n\t\t\t\t\t<div class=\"edgtf-team-image\">\n                <img loading=\"lazy\" decoding=\"async\" width=\"800\" height=\"533\" src=\"https:\/\/thegreekfilmfestivalinberlin.com\/wp-content\/uploads\/2023\/01\/Panayiotis-Evangelidis.jpg\" class=\"attachment-full size-full\" alt=\"\" srcset=\"https:\/\/thegreekfilmfestivalinberlin.com\/wp-content\/uploads\/2023\/01\/Panayiotis-Evangelidis.jpg 800w, https:\/\/thegreekfilmfestivalinberlin.com\/wp-content\/uploads\/2023\/01\/Panayiotis-Evangelidis-300x200.jpg 300w, https:\/\/thegreekfilmfestivalinberlin.com\/wp-content\/uploads\/2023\/01\/Panayiotis-Evangelidis-768x512.jpg 768w\" sizes=\"auto, (max-width: 800px) 100vw, 800px\" \/>\t\t\t\t<div class=\"edgtf-team-social-wrapper\">\n\t\t\t\t\t<div class=\"edgtf-team-social-outer\">\n\t\t\t\t\t\t<div class=\"edgtf-team-social-inner\">\n                            \t\t\t\t\t\t\t\t\t\t\t\t\t\t\t<h5 class=\"edgtf-team-name\" >Panayiotis Evangelidis<\/h5>\n\t\t\t\t\t\t\t\t\t\t\t\t\t\t                            \t\t\t\t\t\t\t                            \t\t\t\t\t\t<\/div>\n\t\t\t\t\t<\/div>\n\t\t\t\t<\/div>\n\t\t\t<\/div>\n\n\t\t\t<\/div>\n<\/div>[vc_empty_space height=&#8220;85px&#8220;][\/vc_column][vc_column width=&#8220;1\/3&#8243; css=&#8220;.vc_custom_1607282930664{padding-right: 8px !important;padding-left: 8px !important;}&#8220; offset=&#8220;vc_col-lg-offset-0 vc_col-lg-3 vc_col-md-offset-0 vc_col-md-6 vc_col-sm-offset-0&#8243; el_id=&#8220;elstermann&#8220;]<div class=\"edgtf-team-holder edgtf-team-info-on-image\">\n\t<div class=\"edgtf-team-inner\">\n\t\t\t\t\t<div class=\"edgtf-team-image\">\n                <img loading=\"lazy\" decoding=\"async\" width=\"2560\" height=\"2560\" src=\"https:\/\/thegreekfilmfestivalinberlin.com\/wp-content\/uploads\/2023\/01\/Mirja_Frehse-scaled.jpg\" class=\"attachment-full size-full\" alt=\"\" srcset=\"https:\/\/thegreekfilmfestivalinberlin.com\/wp-content\/uploads\/2023\/01\/Mirja_Frehse-scaled.jpg 2560w, https:\/\/thegreekfilmfestivalinberlin.com\/wp-content\/uploads\/2023\/01\/Mirja_Frehse-300x300.jpg 300w, https:\/\/thegreekfilmfestivalinberlin.com\/wp-content\/uploads\/2023\/01\/Mirja_Frehse-1030x1030.jpg 1030w, https:\/\/thegreekfilmfestivalinberlin.com\/wp-content\/uploads\/2023\/01\/Mirja_Frehse-80x80.jpg 80w, https:\/\/thegreekfilmfestivalinberlin.com\/wp-content\/uploads\/2023\/01\/Mirja_Frehse-768x768.jpg 768w, https:\/\/thegreekfilmfestivalinberlin.com\/wp-content\/uploads\/2023\/01\/Mirja_Frehse-1536x1536.jpg 1536w, https:\/\/thegreekfilmfestivalinberlin.com\/wp-content\/uploads\/2023\/01\/Mirja_Frehse-650x650.jpg 650w, https:\/\/thegreekfilmfestivalinberlin.com\/wp-content\/uploads\/2023\/01\/Mirja_Frehse-1300x1300.jpg 1300w\" sizes=\"auto, (max-width: 2560px) 100vw, 2560px\" \/>\t\t\t\t<div class=\"edgtf-team-social-wrapper\">\n\t\t\t\t\t<div class=\"edgtf-team-social-outer\">\n\t\t\t\t\t\t<div class=\"edgtf-team-social-inner\">\n                            \t\t\t\t\t\t\t\t\t\t\t\t\t\t\t<h5 class=\"edgtf-team-name\" >Mirja Frehse<\/h5>\n\t\t\t\t\t\t\t\t\t\t\t\t\t\t                            \t\t\t\t\t\t\t                            \t\t\t\t\t\t<\/div>\n\t\t\t\t\t<\/div>\n\t\t\t\t<\/div>\n\t\t\t<\/div>\n\n\t\t\t<\/div>\n<\/div>[vc_empty_space height=&#8220;85px&#8220;][\/vc_column][vc_column][\/vc_column][vc_column][vc_empty_space][vc_empty_space][\/vc_column][\/vc_row][vc_row][vc_column][vc_column_text]<\/p>\n<h4><span style=\"color: #333333;\"><strong>Sydney Levine<\/strong><\/span><\/h4>\n<p><span style=\"color: #000000;\"><span style=\"font-weight: 400;\">Sydney Levine ist Beraterin f\u00fcr Filmemacher, die Festival- und Vertriebsstrategien entwickeln, und f\u00fcr L\u00e4nder, die daran interessiert sind, amerikanische Produzenten und Produktionsfirmen f\u00fcr Koproduktionen an ihren Standort anzuziehen. Sie begann ihre Karriere als die erste Frau im internationalen Vertrieb im Jahr 1975, als sie von 20th Century Fox International eingestellt wurde. Von 1978 bis 1988 wechselte sie in den Bereich Akquisition und arbeitete f\u00fcr Kurzfilme, Dokumentarfilme und f\u00fcr die Spielfilmverleiher Lorimar Pictures und Republic Pictures. Im Jahr 1988 gr\u00fcndete sie <\/span><i><span style=\"font-weight: 400;\">FilmFinders<\/span><\/i><span style=\"font-weight: 400;\">, die erste Datenbank der Branche, die f\u00fcr F\u00fchrungskr\u00e4fte in den Bereichen Vertrieb und Verkauf sowie f\u00fcr Festivalprogrammierer entwickelt wurde, die neue Filme weltweit f\u00fcr Erwerb aufsp\u00fcren wollten. Die Datenbank wurde 2007 von IMDb \u00fcbernommen und Levine arbeitete zur Professionalisierung von IMDbPro. Im Jahr 2009 gr\u00fcndete sie <\/span><i><span style=\"font-weight: 400;\">SydneysBuzz<\/span><\/i><span style=\"font-weight: 400;\">, um als Beraterin und Autorin f\u00fcr das internationale Filmgesch\u00e4ft t\u00e4tig zu sein. Sie hat an den Chapman University Dodge College, UCLA Film and Business Schools, New School of Social Research, DW Akademie, Binger Institut, Cannes Producers Workshop und Berlinale Talents unterrichtet und sie moderiert h\u00e4ufig Panels und Seminare. Sie lebt zwischen Los Angeles, Kalifornien und Berlin, und reist viel durch die internationale Filmlandschaft. Neben ihrer Muttersprache Englisch spricht sie auch Franz\u00f6sisch, Deutsch und Spanisch.<\/span><\/span>[\/vc_column_text][\/vc_column][\/vc_row][vc_row][vc_column][vc_column_text]<\/p>\n<h4><strong><span style=\"color: #000000;\">Panagiotis Evangelidis<\/span><\/strong><\/h4>\n<p><span style=\"color: #000000;\"><span style=\"font-weight: 400;\">Panagiotis Evangelidis ist Filmregisseur, Drehbuchautor, Schriftsteller, Literatur\u00fcbersetzer und Shiatsu-Therapeut. Er wurde in Athen geboren, wo er lebt und arbeitet. Er studierte Jura an der juristischen Fakult\u00e4t in Athen. Haupts\u00e4chlich dreht er Dokumentarfilme mit humanit\u00e4rem Schwerpunkt. Er hat vier B\u00fccher ver\u00f6ffentlicht und \u00fcbersetzt \u00fcberwiegend aus dem Japanischen. Zu seinen Filmen geh\u00f6ren <\/span><i><span style=\"font-weight: 400;\">Chip and Ovi<\/span><\/i><span style=\"font-weight: 400;\"> (2008), <\/span><i><span style=\"font-weight: 400;\">They Glow in the Dark<\/span><\/i><span style=\"font-weight: 400;\"> (2012) und <\/span><i><span style=\"font-weight: 400;\">Irving Park <\/span><\/i><span style=\"font-weight: 400;\">(2019).<\/span><\/span><\/p>\n<h4><\/h4>\n<p>[\/vc_column_text][\/vc_column][\/vc_row][vc_row][vc_column][vc_column_text]<\/p>\n<h4><strong>Mirja Frehse<\/strong><\/h4>\n<p><span style=\"font-weight: 400; color: #000000;\">Mirja Frehse absolvierte ihr Studium der Film- und TV-Produktion an der Filmuniversit\u00e4t Babelsberg. Nach ihrer T\u00e4tigkeit als Marketing-Managerin bei der Berliner X Verleih AG arbeitete sie als Executive Producer bei der Novotny &amp; Novotny Filmproduktion in Wien mit dem Schwerpunkt auf internationalen Koproduktionen. Nach ihrer T\u00e4tigkeit als Beraterin f\u00fcr nationale und internationale Finanzierungen f\u00fcr verschiedene deutsche und \u00f6sterreichische Produktionsfirmen arbeitet sie seit 2007 als Senior Funding Consultant f\u00fcr den Creative Europe MEDIA Desk Berlin-Brandenburg. Die Creative Europe Desks sind Anlaufstellen f\u00fcr Medienschaffende in Europa und bieten Informationen und Networking-Veranstaltungen, um die internationale Zusammenarbeit zwischen Fachleuten zu f\u00f6rdern. Im Rahmen dieser Aktivit\u00e4ten ist Mirja h\u00e4ufig auf Festivals und M\u00e4rkten oder audiovisuellen Schulungen in Europa pr\u00e4sent, wobei ihr der europ\u00e4ische Kinderfilm sowie junge Talente besonders am Herzen liegen. Au\u00dferdem ist sie spezialisiert auf die internationale Finanzierung von europ\u00e4ischen audiovisuellen Projekten und deren Vertrieb.<\/span><\/p>\n<h4><\/h4>\n<p>[\/vc_column_text][\/vc_column][\/vc_row][vc_row][vc_column][\/vc_column][\/vc_row]<\/p>\n","protected":false},"excerpt":{"rendered":"<p>[vc_row full_height=&#8220;yes&#8220; css=&#8220;.vc_custom_1607026731154{margin-top: 0px !important;}&#8220;][vc_column width=&#8220;1\/3&#8243; el_class=&#8220;krebitz&#8220;][vc_empty_space height=&#8220;85px&#8220;][\/vc_column][vc_column width=&#8220;1\/3&#8243; css=&#8220;.vc_custom_1607284088894{padding-right: 8px !important;padding-left: 8px !important;}&#8220; offset=&#8220;vc_col-lg-offset-0 vc_col-lg-3 vc_col-md-offset-0 vc_col-md-6 vc_col-sm-offset-0&#8243; el_id=&#8220;isona&#8220;][vc_empty_space height=&#8220;85px&#8220;][\/vc_column][vc_column width=&#8220;1\/3&#8243; css=&#8220;.vc_custom_1607282930664{padding-right: 8px !important;padding-left: 8px !important;}&#8220; offset=&#8220;vc_col-lg-offset-0 vc_col-lg-3 vc_col-md-offset-0 vc_col-md-6 vc_col-sm-offset-0&#8243; el_id=&#8220;elstermann&#8220;][vc_empty_space height=&#8220;85px&#8220;][\/vc_column][vc_column][\/vc_column][vc_column][vc_empty_space][vc_empty_space][\/vc_column][\/vc_row][vc_row][vc_column][vc_column_text] Sydney Levine Sydney Levine ist Beraterin [&hellip;]<\/p>\n","protected":false},"author":1,"featured_media":0,"parent":0,"menu_order":0,"comment_status":"closed","ping_status":"closed","template":"","meta":{"footnotes":""},"class_list":["post-30557","page","type-page","status-publish","hentry"],"yoast_head":"<!-- This site is optimized with the Yoast SEO plugin v27.3 - https:\/\/yoast.com\/product\/yoast-seo-wordpress\/ -->\n<title>Jury 2023 &#8211; The Greek Film Festival in Berlin<\/title>\n<meta name=\"robots\" content=\"index, follow, max-snippet:-1, max-image-preview:large, max-video-preview:-1\" \/>\n<link rel=\"canonical\" href=\"https:\/\/thegreekfilmfestivalinberlin.com\/de\/jury-2023\/\" \/>\n<meta property=\"og:locale\" content=\"de_DE\" \/>\n<meta property=\"og:type\" content=\"article\" \/>\n<meta property=\"og:title\" content=\"Jury 2023 &#8211; The Greek Film Festival in Berlin\" \/>\n<meta property=\"og:description\" content=\"[vc_row full_height=&#8220;yes&#8220; css=&#8220;.vc_custom_1607026731154{margin-top: 0px !important;}&#8220;][vc_column width=&#8220;1\/3&#8243; el_class=&#8220;krebitz&#8220;][vc_empty_space height=&#8220;85px&#8220;][\/vc_column][vc_column width=&#8220;1\/3&#8243; css=&#8220;.vc_custom_1607284088894{padding-right: 8px !important;padding-left: 8px !important;}&#8220; offset=&#8220;vc_col-lg-offset-0 vc_col-lg-3 vc_col-md-offset-0 vc_col-md-6 vc_col-sm-offset-0&#8243; el_id=&#8220;isona&#8220;][vc_empty_space height=&#8220;85px&#8220;][\/vc_column][vc_column width=&#8220;1\/3&#8243; css=&#8220;.vc_custom_1607282930664{padding-right: 8px !important;padding-left: 8px !important;}&#8220; offset=&#8220;vc_col-lg-offset-0 vc_col-lg-3 vc_col-md-offset-0 vc_col-md-6 vc_col-sm-offset-0&#8243; el_id=&#8220;elstermann&#8220;][vc_empty_space height=&#8220;85px&#8220;][\/vc_column][vc_column][\/vc_column][vc_column][vc_empty_space][vc_empty_space][\/vc_column][\/vc_row][vc_row][vc_column][vc_column_text] Sydney Levine Sydney Levine ist Beraterin [&hellip;]\" \/>\n<meta property=\"og:url\" content=\"https:\/\/thegreekfilmfestivalinberlin.com\/de\/jury-2023\/\" \/>\n<meta property=\"og:site_name\" content=\"The Greek Film Festival in Berlin\" \/>\n<meta property=\"article:modified_time\" content=\"2023-01-29T20:24:48+00:00\" \/>\n<meta property=\"og:image\" content=\"https:\/\/thegreekfilmfestivalinberlin.com\/wp-content\/uploads\/2020\/06\/peppermint_film_FINAL_White-03ohne-schrift.png\" \/>\n\t<meta property=\"og:image:width\" content=\"1819\" \/>\n\t<meta property=\"og:image:height\" content=\"1212\" \/>\n\t<meta property=\"og:image:type\" content=\"image\/png\" \/>\n<meta name=\"twitter:card\" content=\"summary_large_image\" \/>\n<meta name=\"twitter:label1\" content=\"Gesch\u00e4tzte Lesezeit\" \/>\n\t<meta name=\"twitter:data1\" content=\"3\u00a0Minuten\" \/>\n<script type=\"application\/ld+json\" class=\"yoast-schema-graph\">{\"@context\":\"https:\\\/\\\/schema.org\",\"@graph\":[{\"@type\":\"WebPage\",\"@id\":\"https:\\\/\\\/thegreekfilmfestivalinberlin.com\\\/de\\\/jury-2023\\\/\",\"url\":\"https:\\\/\\\/thegreekfilmfestivalinberlin.com\\\/de\\\/jury-2023\\\/\",\"name\":\"Jury 2023 &#8211; The Greek Film Festival in Berlin\",\"isPartOf\":{\"@id\":\"https:\\\/\\\/thegreekfilmfestivalinberlin.com\\\/de\\\/#website\"},\"datePublished\":\"2023-01-20T08:33:57+00:00\",\"dateModified\":\"2023-01-29T20:24:48+00:00\",\"breadcrumb\":{\"@id\":\"https:\\\/\\\/thegreekfilmfestivalinberlin.com\\\/de\\\/jury-2023\\\/#breadcrumb\"},\"inLanguage\":\"de\",\"potentialAction\":[{\"@type\":\"ReadAction\",\"target\":[\"https:\\\/\\\/thegreekfilmfestivalinberlin.com\\\/de\\\/jury-2023\\\/\"]}]},{\"@type\":\"BreadcrumbList\",\"@id\":\"https:\\\/\\\/thegreekfilmfestivalinberlin.com\\\/de\\\/jury-2023\\\/#breadcrumb\",\"itemListElement\":[{\"@type\":\"ListItem\",\"position\":1,\"name\":\"Home\",\"item\":\"https:\\\/\\\/thegreekfilmfestivalinberlin.com\\\/de\\\/\"},{\"@type\":\"ListItem\",\"position\":2,\"name\":\"Jury 2023\"}]},{\"@type\":\"WebSite\",\"@id\":\"https:\\\/\\\/thegreekfilmfestivalinberlin.com\\\/de\\\/#website\",\"url\":\"https:\\\/\\\/thegreekfilmfestivalinberlin.com\\\/de\\\/\",\"name\":\"The Greek Film Festival in Berlin\",\"description\":\"\",\"publisher\":{\"@id\":\"https:\\\/\\\/thegreekfilmfestivalinberlin.com\\\/de\\\/#organization\"},\"potentialAction\":[{\"@type\":\"SearchAction\",\"target\":{\"@type\":\"EntryPoint\",\"urlTemplate\":\"https:\\\/\\\/thegreekfilmfestivalinberlin.com\\\/de\\\/?s={search_term_string}\"},\"query-input\":{\"@type\":\"PropertyValueSpecification\",\"valueRequired\":true,\"valueName\":\"search_term_string\"}}],\"inLanguage\":\"de\"},{\"@type\":\"Organization\",\"@id\":\"https:\\\/\\\/thegreekfilmfestivalinberlin.com\\\/de\\\/#organization\",\"name\":\"The Greek Film Festival in Berlin\",\"url\":\"https:\\\/\\\/thegreekfilmfestivalinberlin.com\\\/de\\\/\",\"logo\":{\"@type\":\"ImageObject\",\"inLanguage\":\"de\",\"@id\":\"https:\\\/\\\/thegreekfilmfestivalinberlin.com\\\/de\\\/#\\\/schema\\\/logo\\\/image\\\/\",\"url\":\"https:\\\/\\\/thegreekfilmfestivalinberlin.com\\\/wp-content\\\/uploads\\\/2020\\\/06\\\/peppermint_film_FINAL_White-03ohne-schrift.png\",\"contentUrl\":\"https:\\\/\\\/thegreekfilmfestivalinberlin.com\\\/wp-content\\\/uploads\\\/2020\\\/06\\\/peppermint_film_FINAL_White-03ohne-schrift.png\",\"width\":1819,\"height\":1212,\"caption\":\"The Greek Film Festival in Berlin\"},\"image\":{\"@id\":\"https:\\\/\\\/thegreekfilmfestivalinberlin.com\\\/de\\\/#\\\/schema\\\/logo\\\/image\\\/\"}}]}<\/script>\n<!-- \/ Yoast SEO plugin. -->","yoast_head_json":{"title":"Jury 2023 &#8211; The Greek Film Festival in Berlin","robots":{"index":"index","follow":"follow","max-snippet":"max-snippet:-1","max-image-preview":"max-image-preview:large","max-video-preview":"max-video-preview:-1"},"canonical":"https:\/\/thegreekfilmfestivalinberlin.com\/de\/jury-2023\/","og_locale":"de_DE","og_type":"article","og_title":"Jury 2023 &#8211; The Greek Film Festival in Berlin","og_description":"[vc_row full_height=&#8220;yes&#8220; css=&#8220;.vc_custom_1607026731154{margin-top: 0px !important;}&#8220;][vc_column width=&#8220;1\/3&#8243; el_class=&#8220;krebitz&#8220;][vc_empty_space height=&#8220;85px&#8220;][\/vc_column][vc_column width=&#8220;1\/3&#8243; css=&#8220;.vc_custom_1607284088894{padding-right: 8px !important;padding-left: 8px !important;}&#8220; offset=&#8220;vc_col-lg-offset-0 vc_col-lg-3 vc_col-md-offset-0 vc_col-md-6 vc_col-sm-offset-0&#8243; el_id=&#8220;isona&#8220;][vc_empty_space height=&#8220;85px&#8220;][\/vc_column][vc_column width=&#8220;1\/3&#8243; css=&#8220;.vc_custom_1607282930664{padding-right: 8px !important;padding-left: 8px !important;}&#8220; offset=&#8220;vc_col-lg-offset-0 vc_col-lg-3 vc_col-md-offset-0 vc_col-md-6 vc_col-sm-offset-0&#8243; el_id=&#8220;elstermann&#8220;][vc_empty_space height=&#8220;85px&#8220;][\/vc_column][vc_column][\/vc_column][vc_column][vc_empty_space][vc_empty_space][\/vc_column][\/vc_row][vc_row][vc_column][vc_column_text] Sydney Levine Sydney Levine ist Beraterin [&hellip;]","og_url":"https:\/\/thegreekfilmfestivalinberlin.com\/de\/jury-2023\/","og_site_name":"The Greek Film Festival in Berlin","article_modified_time":"2023-01-29T20:24:48+00:00","og_image":[{"width":1819,"height":1212,"url":"https:\/\/thegreekfilmfestivalinberlin.com\/wp-content\/uploads\/2020\/06\/peppermint_film_FINAL_White-03ohne-schrift.png","type":"image\/png"}],"twitter_card":"summary_large_image","twitter_misc":{"Gesch\u00e4tzte Lesezeit":"3\u00a0Minuten"},"schema":{"@context":"https:\/\/schema.org","@graph":[{"@type":"WebPage","@id":"https:\/\/thegreekfilmfestivalinberlin.com\/de\/jury-2023\/","url":"https:\/\/thegreekfilmfestivalinberlin.com\/de\/jury-2023\/","name":"Jury 2023 &#8211; The Greek Film Festival in Berlin","isPartOf":{"@id":"https:\/\/thegreekfilmfestivalinberlin.com\/de\/#website"},"datePublished":"2023-01-20T08:33:57+00:00","dateModified":"2023-01-29T20:24:48+00:00","breadcrumb":{"@id":"https:\/\/thegreekfilmfestivalinberlin.com\/de\/jury-2023\/#breadcrumb"},"inLanguage":"de","potentialAction":[{"@type":"ReadAction","target":["https:\/\/thegreekfilmfestivalinberlin.com\/de\/jury-2023\/"]}]},{"@type":"BreadcrumbList","@id":"https:\/\/thegreekfilmfestivalinberlin.com\/de\/jury-2023\/#breadcrumb","itemListElement":[{"@type":"ListItem","position":1,"name":"Home","item":"https:\/\/thegreekfilmfestivalinberlin.com\/de\/"},{"@type":"ListItem","position":2,"name":"Jury 2023"}]},{"@type":"WebSite","@id":"https:\/\/thegreekfilmfestivalinberlin.com\/de\/#website","url":"https:\/\/thegreekfilmfestivalinberlin.com\/de\/","name":"The Greek Film Festival in Berlin","description":"","publisher":{"@id":"https:\/\/thegreekfilmfestivalinberlin.com\/de\/#organization"},"potentialAction":[{"@type":"SearchAction","target":{"@type":"EntryPoint","urlTemplate":"https:\/\/thegreekfilmfestivalinberlin.com\/de\/?s={search_term_string}"},"query-input":{"@type":"PropertyValueSpecification","valueRequired":true,"valueName":"search_term_string"}}],"inLanguage":"de"},{"@type":"Organization","@id":"https:\/\/thegreekfilmfestivalinberlin.com\/de\/#organization","name":"The Greek Film Festival in Berlin","url":"https:\/\/thegreekfilmfestivalinberlin.com\/de\/","logo":{"@type":"ImageObject","inLanguage":"de","@id":"https:\/\/thegreekfilmfestivalinberlin.com\/de\/#\/schema\/logo\/image\/","url":"https:\/\/thegreekfilmfestivalinberlin.com\/wp-content\/uploads\/2020\/06\/peppermint_film_FINAL_White-03ohne-schrift.png","contentUrl":"https:\/\/thegreekfilmfestivalinberlin.com\/wp-content\/uploads\/2020\/06\/peppermint_film_FINAL_White-03ohne-schrift.png","width":1819,"height":1212,"caption":"The Greek Film Festival in Berlin"},"image":{"@id":"https:\/\/thegreekfilmfestivalinberlin.com\/de\/#\/schema\/logo\/image\/"}}]}},"_links":{"self":[{"href":"https:\/\/thegreekfilmfestivalinberlin.com\/de\/wp-json\/wp\/v2\/pages\/30557","targetHints":{"allow":["GET"]}}],"collection":[{"href":"https:\/\/thegreekfilmfestivalinberlin.com\/de\/wp-json\/wp\/v2\/pages"}],"about":[{"href":"https:\/\/thegreekfilmfestivalinberlin.com\/de\/wp-json\/wp\/v2\/types\/page"}],"author":[{"embeddable":true,"href":"https:\/\/thegreekfilmfestivalinberlin.com\/de\/wp-json\/wp\/v2\/users\/1"}],"replies":[{"embeddable":true,"href":"https:\/\/thegreekfilmfestivalinberlin.com\/de\/wp-json\/wp\/v2\/comments?post=30557"}],"version-history":[{"count":8,"href":"https:\/\/thegreekfilmfestivalinberlin.com\/de\/wp-json\/wp\/v2\/pages\/30557\/revisions"}],"predecessor-version":[{"id":30681,"href":"https:\/\/thegreekfilmfestivalinberlin.com\/de\/wp-json\/wp\/v2\/pages\/30557\/revisions\/30681"}],"wp:attachment":[{"href":"https:\/\/thegreekfilmfestivalinberlin.com\/de\/wp-json\/wp\/v2\/media?parent=30557"}],"curies":[{"name":"wp","href":"https:\/\/api.w.org\/{rel}","templated":true}]}}