{"id":26558,"date":"2022-01-26T08:52:15","date_gmt":"2022-01-26T07:52:15","guid":{"rendered":"https:\/\/thegreekfilmfestivalinberlin.com\/?page_id=26558"},"modified":"2022-02-02T09:41:47","modified_gmt":"2022-02-02T08:41:47","slug":"jury-2022","status":"publish","type":"page","link":"https:\/\/thegreekfilmfestivalinberlin.com\/de\/jury-2022\/","title":{"rendered":"Jury 2022"},"content":{"rendered":"<p>[vc_row full_height=&#8220;yes&#8220; css=&#8220;.vc_custom_1607026731154{margin-top: 0px !important;}&#8220;][vc_column width=&#8220;1\/3&#8243; el_class=&#8220;krebitz&#8220;]<div class=\"edgtf-team-holder edgtf-team-info-on-image\">\n\t<div class=\"edgtf-team-inner\">\n\t\t\t\t\t<div class=\"edgtf-team-image\">\n                <img loading=\"lazy\" decoding=\"async\" width=\"1920\" height=\"2560\" src=\"https:\/\/thegreekfilmfestivalinberlin.com\/wp-content\/uploads\/2022\/01\/Foto-Valeska-Neu-scaled.jpg\" class=\"attachment-full size-full\" alt=\"\" srcset=\"https:\/\/thegreekfilmfestivalinberlin.com\/wp-content\/uploads\/2022\/01\/Foto-Valeska-Neu-scaled.jpg 1920w, https:\/\/thegreekfilmfestivalinberlin.com\/wp-content\/uploads\/2022\/01\/Foto-Valeska-Neu-225x300.jpg 225w, https:\/\/thegreekfilmfestivalinberlin.com\/wp-content\/uploads\/2022\/01\/Foto-Valeska-Neu-773x1030.jpg 773w, https:\/\/thegreekfilmfestivalinberlin.com\/wp-content\/uploads\/2022\/01\/Foto-Valeska-Neu-768x1024.jpg 768w, https:\/\/thegreekfilmfestivalinberlin.com\/wp-content\/uploads\/2022\/01\/Foto-Valeska-Neu-1152x1536.jpg 1152w, https:\/\/thegreekfilmfestivalinberlin.com\/wp-content\/uploads\/2022\/01\/Foto-Valeska-Neu-1536x2048.jpg 1536w\" sizes=\"auto, (max-width: 1920px) 100vw, 1920px\" \/>\t\t\t\t<div class=\"edgtf-team-social-wrapper\">\n\t\t\t\t\t<div class=\"edgtf-team-social-outer\">\n\t\t\t\t\t\t<div class=\"edgtf-team-social-inner\">\n                            \t\t\t\t\t\t\t\t\t\t\t\t\t\t\t<h5 class=\"edgtf-team-name\" >Valeska Neu<\/h5>\n\t\t\t\t\t\t\t\t\t\t\t\t\t\t                            \t\t\t\t\t\t\t                            \t\t\t\t\t\t<\/div>\n\t\t\t\t\t<\/div>\n\t\t\t\t<\/div>\n\t\t\t<\/div>\n\n\t\t\t<\/div>\n<\/div>[vc_empty_space height=&#8220;85px&#8220;][\/vc_column][vc_column width=&#8220;1\/3&#8243; css=&#8220;.vc_custom_1607284088894{padding-right: 8px !important;padding-left: 8px !important;}&#8220; offset=&#8220;vc_col-lg-offset-0 vc_col-lg-3 vc_col-md-offset-0 vc_col-md-6 vc_col-sm-offset-0&#8243; el_id=&#8220;isona&#8220;]<div class=\"edgtf-team-holder edgtf-team-info-on-image\">\n\t<div class=\"edgtf-team-inner\">\n\t\t\t\t\t<div class=\"edgtf-team-image\">\n                <img loading=\"lazy\" decoding=\"async\" width=\"2560\" height=\"1707\" src=\"https:\/\/thegreekfilmfestivalinberlin.com\/wp-content\/uploads\/2022\/01\/Bernd-Buder-scaled.jpg\" class=\"attachment-full size-full\" alt=\"\" srcset=\"https:\/\/thegreekfilmfestivalinberlin.com\/wp-content\/uploads\/2022\/01\/Bernd-Buder-scaled.jpg 2560w, https:\/\/thegreekfilmfestivalinberlin.com\/wp-content\/uploads\/2022\/01\/Bernd-Buder-300x200.jpg 300w, https:\/\/thegreekfilmfestivalinberlin.com\/wp-content\/uploads\/2022\/01\/Bernd-Buder-1030x687.jpg 1030w, https:\/\/thegreekfilmfestivalinberlin.com\/wp-content\/uploads\/2022\/01\/Bernd-Buder-768x512.jpg 768w, https:\/\/thegreekfilmfestivalinberlin.com\/wp-content\/uploads\/2022\/01\/Bernd-Buder-1536x1024.jpg 1536w\" sizes=\"auto, (max-width: 2560px) 100vw, 2560px\" \/>\t\t\t\t<div class=\"edgtf-team-social-wrapper\">\n\t\t\t\t\t<div class=\"edgtf-team-social-outer\">\n\t\t\t\t\t\t<div class=\"edgtf-team-social-inner\">\n                            \t\t\t\t\t\t\t\t\t\t\t\t\t\t\t<h5 class=\"edgtf-team-name\" >Bernd Buder<\/h5>\n\t\t\t\t\t\t\t\t\t\t\t\t\t\t                            \t\t\t\t\t\t\t                            \t\t\t\t\t\t<\/div>\n\t\t\t\t\t<\/div>\n\t\t\t\t<\/div>\n\t\t\t<\/div>\n\n\t\t\t<\/div>\n<\/div>[vc_empty_space height=&#8220;85px&#8220;][\/vc_column][vc_column width=&#8220;1\/3&#8243; css=&#8220;.vc_custom_1607282930664{padding-right: 8px !important;padding-left: 8px !important;}&#8220; offset=&#8220;vc_col-lg-offset-0 vc_col-lg-3 vc_col-md-offset-0 vc_col-md-6 vc_col-sm-offset-0&#8243; el_id=&#8220;elstermann&#8220;]<div class=\"edgtf-team-holder edgtf-team-info-on-image\">\n\t<div class=\"edgtf-team-inner\">\n\t\t\t\t\t<div class=\"edgtf-team-image\">\n                <img loading=\"lazy\" decoding=\"async\" width=\"1575\" height=\"1181\" src=\"https:\/\/thegreekfilmfestivalinberlin.com\/wp-content\/uploads\/2022\/01\/Foto-Ligouris-.jpg\" class=\"attachment-full size-full\" alt=\"\" srcset=\"https:\/\/thegreekfilmfestivalinberlin.com\/wp-content\/uploads\/2022\/01\/Foto-Ligouris-.jpg 1575w, https:\/\/thegreekfilmfestivalinberlin.com\/wp-content\/uploads\/2022\/01\/Foto-Ligouris--300x225.jpg 300w, https:\/\/thegreekfilmfestivalinberlin.com\/wp-content\/uploads\/2022\/01\/Foto-Ligouris--1030x772.jpg 1030w, https:\/\/thegreekfilmfestivalinberlin.com\/wp-content\/uploads\/2022\/01\/Foto-Ligouris--768x576.jpg 768w, https:\/\/thegreekfilmfestivalinberlin.com\/wp-content\/uploads\/2022\/01\/Foto-Ligouris--1536x1152.jpg 1536w\" sizes=\"auto, (max-width: 1575px) 100vw, 1575px\" \/>\t\t\t\t<div class=\"edgtf-team-social-wrapper\">\n\t\t\t\t\t<div class=\"edgtf-team-social-outer\">\n\t\t\t\t\t\t<div class=\"edgtf-team-social-inner\">\n                            \t\t\t\t\t\t\t\t\t\t\t\t\t\t\t<h5 class=\"edgtf-team-name\" >Nicos Ligouris<\/h5>\n\t\t\t\t\t\t\t\t\t\t\t\t\t\t                            \t\t\t\t\t\t\t                            \t\t\t\t\t\t<\/div>\n\t\t\t\t\t<\/div>\n\t\t\t\t<\/div>\n\t\t\t<\/div>\n\n\t\t\t<\/div>\n<\/div>[vc_empty_space height=&#8220;85px&#8220;][\/vc_column][vc_column][vc_empty_space][\/vc_column][vc_column][\/vc_column][\/vc_row][vc_row][vc_column][vc_column_text]<\/p>\n<h4><span style=\"color: #333333;\"><strong>Valeska Neu<\/strong><\/span><\/h4>\n<p><span style=\"color: #333333;\">Neben ihrem Studium der Zeitgeschichte, Journalistik und Filmwissenschaft in Deutschland und Frankreich ist Valeska seit 2002 in der Filmbranche t\u00e4tig und schreibt f\u00fcr Internetmagazine, organisiert Filmfestivals und ber\u00e4t Filmprojekte. Sie arbeitete f\u00fcr Produktionsfirmen, die sich auf Arthouse-Kino spezialisieren, bevor sie 2010 zum Team der Berliner Vertriebsgesellschaft Films Boutique stie\u00df. Dort war sie Leiterin des Festivalmanagements und ist seit 2016 als Verkaufsleiterin f\u00fcr den Vertrieb in den nordischen L\u00e4ndern, Osteuropa und Asien sowie alle TV- und VOD-Operationen t\u00e4tig. Films Boutique ist ein in Berlin ans\u00e4ssiger internationaler Weltvertrieb mit einem Herz, das leicht von Arthouse- und Dokumentarfilmen besessen ist. <\/span>[\/vc_column_text][\/vc_column][\/vc_row][vc_row][vc_column][vc_column_text]<\/p>\n<h4><strong>Bernd Buder<\/strong><\/h4>\n<p><span style=\"color: #333333;\">Geboren 1964 in Berlin (West), studierte Politikwissenschaft an der Freien Universit\u00e4t Berlin. 1996-2005 Programmleiter des Berliner Filmkunsthaus Babylon. Kuratorische T\u00e4tigkeiten f\u00fcr verschiedene Filmfestivals (T\u00fcrkische Filmwoche Berlin, goEast Filmfestival, dokumentArt Neubrandenburg, Prishtina FilmFestival). Seit 1996 in verschiedenen Positionen \u2013 Recherche, Pressesprecher, Kurator \u2013 mit dem FilmFestival Cottbus verbunden, leitete er 2011-2014 dessen Koproduktionsmarkt C<em>onnecting Cottbus<\/em> und ist seit 2015 dessen Programmdirektor. Seit 2021: Mitglied des Programmkollektivs des J\u00fcdischen Filmfestivals Berlin Brandenburg als Programmdirektor. Buder programmiert auch die Wettbewerbe des europ\u00e4ischen Filmfestivals Cinedays in Skopje und arbeitet als Programmberater f\u00fcr die Berlinale-Sektion <em>Forum<\/em>. Er ist auch als Filmjournalist und Lecturer t\u00e4tig und Mitglied der Europ\u00e4ischen Filmakademie.<\/span><\/p>\n<h4><\/h4>\n<p>[\/vc_column_text][\/vc_column][\/vc_row][vc_row][vc_column][vc_column_text]<\/p>\n<h4><strong>Nicos Ligouris\u00a0<\/strong><\/h4>\n<p class=\"p1\"><span style=\"color: #333333;\">Nicos Ligouris ist in Athen geboren. Von 1972 bis 1979 schrieb er Filmkritik f\u00fcr die Filmzeitscrift <em>Synchronos Kinimatographos<\/em>. Von 1974 bis 1978 studierte er Filmregie an der Hochschule f\u00fcr Fernsehen und Film in M\u00fcnchen. Es folgten Spiel- und Dokumentarfilme meistens als deutsch-griechische Co-Produktionen u.a: <em>Nebel unter der Sonne<\/em> (1979), <em>Erebos <\/em>(1989), <em>Herz aus Stein<\/em> (1994 \u2013 Bestes Drehbuch zusammen mit Claus Wilbrandt beim Internationalen Filmfestival Thessaloniki 1995), <em>Sommerblitze<\/em> (2004 \u2013 Bester Film beim Dokumentarfilmestival Thessaloniki 2004), <em>Die Liebenden von Axos<\/em> (2007 \u2013 FIPRESCI-Preis beim Dokumentarfilmestival Thessaloniki 2008, Preis des griechischen Filmzentrums beim Dokumentarfilmestival Thessaloniki 2008, Orpheus Award beim Los Angeles Greek Film Festival 2008), <em>Sultan Ahmed ist aufgewacht<\/em> (2012), <em>Dialog von Berlin<\/em> (2017). Daneben hat er f\u00fcr den WDR und das 3sat Werkstattberichte \u00fcber die Arbeit von Filmk\u00fcnstlern wie Raoul Coutard, Jacques Doillon, Paul Vecchiali, Alexander Sokurov und Theo Angelopoulos gedreht. Nicos Ligouris lebt in Berlin.<\/span><\/p>\n<h4><\/h4>\n<p>[\/vc_column_text][\/vc_column][\/vc_row]<\/p>\n","protected":false},"excerpt":{"rendered":"<p>[vc_row full_height=&#8220;yes&#8220; css=&#8220;.vc_custom_1607026731154{margin-top: 0px !important;}&#8220;][vc_column width=&#8220;1\/3&#8243; el_class=&#8220;krebitz&#8220;][vc_empty_space height=&#8220;85px&#8220;][\/vc_column][vc_column width=&#8220;1\/3&#8243; css=&#8220;.vc_custom_1607284088894{padding-right: 8px !important;padding-left: 8px !important;}&#8220; offset=&#8220;vc_col-lg-offset-0 vc_col-lg-3 vc_col-md-offset-0 vc_col-md-6 vc_col-sm-offset-0&#8243; el_id=&#8220;isona&#8220;][vc_empty_space height=&#8220;85px&#8220;][\/vc_column][vc_column width=&#8220;1\/3&#8243; css=&#8220;.vc_custom_1607282930664{padding-right: 8px !important;padding-left: 8px !important;}&#8220; offset=&#8220;vc_col-lg-offset-0 vc_col-lg-3 vc_col-md-offset-0 vc_col-md-6 vc_col-sm-offset-0&#8243; el_id=&#8220;elstermann&#8220;][vc_empty_space height=&#8220;85px&#8220;][\/vc_column][vc_column][vc_empty_space][\/vc_column][vc_column][\/vc_column][\/vc_row][vc_row][vc_column][vc_column_text] Valeska Neu Neben ihrem Studium der [&hellip;]<\/p>\n","protected":false},"author":1,"featured_media":0,"parent":0,"menu_order":0,"comment_status":"closed","ping_status":"closed","template":"","meta":{"footnotes":""},"class_list":["post-26558","page","type-page","status-publish","hentry"],"yoast_head":"<!-- This site is optimized with the Yoast SEO plugin v27.3 - https:\/\/yoast.com\/product\/yoast-seo-wordpress\/ -->\n<title>Jury 2022 &#8211; The Greek Film Festival in Berlin<\/title>\n<meta name=\"robots\" content=\"index, follow, max-snippet:-1, max-image-preview:large, max-video-preview:-1\" \/>\n<link rel=\"canonical\" href=\"https:\/\/thegreekfilmfestivalinberlin.com\/de\/jury-2022\/\" \/>\n<meta property=\"og:locale\" content=\"de_DE\" \/>\n<meta property=\"og:type\" content=\"article\" \/>\n<meta property=\"og:title\" content=\"Jury 2022 &#8211; The Greek Film Festival in Berlin\" \/>\n<meta property=\"og:description\" content=\"[vc_row full_height=&#8220;yes&#8220; css=&#8220;.vc_custom_1607026731154{margin-top: 0px !important;}&#8220;][vc_column width=&#8220;1\/3&#8243; el_class=&#8220;krebitz&#8220;][vc_empty_space height=&#8220;85px&#8220;][\/vc_column][vc_column width=&#8220;1\/3&#8243; css=&#8220;.vc_custom_1607284088894{padding-right: 8px !important;padding-left: 8px !important;}&#8220; offset=&#8220;vc_col-lg-offset-0 vc_col-lg-3 vc_col-md-offset-0 vc_col-md-6 vc_col-sm-offset-0&#8243; el_id=&#8220;isona&#8220;][vc_empty_space height=&#8220;85px&#8220;][\/vc_column][vc_column width=&#8220;1\/3&#8243; css=&#8220;.vc_custom_1607282930664{padding-right: 8px !important;padding-left: 8px !important;}&#8220; offset=&#8220;vc_col-lg-offset-0 vc_col-lg-3 vc_col-md-offset-0 vc_col-md-6 vc_col-sm-offset-0&#8243; el_id=&#8220;elstermann&#8220;][vc_empty_space height=&#8220;85px&#8220;][\/vc_column][vc_column][vc_empty_space][\/vc_column][vc_column][\/vc_column][\/vc_row][vc_row][vc_column][vc_column_text] Valeska Neu Neben ihrem Studium der [&hellip;]\" \/>\n<meta property=\"og:url\" content=\"https:\/\/thegreekfilmfestivalinberlin.com\/de\/jury-2022\/\" \/>\n<meta property=\"og:site_name\" content=\"The Greek Film Festival in Berlin\" \/>\n<meta property=\"article:modified_time\" content=\"2022-02-02T08:41:47+00:00\" \/>\n<meta property=\"og:image\" content=\"https:\/\/thegreekfilmfestivalinberlin.com\/wp-content\/uploads\/2020\/06\/peppermint_film_FINAL_White-03ohne-schrift.png\" \/>\n\t<meta property=\"og:image:width\" content=\"1819\" \/>\n\t<meta property=\"og:image:height\" content=\"1212\" \/>\n\t<meta property=\"og:image:type\" content=\"image\/png\" \/>\n<meta name=\"twitter:card\" content=\"summary_large_image\" \/>\n<meta name=\"twitter:label1\" content=\"Gesch\u00e4tzte Lesezeit\" \/>\n\t<meta name=\"twitter:data1\" content=\"3\u00a0Minuten\" \/>\n<script type=\"application\/ld+json\" class=\"yoast-schema-graph\">{\"@context\":\"https:\\\/\\\/schema.org\",\"@graph\":[{\"@type\":\"WebPage\",\"@id\":\"https:\\\/\\\/thegreekfilmfestivalinberlin.com\\\/de\\\/jury-2022\\\/\",\"url\":\"https:\\\/\\\/thegreekfilmfestivalinberlin.com\\\/de\\\/jury-2022\\\/\",\"name\":\"Jury 2022 &#8211; The Greek Film Festival in Berlin\",\"isPartOf\":{\"@id\":\"https:\\\/\\\/thegreekfilmfestivalinberlin.com\\\/de\\\/#website\"},\"datePublished\":\"2022-01-26T07:52:15+00:00\",\"dateModified\":\"2022-02-02T08:41:47+00:00\",\"breadcrumb\":{\"@id\":\"https:\\\/\\\/thegreekfilmfestivalinberlin.com\\\/de\\\/jury-2022\\\/#breadcrumb\"},\"inLanguage\":\"de\",\"potentialAction\":[{\"@type\":\"ReadAction\",\"target\":[\"https:\\\/\\\/thegreekfilmfestivalinberlin.com\\\/de\\\/jury-2022\\\/\"]}]},{\"@type\":\"BreadcrumbList\",\"@id\":\"https:\\\/\\\/thegreekfilmfestivalinberlin.com\\\/de\\\/jury-2022\\\/#breadcrumb\",\"itemListElement\":[{\"@type\":\"ListItem\",\"position\":1,\"name\":\"Home\",\"item\":\"https:\\\/\\\/thegreekfilmfestivalinberlin.com\\\/de\\\/\"},{\"@type\":\"ListItem\",\"position\":2,\"name\":\"Jury 2022\"}]},{\"@type\":\"WebSite\",\"@id\":\"https:\\\/\\\/thegreekfilmfestivalinberlin.com\\\/de\\\/#website\",\"url\":\"https:\\\/\\\/thegreekfilmfestivalinberlin.com\\\/de\\\/\",\"name\":\"The Greek Film Festival in Berlin\",\"description\":\"\",\"publisher\":{\"@id\":\"https:\\\/\\\/thegreekfilmfestivalinberlin.com\\\/de\\\/#organization\"},\"potentialAction\":[{\"@type\":\"SearchAction\",\"target\":{\"@type\":\"EntryPoint\",\"urlTemplate\":\"https:\\\/\\\/thegreekfilmfestivalinberlin.com\\\/de\\\/?s={search_term_string}\"},\"query-input\":{\"@type\":\"PropertyValueSpecification\",\"valueRequired\":true,\"valueName\":\"search_term_string\"}}],\"inLanguage\":\"de\"},{\"@type\":\"Organization\",\"@id\":\"https:\\\/\\\/thegreekfilmfestivalinberlin.com\\\/de\\\/#organization\",\"name\":\"The Greek Film Festival in Berlin\",\"url\":\"https:\\\/\\\/thegreekfilmfestivalinberlin.com\\\/de\\\/\",\"logo\":{\"@type\":\"ImageObject\",\"inLanguage\":\"de\",\"@id\":\"https:\\\/\\\/thegreekfilmfestivalinberlin.com\\\/de\\\/#\\\/schema\\\/logo\\\/image\\\/\",\"url\":\"https:\\\/\\\/thegreekfilmfestivalinberlin.com\\\/wp-content\\\/uploads\\\/2020\\\/06\\\/peppermint_film_FINAL_White-03ohne-schrift.png\",\"contentUrl\":\"https:\\\/\\\/thegreekfilmfestivalinberlin.com\\\/wp-content\\\/uploads\\\/2020\\\/06\\\/peppermint_film_FINAL_White-03ohne-schrift.png\",\"width\":1819,\"height\":1212,\"caption\":\"The Greek Film Festival in Berlin\"},\"image\":{\"@id\":\"https:\\\/\\\/thegreekfilmfestivalinberlin.com\\\/de\\\/#\\\/schema\\\/logo\\\/image\\\/\"}}]}<\/script>\n<!-- \/ Yoast SEO plugin. -->","yoast_head_json":{"title":"Jury 2022 &#8211; The Greek Film Festival in Berlin","robots":{"index":"index","follow":"follow","max-snippet":"max-snippet:-1","max-image-preview":"max-image-preview:large","max-video-preview":"max-video-preview:-1"},"canonical":"https:\/\/thegreekfilmfestivalinberlin.com\/de\/jury-2022\/","og_locale":"de_DE","og_type":"article","og_title":"Jury 2022 &#8211; The Greek Film Festival in Berlin","og_description":"[vc_row full_height=&#8220;yes&#8220; css=&#8220;.vc_custom_1607026731154{margin-top: 0px !important;}&#8220;][vc_column width=&#8220;1\/3&#8243; el_class=&#8220;krebitz&#8220;][vc_empty_space height=&#8220;85px&#8220;][\/vc_column][vc_column width=&#8220;1\/3&#8243; css=&#8220;.vc_custom_1607284088894{padding-right: 8px !important;padding-left: 8px !important;}&#8220; offset=&#8220;vc_col-lg-offset-0 vc_col-lg-3 vc_col-md-offset-0 vc_col-md-6 vc_col-sm-offset-0&#8243; el_id=&#8220;isona&#8220;][vc_empty_space height=&#8220;85px&#8220;][\/vc_column][vc_column width=&#8220;1\/3&#8243; css=&#8220;.vc_custom_1607282930664{padding-right: 8px !important;padding-left: 8px !important;}&#8220; offset=&#8220;vc_col-lg-offset-0 vc_col-lg-3 vc_col-md-offset-0 vc_col-md-6 vc_col-sm-offset-0&#8243; el_id=&#8220;elstermann&#8220;][vc_empty_space height=&#8220;85px&#8220;][\/vc_column][vc_column][vc_empty_space][\/vc_column][vc_column][\/vc_column][\/vc_row][vc_row][vc_column][vc_column_text] Valeska Neu Neben ihrem Studium der [&hellip;]","og_url":"https:\/\/thegreekfilmfestivalinberlin.com\/de\/jury-2022\/","og_site_name":"The Greek Film Festival in Berlin","article_modified_time":"2022-02-02T08:41:47+00:00","og_image":[{"width":1819,"height":1212,"url":"https:\/\/thegreekfilmfestivalinberlin.com\/wp-content\/uploads\/2020\/06\/peppermint_film_FINAL_White-03ohne-schrift.png","type":"image\/png"}],"twitter_card":"summary_large_image","twitter_misc":{"Gesch\u00e4tzte Lesezeit":"3\u00a0Minuten"},"schema":{"@context":"https:\/\/schema.org","@graph":[{"@type":"WebPage","@id":"https:\/\/thegreekfilmfestivalinberlin.com\/de\/jury-2022\/","url":"https:\/\/thegreekfilmfestivalinberlin.com\/de\/jury-2022\/","name":"Jury 2022 &#8211; The Greek Film Festival in Berlin","isPartOf":{"@id":"https:\/\/thegreekfilmfestivalinberlin.com\/de\/#website"},"datePublished":"2022-01-26T07:52:15+00:00","dateModified":"2022-02-02T08:41:47+00:00","breadcrumb":{"@id":"https:\/\/thegreekfilmfestivalinberlin.com\/de\/jury-2022\/#breadcrumb"},"inLanguage":"de","potentialAction":[{"@type":"ReadAction","target":["https:\/\/thegreekfilmfestivalinberlin.com\/de\/jury-2022\/"]}]},{"@type":"BreadcrumbList","@id":"https:\/\/thegreekfilmfestivalinberlin.com\/de\/jury-2022\/#breadcrumb","itemListElement":[{"@type":"ListItem","position":1,"name":"Home","item":"https:\/\/thegreekfilmfestivalinberlin.com\/de\/"},{"@type":"ListItem","position":2,"name":"Jury 2022"}]},{"@type":"WebSite","@id":"https:\/\/thegreekfilmfestivalinberlin.com\/de\/#website","url":"https:\/\/thegreekfilmfestivalinberlin.com\/de\/","name":"The Greek Film Festival in Berlin","description":"","publisher":{"@id":"https:\/\/thegreekfilmfestivalinberlin.com\/de\/#organization"},"potentialAction":[{"@type":"SearchAction","target":{"@type":"EntryPoint","urlTemplate":"https:\/\/thegreekfilmfestivalinberlin.com\/de\/?s={search_term_string}"},"query-input":{"@type":"PropertyValueSpecification","valueRequired":true,"valueName":"search_term_string"}}],"inLanguage":"de"},{"@type":"Organization","@id":"https:\/\/thegreekfilmfestivalinberlin.com\/de\/#organization","name":"The Greek Film Festival in Berlin","url":"https:\/\/thegreekfilmfestivalinberlin.com\/de\/","logo":{"@type":"ImageObject","inLanguage":"de","@id":"https:\/\/thegreekfilmfestivalinberlin.com\/de\/#\/schema\/logo\/image\/","url":"https:\/\/thegreekfilmfestivalinberlin.com\/wp-content\/uploads\/2020\/06\/peppermint_film_FINAL_White-03ohne-schrift.png","contentUrl":"https:\/\/thegreekfilmfestivalinberlin.com\/wp-content\/uploads\/2020\/06\/peppermint_film_FINAL_White-03ohne-schrift.png","width":1819,"height":1212,"caption":"The Greek Film Festival in Berlin"},"image":{"@id":"https:\/\/thegreekfilmfestivalinberlin.com\/de\/#\/schema\/logo\/image\/"}}]}},"_links":{"self":[{"href":"https:\/\/thegreekfilmfestivalinberlin.com\/de\/wp-json\/wp\/v2\/pages\/26558","targetHints":{"allow":["GET"]}}],"collection":[{"href":"https:\/\/thegreekfilmfestivalinberlin.com\/de\/wp-json\/wp\/v2\/pages"}],"about":[{"href":"https:\/\/thegreekfilmfestivalinberlin.com\/de\/wp-json\/wp\/v2\/types\/page"}],"author":[{"embeddable":true,"href":"https:\/\/thegreekfilmfestivalinberlin.com\/de\/wp-json\/wp\/v2\/users\/1"}],"replies":[{"embeddable":true,"href":"https:\/\/thegreekfilmfestivalinberlin.com\/de\/wp-json\/wp\/v2\/comments?post=26558"}],"version-history":[{"count":8,"href":"https:\/\/thegreekfilmfestivalinberlin.com\/de\/wp-json\/wp\/v2\/pages\/26558\/revisions"}],"predecessor-version":[{"id":26766,"href":"https:\/\/thegreekfilmfestivalinberlin.com\/de\/wp-json\/wp\/v2\/pages\/26558\/revisions\/26766"}],"wp:attachment":[{"href":"https:\/\/thegreekfilmfestivalinberlin.com\/de\/wp-json\/wp\/v2\/media?parent=26558"}],"curies":[{"name":"wp","href":"https:\/\/api.w.org\/{rel}","templated":true}]}}