{"id":22952,"date":"2020-06-11T09:47:52","date_gmt":"2020-06-11T07:47:52","guid":{"rendered":"http:\/\/relaunch.hellasfilmbox.de\/?page_id=22952"},"modified":"2025-08-19T15:19:15","modified_gmt":"2025-08-19T13:19:15","slug":"ueber-das-filmfest","status":"publish","type":"page","link":"https:\/\/thegreekfilmfestivalinberlin.com\/de\/ueber-das-filmfest\/","title":{"rendered":"\u00dcber das Filmfest"},"content":{"rendered":"<p>[vc_row css=&#8220;.vc_custom_1593847869938{margin-top: -200px !important;}&#8220; parallax_background_image=&#8220;1167&#8243; parallax_bg_speed=&#8220;0.3&#8243;][vc_column][vc_row_inner row_content_width=&#8220;grid&#8220; css=&#8220;.vc_custom_1570534043489{padding-top: 100px !important;padding-bottom: 135px !important;}&#8220;][vc_column_inner]<div class=\"edgtf-elements-holder   edgtf-two-columns  edgtf-responsive-mode-1024 \" ><div class=\"edgtf-eh-item    \"  data-item-class=\"edgtf-eh-custom-2105\" data-769-1024=\"0 0 30px 0\" data-681-768=\"0 0 30px 0\" data-680=\"0 0 30px 0\">\n\t<div class=\"edgtf-eh-item-inner\">\n\t\t<div class=\"edgtf-eh-item-content edgtf-eh-custom-2105\" style=\"padding: 0 20px 0 31px\">\n\t\t\t[vc_column_text]<\/p>\n<p>&nbsp;<\/p>\n<p><span style=\"font-weight: 400; color: #000000;\"><strong>The Greek Film Festival in Berlin<\/strong> ist das griechische Filmfestival, das 2015 als Hellas Filmbox Berlin gegr\u00fcndet wurde. Das Festival bietet dem deutschen und internationalen Publikum eine einzigartige Gelegenheit, das Beste des neuen griechischen Kinos (oder mit Bezug zu Griechenland) auf der gro\u00dfen Leinwand zu sehen. Wir zeigen 35 bis 40 Spielfilme, Dokumentarfilme und Kurzfilme, die meisten davon sind deutsche oder internationale Erstauff\u00fchrungen.\u00a0<\/span><\/p>\n<p><span style=\"font-weight: 400; color: #000000;\">Die f\u00fcnft\u00e4gige Veranstaltung findet jedes Jahr im M\u00e4rz im historischen Babylon im Herzen von Berlin statt. Durch die Teilnahme von Filmemachern, Produzenten, hochkar\u00e4tigen Jurymitgliedern, Filmprofis und K\u00fcnstlern sowie durch die Organisation von Parallelveranstaltungen, Diskussionen, Ausstellungen und Networking-Events hat sich das Festival zu einem der f\u00fchrenden Filmevents der Stadt entwickelt. Ein besonderer Dank geht an unser erstaunliches und wachsendes Festivalpublikum. Die Deutsch-Griechische Kulturassoziation e.V. organisiert das Festival.<\/span>[\/vc_column_text]\t\t<\/div>\n\t<\/div>\n<\/div><div class=\"edgtf-eh-item    \"  data-item-class=\"edgtf-eh-custom-8878\" data-769-1024=\"0 0 0 0\" data-681-768=\"0 0 0 0\" data-680=\"0 0 0 0\">\n\t<div class=\"edgtf-eh-item-inner\">\n\t\t<div class=\"edgtf-eh-item-content edgtf-eh-custom-8878\" style=\"padding: 0 20px 0 36px\">\n\t\t\t[vc_column_text]<\/p>\n<section class=\"av_textblock_section\">\n<div class=\"avia_textblock \">\n<p>&nbsp;<\/p>\n<p><span style=\"font-weight: 400; color: #000000;\"><strong>Die Deutsch-Griechische Kulturassoziation e.V.<\/strong> wurde im April 2015 von deutschen und griechischen Initiatoren in Berlin mit dem Ziel gegr\u00fcndet, die deutsch-griechischen Beziehungen durch kulturelle Projekte wie Hellas Filmbox Berlin (2016- 2019), The Greek Film Festival in Berlin (2020 &#8211; heute), The Greek Film Festival Goes Frankfurt, The Greek Film Festival goes K\u00f6ln (aktuell) zu unterst\u00fctzen und zu st\u00e4rken.\u00a0<\/span><\/p>\n<p><span style=\"font-weight: 400; color: #000000;\">Die Initiatoren der Deutsch-Griechischen Kulturassoziation e.V. waren die K\u00fcnstler Asteris Kutulas und Ina Kutulas.\u00a0<\/span><\/p>\n<p><span style=\"font-weight: 400; color: #000000;\">Dem Vorstand des Vereins geh\u00f6ren derzeit Sofia Stavrianidou (Festivalleiterin) und Alkistis Kafetzi (Organisation unf Film Traffic) an.<\/span><\/p>\n<p><a href=\"http:\/\/www.deutsch-griechische-kulturassoziation.de\/\" target=\"_blank\" rel=\"noopener noreferrer\">www.deutsch-griechische-kulturassoziation.de<\/a><\/p>\n<p><a href=\"https:\/\/thegreekfilmfestivalinberlin.com\/wp-content\/uploads\/2020\/05\/Logo_Verein_CMYK_300dpi.jpg\"><img loading=\"lazy\" decoding=\"async\" class=\" wp-image-22014 alignleft\" src=\"https:\/\/thegreekfilmfestivalinberlin.com\/wp-content\/uploads\/2020\/05\/Logo_Verein_CMYK_300dpi-300x66.jpg\" alt=\"\" width=\"173\" height=\"38\" srcset=\"https:\/\/thegreekfilmfestivalinberlin.com\/wp-content\/uploads\/2020\/05\/Logo_Verein_CMYK_300dpi-300x66.jpg 300w, https:\/\/thegreekfilmfestivalinberlin.com\/wp-content\/uploads\/2020\/05\/Logo_Verein_CMYK_300dpi-1030x228.jpg 1030w, https:\/\/thegreekfilmfestivalinberlin.com\/wp-content\/uploads\/2020\/05\/Logo_Verein_CMYK_300dpi-768x170.jpg 768w, https:\/\/thegreekfilmfestivalinberlin.com\/wp-content\/uploads\/2020\/05\/Logo_Verein_CMYK_300dpi.jpg 1433w\" sizes=\"auto, (max-width: 173px) 100vw, 173px\" \/><\/a><\/p>\n<p>&nbsp;<\/p><\/div>\n<\/section>\n<p>[\/vc_column_text]\t\t<\/div>\n\t<\/div>\n<\/div><\/div>[\/vc_column_inner][\/vc_row_inner][vc_empty_space height=&#8220;100px&#8220;][\/vc_column][\/vc_row][vc_row][vc_column width=&#8220;1\/3&#8243;][\/vc_column][vc_column width=&#8220;1\/3&#8243;][vc_custom_heading text=&#8220;Trailer 2025&#8243; font_container=&#8220;tag:h5|text_align:center&#8220; link=&#8220;url:https%3A%2F%2Fvimeo.com%2F1063542348|title:Trailer%202025|target:_blank&#8220;][vc_video link=&#8220;https:\/\/vimeo.com\/1063542348&#8243;][\/vc_column][vc_column width=&#8220;1\/3&#8243;][vc_custom_heading text=&#8220;Trailer 2024&#8243; font_container=&#8220;tag:h5|text_align:center&#8220; link=&#8220;url:https%3A%2F%2Fvimeo.com%2F917469523|title:Trailer%202024|target:_blank&#8220;][vc_video link=&#8220;https:\/\/vimeo.com\/917469523&#8243;][\/vc_column][\/vc_row][vc_row][vc_column width=&#8220;1\/3&#8243;][vc_custom_heading text=&#8220;Trailer 2023&#8243; font_container=&#8220;tag:h5|text_align:center&#8220; link=&#8220;url:https%3A%2F%2Fvimeo.com%2F797509984|title:Trailer%202023|target:_blank&#8220;][vc_video link=&#8220;https:\/\/vimeo.com\/797509984&#8243;][\/vc_column][vc_column width=&#8220;1\/3&#8243;][vc_custom_heading text=&#8220;Trailer 2022&#8243; font_container=&#8220;tag:h5|text_align:center&#8220; link=&#8220;url:https%3A%2F%2Fvimeo.com%2F681765399|title:Trailer%202022|target:_blank&#8220;][vc_video link=&#8220;https:\/\/vimeo.com\/681765399&#8243;][\/vc_column][vc_column width=&#8220;1\/3&#8243;][vc_custom_heading text=&#8220;Trailer 2021&#8243; font_container=&#8220;tag:h5|text_align:center&#8220; link=&#8220;url:https%3A%2F%2Fvimeo.com%2F538287961|title:Trailer%202021|target:_blank&#8220;][vc_video link=&#8220;https:\/\/vimeo.com\/538287961&#8243;][\/vc_column][\/vc_row][vc_row][vc_column][vc_row_inner][vc_column_inner width=&#8220;1\/3&#8243;][vc_custom_heading text=&#8220;Trailer 2020&#8243; font_container=&#8220;tag:h5|text_align:center&#8220; link=&#8220;url:https%3A%2F%2Fvimeo.com%2F383711760|title:Trailer%202020|target:_blank&#8220;][vc_video link=&#8220;https:\/\/vimeo.com\/383711760&#8243;][\/vc_column_inner][vc_column_inner width=&#8220;1\/3&#8243;][vc_custom_heading text=&#8220;Trailer 2019&#8243; font_container=&#8220;tag:h5|text_align:center&#8220; link=&#8220;url:https%3A%2F%2Fwww.youtube.com%2Fwatch%3Fv%3DZpieURrtfe0|title:Trailer%202019|target:_blank&#8220;][vc_video link=&#8220;https:\/\/www.youtube.com\/watch?v=ZpieURrtfe0&amp;feature=youtu.be&#8220;][\/vc_column_inner][vc_column_inner width=&#8220;1\/3&#8243;][vc_custom_heading text=&#8220;Trailer 2018&#8243; font_container=&#8220;tag:h5|text_align:center&#8220; link=&#8220;url:https%3A%2F%2Fwww.youtube.com%2Fwatch%3Fv%3DFkbgz2-DEBk|title:Trailer%202018|target:_blank&#8220;][vc_video link=&#8220;https:\/\/youtu.be\/Fkbgz2-DEBk&#8220;][\/vc_column_inner][\/vc_row_inner][\/vc_column][\/vc_row][vc_row][vc_column][vc_empty_space height=&#8220;100px&#8220;][\/vc_column][\/vc_row]<\/p>\n","protected":false},"excerpt":{"rendered":"<p>[vc_row css=&#8220;.vc_custom_1593847869938{margin-top: -200px !important;}&#8220; parallax_background_image=&#8220;1167&#8243; parallax_bg_speed=&#8220;0.3&#8243;][vc_column][vc_row_inner row_content_width=&#8220;grid&#8220; css=&#8220;.vc_custom_1570534043489{padding-top: 100px !important;padding-bottom: 135px !important;}&#8220;][vc_column_inner][\/vc_column_inner][\/vc_row_inner][vc_empty_space height=&#8220;100px&#8220;][\/vc_column][\/vc_row][vc_row][vc_column width=&#8220;1\/3&#8243;][\/vc_column][vc_column width=&#8220;1\/3&#8243;][vc_custom_heading text=&#8220;Trailer 2025&#8243; font_container=&#8220;tag:h5|text_align:center&#8220; link=&#8220;url:https%3A%2F%2Fvimeo.com%2F1063542348|title:Trailer%202025|target:_blank&#8220;][vc_video link=&#8220;https:\/\/vimeo.com\/1063542348&#8243;][\/vc_column][vc_column width=&#8220;1\/3&#8243;][vc_custom_heading text=&#8220;Trailer 2024&#8243; font_container=&#8220;tag:h5|text_align:center&#8220; link=&#8220;url:https%3A%2F%2Fvimeo.com%2F917469523|title:Trailer%202024|target:_blank&#8220;][vc_video link=&#8220;https:\/\/vimeo.com\/917469523&#8243;][\/vc_column][\/vc_row][vc_row][vc_column width=&#8220;1\/3&#8243;][vc_custom_heading text=&#8220;Trailer 2023&#8243; font_container=&#8220;tag:h5|text_align:center&#8220; link=&#8220;url:https%3A%2F%2Fvimeo.com%2F797509984|title:Trailer%202023|target:_blank&#8220;][vc_video link=&#8220;https:\/\/vimeo.com\/797509984&#8243;][\/vc_column][vc_column width=&#8220;1\/3&#8243;][vc_custom_heading text=&#8220;Trailer 2022&#8243; font_container=&#8220;tag:h5|text_align:center&#8220; link=&#8220;url:https%3A%2F%2Fvimeo.com%2F681765399|title:Trailer%202022|target:_blank&#8220;][vc_video link=&#8220;https:\/\/vimeo.com\/681765399&#8243;][\/vc_column][vc_column width=&#8220;1\/3&#8243;][vc_custom_heading text=&#8220;Trailer [&hellip;]<\/p>\n","protected":false},"author":1,"featured_media":34621,"parent":0,"menu_order":0,"comment_status":"closed","ping_status":"closed","template":"full-width.php","meta":{"footnotes":""},"class_list":["post-22952","page","type-page","status-publish","has-post-thumbnail","hentry"],"yoast_head":"<!-- This site is optimized with the Yoast SEO plugin v27.3 - https:\/\/yoast.com\/product\/yoast-seo-wordpress\/ -->\n<title>\u00dcber das Filmfest &#8211; The Greek Film Festival in Berlin<\/title>\n<meta name=\"robots\" content=\"index, follow, max-snippet:-1, max-image-preview:large, max-video-preview:-1\" \/>\n<link rel=\"canonical\" href=\"https:\/\/thegreekfilmfestivalinberlin.com\/de\/ueber-das-filmfest\/\" \/>\n<meta property=\"og:locale\" content=\"de_DE\" \/>\n<meta property=\"og:type\" content=\"article\" \/>\n<meta property=\"og:title\" content=\"\u00dcber das Filmfest &#8211; The Greek Film Festival in Berlin\" \/>\n<meta property=\"og:description\" content=\"[vc_row css=&#8220;.vc_custom_1593847869938{margin-top: -200px !important;}&#8220; parallax_background_image=&#8220;1167&#8243; parallax_bg_speed=&#8220;0.3&#8243;][vc_column][vc_row_inner row_content_width=&#8220;grid&#8220; css=&#8220;.vc_custom_1570534043489{padding-top: 100px !important;padding-bottom: 135px !important;}&#8220;][vc_column_inner][\/vc_column_inner][\/vc_row_inner][vc_empty_space height=&#8220;100px&#8220;][\/vc_column][\/vc_row][vc_row][vc_column width=&#8220;1\/3&#8243;][\/vc_column][vc_column width=&#8220;1\/3&#8243;][vc_custom_heading text=&#8220;Trailer 2025&#8243; font_container=&#8220;tag:h5|text_align:center&#8220; link=&#8220;url:https%3A%2F%2Fvimeo.com%2F1063542348|title:Trailer%202025|target:_blank&#8220;][vc_video link=&#8220;https:\/\/vimeo.com\/1063542348&#8243;][\/vc_column][vc_column width=&#8220;1\/3&#8243;][vc_custom_heading text=&#8220;Trailer 2024&#8243; font_container=&#8220;tag:h5|text_align:center&#8220; link=&#8220;url:https%3A%2F%2Fvimeo.com%2F917469523|title:Trailer%202024|target:_blank&#8220;][vc_video link=&#8220;https:\/\/vimeo.com\/917469523&#8243;][\/vc_column][\/vc_row][vc_row][vc_column width=&#8220;1\/3&#8243;][vc_custom_heading text=&#8220;Trailer 2023&#8243; font_container=&#8220;tag:h5|text_align:center&#8220; link=&#8220;url:https%3A%2F%2Fvimeo.com%2F797509984|title:Trailer%202023|target:_blank&#8220;][vc_video link=&#8220;https:\/\/vimeo.com\/797509984&#8243;][\/vc_column][vc_column width=&#8220;1\/3&#8243;][vc_custom_heading text=&#8220;Trailer 2022&#8243; font_container=&#8220;tag:h5|text_align:center&#8220; link=&#8220;url:https%3A%2F%2Fvimeo.com%2F681765399|title:Trailer%202022|target:_blank&#8220;][vc_video link=&#8220;https:\/\/vimeo.com\/681765399&#8243;][\/vc_column][vc_column width=&#8220;1\/3&#8243;][vc_custom_heading text=&#8220;Trailer [&hellip;]\" \/>\n<meta property=\"og:url\" content=\"https:\/\/thegreekfilmfestivalinberlin.com\/de\/ueber-das-filmfest\/\" \/>\n<meta property=\"og:site_name\" content=\"The Greek Film Festival in Berlin\" \/>\n<meta property=\"article:modified_time\" content=\"2025-08-19T13:19:15+00:00\" \/>\n<meta property=\"og:image\" content=\"https:\/\/thegreekfilmfestivalinberlin.com\/wp-content\/uploads\/2025\/01\/Poster_25_IG_Post_v1-1030x1030.jpg\" \/>\n\t<meta property=\"og:image:width\" content=\"1030\" \/>\n\t<meta property=\"og:image:height\" content=\"1030\" \/>\n\t<meta property=\"og:image:type\" content=\"image\/jpeg\" \/>\n<meta name=\"twitter:card\" content=\"summary_large_image\" \/>\n<meta name=\"twitter:label1\" content=\"Gesch\u00e4tzte Lesezeit\" \/>\n\t<meta name=\"twitter:data1\" content=\"2\u00a0Minuten\" \/>\n<script type=\"application\/ld+json\" class=\"yoast-schema-graph\">{\"@context\":\"https:\\\/\\\/schema.org\",\"@graph\":[{\"@type\":\"WebPage\",\"@id\":\"https:\\\/\\\/thegreekfilmfestivalinberlin.com\\\/de\\\/ueber-das-filmfest\\\/\",\"url\":\"https:\\\/\\\/thegreekfilmfestivalinberlin.com\\\/de\\\/ueber-das-filmfest\\\/\",\"name\":\"\u00dcber das Filmfest &#8211; The Greek Film Festival in Berlin\",\"isPartOf\":{\"@id\":\"https:\\\/\\\/thegreekfilmfestivalinberlin.com\\\/de\\\/#website\"},\"primaryImageOfPage\":{\"@id\":\"https:\\\/\\\/thegreekfilmfestivalinberlin.com\\\/de\\\/ueber-das-filmfest\\\/#primaryimage\"},\"image\":{\"@id\":\"https:\\\/\\\/thegreekfilmfestivalinberlin.com\\\/de\\\/ueber-das-filmfest\\\/#primaryimage\"},\"thumbnailUrl\":\"https:\\\/\\\/thegreekfilmfestivalinberlin.com\\\/wp-content\\\/uploads\\\/2025\\\/01\\\/Poster_25_IG_Post_v1.jpg\",\"datePublished\":\"2020-06-11T07:47:52+00:00\",\"dateModified\":\"2025-08-19T13:19:15+00:00\",\"breadcrumb\":{\"@id\":\"https:\\\/\\\/thegreekfilmfestivalinberlin.com\\\/de\\\/ueber-das-filmfest\\\/#breadcrumb\"},\"inLanguage\":\"de\",\"potentialAction\":[{\"@type\":\"ReadAction\",\"target\":[\"https:\\\/\\\/thegreekfilmfestivalinberlin.com\\\/de\\\/ueber-das-filmfest\\\/\"]}]},{\"@type\":\"ImageObject\",\"inLanguage\":\"de\",\"@id\":\"https:\\\/\\\/thegreekfilmfestivalinberlin.com\\\/de\\\/ueber-das-filmfest\\\/#primaryimage\",\"url\":\"https:\\\/\\\/thegreekfilmfestivalinberlin.com\\\/wp-content\\\/uploads\\\/2025\\\/01\\\/Poster_25_IG_Post_v1.jpg\",\"contentUrl\":\"https:\\\/\\\/thegreekfilmfestivalinberlin.com\\\/wp-content\\\/uploads\\\/2025\\\/01\\\/Poster_25_IG_Post_v1.jpg\",\"width\":2048,\"height\":2048},{\"@type\":\"BreadcrumbList\",\"@id\":\"https:\\\/\\\/thegreekfilmfestivalinberlin.com\\\/de\\\/ueber-das-filmfest\\\/#breadcrumb\",\"itemListElement\":[{\"@type\":\"ListItem\",\"position\":1,\"name\":\"Home\",\"item\":\"https:\\\/\\\/thegreekfilmfestivalinberlin.com\\\/de\\\/\"},{\"@type\":\"ListItem\",\"position\":2,\"name\":\"\u00dcber das Filmfest\"}]},{\"@type\":\"WebSite\",\"@id\":\"https:\\\/\\\/thegreekfilmfestivalinberlin.com\\\/de\\\/#website\",\"url\":\"https:\\\/\\\/thegreekfilmfestivalinberlin.com\\\/de\\\/\",\"name\":\"The Greek Film Festival in Berlin\",\"description\":\"\",\"publisher\":{\"@id\":\"https:\\\/\\\/thegreekfilmfestivalinberlin.com\\\/de\\\/#organization\"},\"potentialAction\":[{\"@type\":\"SearchAction\",\"target\":{\"@type\":\"EntryPoint\",\"urlTemplate\":\"https:\\\/\\\/thegreekfilmfestivalinberlin.com\\\/de\\\/?s={search_term_string}\"},\"query-input\":{\"@type\":\"PropertyValueSpecification\",\"valueRequired\":true,\"valueName\":\"search_term_string\"}}],\"inLanguage\":\"de\"},{\"@type\":\"Organization\",\"@id\":\"https:\\\/\\\/thegreekfilmfestivalinberlin.com\\\/de\\\/#organization\",\"name\":\"The Greek Film Festival in Berlin\",\"url\":\"https:\\\/\\\/thegreekfilmfestivalinberlin.com\\\/de\\\/\",\"logo\":{\"@type\":\"ImageObject\",\"inLanguage\":\"de\",\"@id\":\"https:\\\/\\\/thegreekfilmfestivalinberlin.com\\\/de\\\/#\\\/schema\\\/logo\\\/image\\\/\",\"url\":\"https:\\\/\\\/thegreekfilmfestivalinberlin.com\\\/wp-content\\\/uploads\\\/2020\\\/06\\\/peppermint_film_FINAL_White-03ohne-schrift.png\",\"contentUrl\":\"https:\\\/\\\/thegreekfilmfestivalinberlin.com\\\/wp-content\\\/uploads\\\/2020\\\/06\\\/peppermint_film_FINAL_White-03ohne-schrift.png\",\"width\":1819,\"height\":1212,\"caption\":\"The Greek Film Festival in Berlin\"},\"image\":{\"@id\":\"https:\\\/\\\/thegreekfilmfestivalinberlin.com\\\/de\\\/#\\\/schema\\\/logo\\\/image\\\/\"}}]}<\/script>\n<!-- \/ Yoast SEO plugin. -->","yoast_head_json":{"title":"\u00dcber das Filmfest &#8211; The Greek Film Festival in Berlin","robots":{"index":"index","follow":"follow","max-snippet":"max-snippet:-1","max-image-preview":"max-image-preview:large","max-video-preview":"max-video-preview:-1"},"canonical":"https:\/\/thegreekfilmfestivalinberlin.com\/de\/ueber-das-filmfest\/","og_locale":"de_DE","og_type":"article","og_title":"\u00dcber das Filmfest &#8211; The Greek Film Festival in Berlin","og_description":"[vc_row css=&#8220;.vc_custom_1593847869938{margin-top: -200px !important;}&#8220; parallax_background_image=&#8220;1167&#8243; parallax_bg_speed=&#8220;0.3&#8243;][vc_column][vc_row_inner row_content_width=&#8220;grid&#8220; css=&#8220;.vc_custom_1570534043489{padding-top: 100px !important;padding-bottom: 135px !important;}&#8220;][vc_column_inner][\/vc_column_inner][\/vc_row_inner][vc_empty_space height=&#8220;100px&#8220;][\/vc_column][\/vc_row][vc_row][vc_column width=&#8220;1\/3&#8243;][\/vc_column][vc_column width=&#8220;1\/3&#8243;][vc_custom_heading text=&#8220;Trailer 2025&#8243; font_container=&#8220;tag:h5|text_align:center&#8220; link=&#8220;url:https%3A%2F%2Fvimeo.com%2F1063542348|title:Trailer%202025|target:_blank&#8220;][vc_video link=&#8220;https:\/\/vimeo.com\/1063542348&#8243;][\/vc_column][vc_column width=&#8220;1\/3&#8243;][vc_custom_heading text=&#8220;Trailer 2024&#8243; font_container=&#8220;tag:h5|text_align:center&#8220; link=&#8220;url:https%3A%2F%2Fvimeo.com%2F917469523|title:Trailer%202024|target:_blank&#8220;][vc_video link=&#8220;https:\/\/vimeo.com\/917469523&#8243;][\/vc_column][\/vc_row][vc_row][vc_column width=&#8220;1\/3&#8243;][vc_custom_heading text=&#8220;Trailer 2023&#8243; font_container=&#8220;tag:h5|text_align:center&#8220; link=&#8220;url:https%3A%2F%2Fvimeo.com%2F797509984|title:Trailer%202023|target:_blank&#8220;][vc_video link=&#8220;https:\/\/vimeo.com\/797509984&#8243;][\/vc_column][vc_column width=&#8220;1\/3&#8243;][vc_custom_heading text=&#8220;Trailer 2022&#8243; font_container=&#8220;tag:h5|text_align:center&#8220; link=&#8220;url:https%3A%2F%2Fvimeo.com%2F681765399|title:Trailer%202022|target:_blank&#8220;][vc_video link=&#8220;https:\/\/vimeo.com\/681765399&#8243;][\/vc_column][vc_column width=&#8220;1\/3&#8243;][vc_custom_heading text=&#8220;Trailer [&hellip;]","og_url":"https:\/\/thegreekfilmfestivalinberlin.com\/de\/ueber-das-filmfest\/","og_site_name":"The Greek Film Festival in Berlin","article_modified_time":"2025-08-19T13:19:15+00:00","og_image":[{"width":1030,"height":1030,"url":"https:\/\/thegreekfilmfestivalinberlin.com\/wp-content\/uploads\/2025\/01\/Poster_25_IG_Post_v1-1030x1030.jpg","type":"image\/jpeg"}],"twitter_card":"summary_large_image","twitter_misc":{"Gesch\u00e4tzte Lesezeit":"2\u00a0Minuten"},"schema":{"@context":"https:\/\/schema.org","@graph":[{"@type":"WebPage","@id":"https:\/\/thegreekfilmfestivalinberlin.com\/de\/ueber-das-filmfest\/","url":"https:\/\/thegreekfilmfestivalinberlin.com\/de\/ueber-das-filmfest\/","name":"\u00dcber das Filmfest &#8211; The Greek Film Festival in Berlin","isPartOf":{"@id":"https:\/\/thegreekfilmfestivalinberlin.com\/de\/#website"},"primaryImageOfPage":{"@id":"https:\/\/thegreekfilmfestivalinberlin.com\/de\/ueber-das-filmfest\/#primaryimage"},"image":{"@id":"https:\/\/thegreekfilmfestivalinberlin.com\/de\/ueber-das-filmfest\/#primaryimage"},"thumbnailUrl":"https:\/\/thegreekfilmfestivalinberlin.com\/wp-content\/uploads\/2025\/01\/Poster_25_IG_Post_v1.jpg","datePublished":"2020-06-11T07:47:52+00:00","dateModified":"2025-08-19T13:19:15+00:00","breadcrumb":{"@id":"https:\/\/thegreekfilmfestivalinberlin.com\/de\/ueber-das-filmfest\/#breadcrumb"},"inLanguage":"de","potentialAction":[{"@type":"ReadAction","target":["https:\/\/thegreekfilmfestivalinberlin.com\/de\/ueber-das-filmfest\/"]}]},{"@type":"ImageObject","inLanguage":"de","@id":"https:\/\/thegreekfilmfestivalinberlin.com\/de\/ueber-das-filmfest\/#primaryimage","url":"https:\/\/thegreekfilmfestivalinberlin.com\/wp-content\/uploads\/2025\/01\/Poster_25_IG_Post_v1.jpg","contentUrl":"https:\/\/thegreekfilmfestivalinberlin.com\/wp-content\/uploads\/2025\/01\/Poster_25_IG_Post_v1.jpg","width":2048,"height":2048},{"@type":"BreadcrumbList","@id":"https:\/\/thegreekfilmfestivalinberlin.com\/de\/ueber-das-filmfest\/#breadcrumb","itemListElement":[{"@type":"ListItem","position":1,"name":"Home","item":"https:\/\/thegreekfilmfestivalinberlin.com\/de\/"},{"@type":"ListItem","position":2,"name":"\u00dcber das Filmfest"}]},{"@type":"WebSite","@id":"https:\/\/thegreekfilmfestivalinberlin.com\/de\/#website","url":"https:\/\/thegreekfilmfestivalinberlin.com\/de\/","name":"The Greek Film Festival in Berlin","description":"","publisher":{"@id":"https:\/\/thegreekfilmfestivalinberlin.com\/de\/#organization"},"potentialAction":[{"@type":"SearchAction","target":{"@type":"EntryPoint","urlTemplate":"https:\/\/thegreekfilmfestivalinberlin.com\/de\/?s={search_term_string}"},"query-input":{"@type":"PropertyValueSpecification","valueRequired":true,"valueName":"search_term_string"}}],"inLanguage":"de"},{"@type":"Organization","@id":"https:\/\/thegreekfilmfestivalinberlin.com\/de\/#organization","name":"The Greek Film Festival in Berlin","url":"https:\/\/thegreekfilmfestivalinberlin.com\/de\/","logo":{"@type":"ImageObject","inLanguage":"de","@id":"https:\/\/thegreekfilmfestivalinberlin.com\/de\/#\/schema\/logo\/image\/","url":"https:\/\/thegreekfilmfestivalinberlin.com\/wp-content\/uploads\/2020\/06\/peppermint_film_FINAL_White-03ohne-schrift.png","contentUrl":"https:\/\/thegreekfilmfestivalinberlin.com\/wp-content\/uploads\/2020\/06\/peppermint_film_FINAL_White-03ohne-schrift.png","width":1819,"height":1212,"caption":"The Greek Film Festival in Berlin"},"image":{"@id":"https:\/\/thegreekfilmfestivalinberlin.com\/de\/#\/schema\/logo\/image\/"}}]}},"_links":{"self":[{"href":"https:\/\/thegreekfilmfestivalinberlin.com\/de\/wp-json\/wp\/v2\/pages\/22952","targetHints":{"allow":["GET"]}}],"collection":[{"href":"https:\/\/thegreekfilmfestivalinberlin.com\/de\/wp-json\/wp\/v2\/pages"}],"about":[{"href":"https:\/\/thegreekfilmfestivalinberlin.com\/de\/wp-json\/wp\/v2\/types\/page"}],"author":[{"embeddable":true,"href":"https:\/\/thegreekfilmfestivalinberlin.com\/de\/wp-json\/wp\/v2\/users\/1"}],"replies":[{"embeddable":true,"href":"https:\/\/thegreekfilmfestivalinberlin.com\/de\/wp-json\/wp\/v2\/comments?post=22952"}],"version-history":[{"count":43,"href":"https:\/\/thegreekfilmfestivalinberlin.com\/de\/wp-json\/wp\/v2\/pages\/22952\/revisions"}],"predecessor-version":[{"id":35378,"href":"https:\/\/thegreekfilmfestivalinberlin.com\/de\/wp-json\/wp\/v2\/pages\/22952\/revisions\/35378"}],"wp:featuredmedia":[{"embeddable":true,"href":"https:\/\/thegreekfilmfestivalinberlin.com\/de\/wp-json\/wp\/v2\/media\/34621"}],"wp:attachment":[{"href":"https:\/\/thegreekfilmfestivalinberlin.com\/de\/wp-json\/wp\/v2\/media?parent=22952"}],"curies":[{"name":"wp","href":"https:\/\/api.w.org\/{rel}","templated":true}]}}