{"id":22525,"date":"2020-06-01T01:08:56","date_gmt":"2020-05-31T23:08:56","guid":{"rendered":"http:\/\/relaunch.hellasfilmbox.de\/?page_id=22525"},"modified":"2020-07-30T10:26:39","modified_gmt":"2020-07-30T08:26:39","slug":"jury-2019","status":"publish","type":"page","link":"https:\/\/thegreekfilmfestivalinberlin.com\/de\/jury-2019\/","title":{"rendered":"Jury 2019"},"content":{"rendered":"<p>[vc_row][vc_column width=&#8220;1\/3&#8243; css=&#8220;.vc_custom_1568037155852{padding-right: 8px !important;padding-left: 8px !important;}&#8220; offset=&#8220;vc_col-lg-offset-0 vc_col-lg-3 vc_col-md-offset-0 vc_col-md-6 vc_col-sm-offset-0&#8243;]<div class=\"edgtf-team-holder edgtf-team-info-on-image\">\n\t<div class=\"edgtf-team-inner\">\n\t\t\t\t\t<div class=\"edgtf-team-image\">\n                <img loading=\"lazy\" decoding=\"async\" width=\"3456\" height=\"5184\" src=\"https:\/\/thegreekfilmfestivalinberlin.com\/wp-content\/uploads\/2018\/11\/Marjorie-hi-res.jpg\" class=\"attachment-full size-full\" alt=\"\" srcset=\"https:\/\/thegreekfilmfestivalinberlin.com\/wp-content\/uploads\/2018\/11\/Marjorie-hi-res.jpg 3456w, https:\/\/thegreekfilmfestivalinberlin.com\/wp-content\/uploads\/2018\/11\/Marjorie-hi-res-200x300.jpg 200w, https:\/\/thegreekfilmfestivalinberlin.com\/wp-content\/uploads\/2018\/11\/Marjorie-hi-res-768x1152.jpg 768w, https:\/\/thegreekfilmfestivalinberlin.com\/wp-content\/uploads\/2018\/11\/Marjorie-hi-res-687x1030.jpg 687w, https:\/\/thegreekfilmfestivalinberlin.com\/wp-content\/uploads\/2018\/11\/Marjorie-hi-res-1000x1500.jpg 1000w, https:\/\/thegreekfilmfestivalinberlin.com\/wp-content\/uploads\/2018\/11\/Marjorie-hi-res-470x705.jpg 470w, https:\/\/thegreekfilmfestivalinberlin.com\/wp-content\/uploads\/2018\/11\/Marjorie-hi-res-450x675.jpg 450w\" sizes=\"auto, (max-width: 3456px) 100vw, 3456px\" \/>\t\t\t\t<div class=\"edgtf-team-social-wrapper\">\n\t\t\t\t\t<div class=\"edgtf-team-social-outer\">\n\t\t\t\t\t\t<div class=\"edgtf-team-social-inner\">\n                            \t\t\t\t\t\t\t\t\t\t\t\t\t\t\t<h5 class=\"edgtf-team-name\" >Marjorie Bendeck<\/h5>\n\t\t\t\t\t\t\t\t\t\t\t\t\t\t                            \t\t\t\t\t\t\t                            \t\t\t\t\t\t<\/div>\n\t\t\t\t\t<\/div>\n\t\t\t\t<\/div>\n\t\t\t<\/div>\n\n\t\t\t<\/div>\n<\/div>[vc_empty_space height=&#8220;85px&#8220;][\/vc_column][vc_column width=&#8220;1\/3&#8243; css=&#8220;.vc_custom_1568037169652{padding-right: 8px !important;padding-left: 8px !important;}&#8220; offset=&#8220;vc_col-lg-offset-0 vc_col-lg-3 vc_col-md-offset-0 vc_col-md-6 vc_col-sm-offset-0&#8243;]<div class=\"edgtf-team-holder edgtf-team-info-on-image\">\n\t<div class=\"edgtf-team-inner\">\n\t\t\t\t\t<div class=\"edgtf-team-image\">\n                <img loading=\"lazy\" decoding=\"async\" width=\"1187\" height=\"1277\" src=\"https:\/\/thegreekfilmfestivalinberlin.com\/wp-content\/uploads\/2018\/11\/Foto-Maren-2014-ausschnitt.png\" class=\"attachment-full size-full\" alt=\"\" srcset=\"https:\/\/thegreekfilmfestivalinberlin.com\/wp-content\/uploads\/2018\/11\/Foto-Maren-2014-ausschnitt.png 1187w, https:\/\/thegreekfilmfestivalinberlin.com\/wp-content\/uploads\/2018\/11\/Foto-Maren-2014-ausschnitt-279x300.png 279w, https:\/\/thegreekfilmfestivalinberlin.com\/wp-content\/uploads\/2018\/11\/Foto-Maren-2014-ausschnitt-768x826.png 768w, https:\/\/thegreekfilmfestivalinberlin.com\/wp-content\/uploads\/2018\/11\/Foto-Maren-2014-ausschnitt-957x1030.png 957w, https:\/\/thegreekfilmfestivalinberlin.com\/wp-content\/uploads\/2018\/11\/Foto-Maren-2014-ausschnitt-655x705.png 655w, https:\/\/thegreekfilmfestivalinberlin.com\/wp-content\/uploads\/2018\/11\/Foto-Maren-2014-ausschnitt-450x484.png 450w\" sizes=\"auto, (max-width: 1187px) 100vw, 1187px\" \/>\t\t\t\t<div class=\"edgtf-team-social-wrapper\">\n\t\t\t\t\t<div class=\"edgtf-team-social-outer\">\n\t\t\t\t\t\t<div class=\"edgtf-team-social-inner\">\n                            \t\t\t\t\t\t\t\t\t\t\t\t\t\t\t<h5 class=\"edgtf-team-name\" >Maren Kroymann<\/h5>\n\t\t\t\t\t\t\t\t\t\t\t\t\t\t                            \t\t\t\t\t\t\t                            \t\t\t\t\t\t<\/div>\n\t\t\t\t\t<\/div>\n\t\t\t\t<\/div>\n\t\t\t<\/div>\n\n\t\t\t<\/div>\n<\/div>[vc_empty_space height=&#8220;85px&#8220;][\/vc_column][vc_column width=&#8220;1\/3&#8243;]<div class=\"edgtf-team-holder edgtf-team-info-on-image\">\n\t<div class=\"edgtf-team-inner\">\n\t\t\t\t\t<div class=\"edgtf-team-image\">\n                <img loading=\"lazy\" decoding=\"async\" width=\"1183\" height=\"1245\" src=\"https:\/\/thegreekfilmfestivalinberlin.com\/wp-content\/uploads\/2018\/11\/Konstantina-Stavrianou.jpg\" class=\"attachment-full size-full\" alt=\"\" srcset=\"https:\/\/thegreekfilmfestivalinberlin.com\/wp-content\/uploads\/2018\/11\/Konstantina-Stavrianou.jpg 1183w, https:\/\/thegreekfilmfestivalinberlin.com\/wp-content\/uploads\/2018\/11\/Konstantina-Stavrianou-285x300.jpg 285w, https:\/\/thegreekfilmfestivalinberlin.com\/wp-content\/uploads\/2018\/11\/Konstantina-Stavrianou-768x808.jpg 768w, https:\/\/thegreekfilmfestivalinberlin.com\/wp-content\/uploads\/2018\/11\/Konstantina-Stavrianou-979x1030.jpg 979w, https:\/\/thegreekfilmfestivalinberlin.com\/wp-content\/uploads\/2018\/11\/Konstantina-Stavrianou-670x705.jpg 670w, https:\/\/thegreekfilmfestivalinberlin.com\/wp-content\/uploads\/2018\/11\/Konstantina-Stavrianou-450x474.jpg 450w\" sizes=\"auto, (max-width: 1183px) 100vw, 1183px\" \/>\t\t\t\t<div class=\"edgtf-team-social-wrapper\">\n\t\t\t\t\t<div class=\"edgtf-team-social-outer\">\n\t\t\t\t\t\t<div class=\"edgtf-team-social-inner\">\n                            \t\t\t\t\t\t\t\t\t\t\t\t\t\t\t<h5 class=\"edgtf-team-name\" >Konstantina Stavrianou<\/h5>\n\t\t\t\t\t\t\t\t\t\t\t\t\t\t                            \t\t\t\t\t\t\t                            \t\t\t\t\t\t<\/div>\n\t\t\t\t\t<\/div>\n\t\t\t\t<\/div>\n\t\t\t<\/div>\n\n\t\t\t<\/div>\n<\/div>[vc_empty_space height=&#8220;85px&#8220;][\/vc_column][\/vc_row][vc_row][vc_column][vc_column_text]<\/p>\n<h4><b>Marjorie Bendeck<\/b><\/h4>\n<p>Marjorie studierte Kommunikation, Marketing und Organisationspsychologie sowie Filmwissenschaften in Mexiko und an der Internationalen Hochschule f\u00fcr Film und Fernsehen in Kuba. Marjorie, die aus Honduras stammt, lebt seit 2003 in Deutschland und war seitdem f\u00fcr Festivals, Fonds und Ausbildungsinitiativen in Europa, dem Nahen Osten und Lateinamerika t\u00e4tig. Zu ihren Spezialgebieten geh\u00f6ren die Bewertung von Spielfilmprojekten sowie Workshops zur Pitch- und Projektentwicklung.<\/p>\n<p>Regelm\u00e4\u00dfig \u00fcbernimmt sie Berater- und Trainerfunktionen bei Organisationen, wie zum Beispiel dem Mediterranean Film Institute in Griechenland, den ACE Producers in den Niederlanden oder der Berlinale (NATIVe, Talents, World Cinema Fund).<\/p>\n<p class=\"p2\">Im Februar 2018 wurde sie zur Direktorin von <b>connect cottbus<\/b> ernannt, einem Ost-West-Koproduktionsmarktplatz, der sich auf Filmprojekte aus osteurop\u00e4ischen L\u00e4ndern und dem \u00f6stlichen Mittelmeerraum konzentriert.<\/p>\n<h4><\/h4>\n<p>[\/vc_column_text][\/vc_column][\/vc_row][vc_row][vc_column][vc_column_text]<\/p>\n<h4><b>Maren Kroymann<\/b><\/h4>\n<p>Maren studierte Rechtswissenschaften in Paris. Sie arbeitete sieben Jahre lang bei der deutschen Tochtergesellschaft des franz\u00f6sischen Dokumentarfilm-Senders\u00a0<i>Planet<\/i>, zuerst als Direktorin im Bereich f\u00fcr Werbung und Marketing und sp\u00e4ter als Leiterin der Abteilung Programmierung \/ Akquisitionen. Daneben war sie als wissenschaftliche Mitarbeiterin und Regieassistentin an mehreren Dokumentarfilmprojekten in Berlin beteiligt. 2004 begann Maren im internationalen Vertrieb f\u00fcr mdc int. zu arbeiten, bevor sie dann im Januar 2008\u00a0\u00a0<b>M-Appeal World Sales<\/b> in Berlin gr\u00fcndete.<\/p>\n<h4><\/h4>\n<p>[\/vc_column_text][\/vc_column][\/vc_row][vc_row][vc_column][vc_column_text]<\/p>\n<h4><b>Konstantina Stavrianou<\/b><\/h4>\n<p>Konstantina war 1999 eine der Gr\u00fcnderinnen von Graal, einer Produktions- und Postproduktionsfirma. Sie beaufsichtigt die Koproduktionssektoren f\u00fcr griechische und internationale Produktionen und ist bis heute Co-Gesch\u00e4ftsf\u00fchrerin von Graal. Graal trat im Jahr 2003 in die internationale Koproduktion ein und setzte eine gro\u00dfe Auswahl an Projekten um. Mit ihren Filmen, die f\u00fcr zahlreiche internationale Filmfestivals wie Cannes, Venedig, Berlinale uvm. ausgew\u00e4hlt wurden, hat das Unternehmen eine bedeutende Erfolgsgeschichte geschrieben. Graal hat bisher 55 Filme ko-produziert und verf\u00fcgt \u00fcber ein Portfolio von rund 400 Titeln. 2012 &amp; 2013 war Konstantina Mitglied im Organisationskomitee der Griechischen Filmakademie f\u00fcr die zweit\u00e4gige Konferenz \u201eRiding the Greek Wave\u201c in Athen mit Schwerpunkten in Entwicklung, Festivalstrategie, internationale Koproduktion und Vertrieb. Sie war Jury-Mitglied bei Koproduktionsm\u00e4rkten, beim Thessaloniki Film Festival, in Istanbul, Rum\u00e4nien und beim Jerusalem Film Festival. Derzeit produziert sie zwei Spielfilme und ist Ko-Produzentin von vier internationalen Projekten. Seit 2014 besucht sie Workshops als Postproduktionsberaterin und ist Mitglied der Auswahlkommission der Berlinale Co-Pro-Serien und des Torino Film Lab. Sie ist eine Berlinale Talents Absolventin und Mitglied des EAVE-Netzwerks.<\/p>\n<h4><\/h4>\n<p>[\/vc_column_text][\/vc_column][\/vc_row]<\/p>\n","protected":false},"excerpt":{"rendered":"<p>[vc_row][vc_column width=&#8220;1\/3&#8243; css=&#8220;.vc_custom_1568037155852{padding-right: 8px !important;padding-left: 8px !important;}&#8220; offset=&#8220;vc_col-lg-offset-0 vc_col-lg-3 vc_col-md-offset-0 vc_col-md-6 vc_col-sm-offset-0&#8243;][vc_empty_space height=&#8220;85px&#8220;][\/vc_column][vc_column width=&#8220;1\/3&#8243; css=&#8220;.vc_custom_1568037169652{padding-right: 8px !important;padding-left: 8px !important;}&#8220; offset=&#8220;vc_col-lg-offset-0 vc_col-lg-3 vc_col-md-offset-0 vc_col-md-6 vc_col-sm-offset-0&#8243;][vc_empty_space height=&#8220;85px&#8220;][\/vc_column][vc_column width=&#8220;1\/3&#8243;][vc_empty_space height=&#8220;85px&#8220;][\/vc_column][\/vc_row][vc_row][vc_column][vc_column_text] Marjorie Bendeck Marjorie studierte Kommunikation, Marketing und Organisationspsychologie sowie Filmwissenschaften in Mexiko und [&hellip;]<\/p>\n","protected":false},"author":1,"featured_media":0,"parent":0,"menu_order":0,"comment_status":"closed","ping_status":"closed","template":"","meta":{"footnotes":""},"class_list":["post-22525","page","type-page","status-publish","hentry"],"yoast_head":"<!-- This site is optimized with the Yoast SEO plugin v26.7 - https:\/\/yoast.com\/wordpress\/plugins\/seo\/ -->\n<title>Jury 2019 &#8211; The Greek Film Festival in Berlin<\/title>\n<meta name=\"robots\" content=\"index, follow, max-snippet:-1, max-image-preview:large, max-video-preview:-1\" \/>\n<link rel=\"canonical\" href=\"https:\/\/thegreekfilmfestivalinberlin.com\/de\/jury-2019\/\" \/>\n<meta property=\"og:locale\" content=\"de_DE\" \/>\n<meta property=\"og:type\" content=\"article\" \/>\n<meta property=\"og:title\" content=\"Jury 2019 &#8211; The Greek Film Festival in Berlin\" \/>\n<meta property=\"og:description\" content=\"[vc_row][vc_column width=&#8220;1\/3&#8243; css=&#8220;.vc_custom_1568037155852{padding-right: 8px !important;padding-left: 8px !important;}&#8220; offset=&#8220;vc_col-lg-offset-0 vc_col-lg-3 vc_col-md-offset-0 vc_col-md-6 vc_col-sm-offset-0&#8243;][vc_empty_space height=&#8220;85px&#8220;][\/vc_column][vc_column width=&#8220;1\/3&#8243; css=&#8220;.vc_custom_1568037169652{padding-right: 8px !important;padding-left: 8px !important;}&#8220; offset=&#8220;vc_col-lg-offset-0 vc_col-lg-3 vc_col-md-offset-0 vc_col-md-6 vc_col-sm-offset-0&#8243;][vc_empty_space height=&#8220;85px&#8220;][\/vc_column][vc_column width=&#8220;1\/3&#8243;][vc_empty_space height=&#8220;85px&#8220;][\/vc_column][\/vc_row][vc_row][vc_column][vc_column_text] Marjorie Bendeck Marjorie studierte Kommunikation, Marketing und Organisationspsychologie sowie Filmwissenschaften in Mexiko und [&hellip;]\" \/>\n<meta property=\"og:url\" content=\"https:\/\/thegreekfilmfestivalinberlin.com\/de\/jury-2019\/\" \/>\n<meta property=\"og:site_name\" content=\"The Greek Film Festival in Berlin\" \/>\n<meta property=\"article:modified_time\" content=\"2020-07-30T08:26:39+00:00\" \/>\n<meta property=\"og:image\" content=\"https:\/\/thegreekfilmfestivalinberlin.com\/wp-content\/uploads\/2020\/06\/peppermint_film_FINAL_White-03ohne-schrift.png\" \/>\n\t<meta property=\"og:image:width\" content=\"1819\" \/>\n\t<meta property=\"og:image:height\" content=\"1212\" \/>\n\t<meta property=\"og:image:type\" content=\"image\/png\" \/>\n<meta name=\"twitter:card\" content=\"summary_large_image\" \/>\n<meta name=\"twitter:label1\" content=\"Gesch\u00e4tzte Lesezeit\" \/>\n\t<meta name=\"twitter:data1\" content=\"3\u00a0Minuten\" \/>\n<script type=\"application\/ld+json\" class=\"yoast-schema-graph\">{\"@context\":\"https:\/\/schema.org\",\"@graph\":[{\"@type\":\"WebPage\",\"@id\":\"https:\/\/thegreekfilmfestivalinberlin.com\/de\/jury-2019\/\",\"url\":\"https:\/\/thegreekfilmfestivalinberlin.com\/de\/jury-2019\/\",\"name\":\"Jury 2019 &#8211; The Greek Film Festival in Berlin\",\"isPartOf\":{\"@id\":\"https:\/\/thegreekfilmfestivalinberlin.com\/de\/#website\"},\"datePublished\":\"2020-05-31T23:08:56+00:00\",\"dateModified\":\"2020-07-30T08:26:39+00:00\",\"breadcrumb\":{\"@id\":\"https:\/\/thegreekfilmfestivalinberlin.com\/de\/jury-2019\/#breadcrumb\"},\"inLanguage\":\"de\",\"potentialAction\":[{\"@type\":\"ReadAction\",\"target\":[\"https:\/\/thegreekfilmfestivalinberlin.com\/de\/jury-2019\/\"]}]},{\"@type\":\"BreadcrumbList\",\"@id\":\"https:\/\/thegreekfilmfestivalinberlin.com\/de\/jury-2019\/#breadcrumb\",\"itemListElement\":[{\"@type\":\"ListItem\",\"position\":1,\"name\":\"Home\",\"item\":\"https:\/\/thegreekfilmfestivalinberlin.com\/de\/\"},{\"@type\":\"ListItem\",\"position\":2,\"name\":\"Jury 2019\"}]},{\"@type\":\"WebSite\",\"@id\":\"https:\/\/thegreekfilmfestivalinberlin.com\/de\/#website\",\"url\":\"https:\/\/thegreekfilmfestivalinberlin.com\/de\/\",\"name\":\"The Greek Film Festival in Berlin\",\"description\":\"\",\"publisher\":{\"@id\":\"https:\/\/thegreekfilmfestivalinberlin.com\/de\/#organization\"},\"potentialAction\":[{\"@type\":\"SearchAction\",\"target\":{\"@type\":\"EntryPoint\",\"urlTemplate\":\"https:\/\/thegreekfilmfestivalinberlin.com\/de\/?s={search_term_string}\"},\"query-input\":{\"@type\":\"PropertyValueSpecification\",\"valueRequired\":true,\"valueName\":\"search_term_string\"}}],\"inLanguage\":\"de\"},{\"@type\":\"Organization\",\"@id\":\"https:\/\/thegreekfilmfestivalinberlin.com\/de\/#organization\",\"name\":\"The Greek Film Festival in Berlin\",\"url\":\"https:\/\/thegreekfilmfestivalinberlin.com\/de\/\",\"logo\":{\"@type\":\"ImageObject\",\"inLanguage\":\"de\",\"@id\":\"https:\/\/thegreekfilmfestivalinberlin.com\/de\/#\/schema\/logo\/image\/\",\"url\":\"https:\/\/thegreekfilmfestivalinberlin.com\/wp-content\/uploads\/2020\/06\/peppermint_film_FINAL_White-03ohne-schrift.png\",\"contentUrl\":\"https:\/\/thegreekfilmfestivalinberlin.com\/wp-content\/uploads\/2020\/06\/peppermint_film_FINAL_White-03ohne-schrift.png\",\"width\":1819,\"height\":1212,\"caption\":\"The Greek Film Festival in Berlin\"},\"image\":{\"@id\":\"https:\/\/thegreekfilmfestivalinberlin.com\/de\/#\/schema\/logo\/image\/\"}}]}<\/script>\n<!-- \/ Yoast SEO plugin. -->","yoast_head_json":{"title":"Jury 2019 &#8211; The Greek Film Festival in Berlin","robots":{"index":"index","follow":"follow","max-snippet":"max-snippet:-1","max-image-preview":"max-image-preview:large","max-video-preview":"max-video-preview:-1"},"canonical":"https:\/\/thegreekfilmfestivalinberlin.com\/de\/jury-2019\/","og_locale":"de_DE","og_type":"article","og_title":"Jury 2019 &#8211; The Greek Film Festival in Berlin","og_description":"[vc_row][vc_column width=&#8220;1\/3&#8243; css=&#8220;.vc_custom_1568037155852{padding-right: 8px !important;padding-left: 8px !important;}&#8220; offset=&#8220;vc_col-lg-offset-0 vc_col-lg-3 vc_col-md-offset-0 vc_col-md-6 vc_col-sm-offset-0&#8243;][vc_empty_space height=&#8220;85px&#8220;][\/vc_column][vc_column width=&#8220;1\/3&#8243; css=&#8220;.vc_custom_1568037169652{padding-right: 8px !important;padding-left: 8px !important;}&#8220; offset=&#8220;vc_col-lg-offset-0 vc_col-lg-3 vc_col-md-offset-0 vc_col-md-6 vc_col-sm-offset-0&#8243;][vc_empty_space height=&#8220;85px&#8220;][\/vc_column][vc_column width=&#8220;1\/3&#8243;][vc_empty_space height=&#8220;85px&#8220;][\/vc_column][\/vc_row][vc_row][vc_column][vc_column_text] Marjorie Bendeck Marjorie studierte Kommunikation, Marketing und Organisationspsychologie sowie Filmwissenschaften in Mexiko und [&hellip;]","og_url":"https:\/\/thegreekfilmfestivalinberlin.com\/de\/jury-2019\/","og_site_name":"The Greek Film Festival in Berlin","article_modified_time":"2020-07-30T08:26:39+00:00","og_image":[{"width":1819,"height":1212,"url":"https:\/\/thegreekfilmfestivalinberlin.com\/wp-content\/uploads\/2020\/06\/peppermint_film_FINAL_White-03ohne-schrift.png","type":"image\/png"}],"twitter_card":"summary_large_image","twitter_misc":{"Gesch\u00e4tzte Lesezeit":"3\u00a0Minuten"},"schema":{"@context":"https:\/\/schema.org","@graph":[{"@type":"WebPage","@id":"https:\/\/thegreekfilmfestivalinberlin.com\/de\/jury-2019\/","url":"https:\/\/thegreekfilmfestivalinberlin.com\/de\/jury-2019\/","name":"Jury 2019 &#8211; The Greek Film Festival in Berlin","isPartOf":{"@id":"https:\/\/thegreekfilmfestivalinberlin.com\/de\/#website"},"datePublished":"2020-05-31T23:08:56+00:00","dateModified":"2020-07-30T08:26:39+00:00","breadcrumb":{"@id":"https:\/\/thegreekfilmfestivalinberlin.com\/de\/jury-2019\/#breadcrumb"},"inLanguage":"de","potentialAction":[{"@type":"ReadAction","target":["https:\/\/thegreekfilmfestivalinberlin.com\/de\/jury-2019\/"]}]},{"@type":"BreadcrumbList","@id":"https:\/\/thegreekfilmfestivalinberlin.com\/de\/jury-2019\/#breadcrumb","itemListElement":[{"@type":"ListItem","position":1,"name":"Home","item":"https:\/\/thegreekfilmfestivalinberlin.com\/de\/"},{"@type":"ListItem","position":2,"name":"Jury 2019"}]},{"@type":"WebSite","@id":"https:\/\/thegreekfilmfestivalinberlin.com\/de\/#website","url":"https:\/\/thegreekfilmfestivalinberlin.com\/de\/","name":"The Greek Film Festival in Berlin","description":"","publisher":{"@id":"https:\/\/thegreekfilmfestivalinberlin.com\/de\/#organization"},"potentialAction":[{"@type":"SearchAction","target":{"@type":"EntryPoint","urlTemplate":"https:\/\/thegreekfilmfestivalinberlin.com\/de\/?s={search_term_string}"},"query-input":{"@type":"PropertyValueSpecification","valueRequired":true,"valueName":"search_term_string"}}],"inLanguage":"de"},{"@type":"Organization","@id":"https:\/\/thegreekfilmfestivalinberlin.com\/de\/#organization","name":"The Greek Film Festival in Berlin","url":"https:\/\/thegreekfilmfestivalinberlin.com\/de\/","logo":{"@type":"ImageObject","inLanguage":"de","@id":"https:\/\/thegreekfilmfestivalinberlin.com\/de\/#\/schema\/logo\/image\/","url":"https:\/\/thegreekfilmfestivalinberlin.com\/wp-content\/uploads\/2020\/06\/peppermint_film_FINAL_White-03ohne-schrift.png","contentUrl":"https:\/\/thegreekfilmfestivalinberlin.com\/wp-content\/uploads\/2020\/06\/peppermint_film_FINAL_White-03ohne-schrift.png","width":1819,"height":1212,"caption":"The Greek Film Festival in Berlin"},"image":{"@id":"https:\/\/thegreekfilmfestivalinberlin.com\/de\/#\/schema\/logo\/image\/"}}]}},"_links":{"self":[{"href":"https:\/\/thegreekfilmfestivalinberlin.com\/de\/wp-json\/wp\/v2\/pages\/22525","targetHints":{"allow":["GET"]}}],"collection":[{"href":"https:\/\/thegreekfilmfestivalinberlin.com\/de\/wp-json\/wp\/v2\/pages"}],"about":[{"href":"https:\/\/thegreekfilmfestivalinberlin.com\/de\/wp-json\/wp\/v2\/types\/page"}],"author":[{"embeddable":true,"href":"https:\/\/thegreekfilmfestivalinberlin.com\/de\/wp-json\/wp\/v2\/users\/1"}],"replies":[{"embeddable":true,"href":"https:\/\/thegreekfilmfestivalinberlin.com\/de\/wp-json\/wp\/v2\/comments?post=22525"}],"version-history":[{"count":2,"href":"https:\/\/thegreekfilmfestivalinberlin.com\/de\/wp-json\/wp\/v2\/pages\/22525\/revisions"}],"predecessor-version":[{"id":24719,"href":"https:\/\/thegreekfilmfestivalinberlin.com\/de\/wp-json\/wp\/v2\/pages\/22525\/revisions\/24719"}],"wp:attachment":[{"href":"https:\/\/thegreekfilmfestivalinberlin.com\/de\/wp-json\/wp\/v2\/media?parent=22525"}],"curies":[{"name":"wp","href":"https:\/\/api.w.org\/{rel}","templated":true}]}}