{"id":22490,"date":"2020-06-01T00:36:12","date_gmt":"2020-05-31T22:36:12","guid":{"rendered":"http:\/\/relaunch.hellasfilmbox.de\/?page_id=22490"},"modified":"2020-07-30T10:25:55","modified_gmt":"2020-07-30T08:25:55","slug":"jury-2020","status":"publish","type":"page","link":"https:\/\/thegreekfilmfestivalinberlin.com\/de\/jury-2020\/","title":{"rendered":"Jury 2020"},"content":{"rendered":"<p>[vc_row][vc_column width=&#8220;1\/3&#8243; css=&#8220;.vc_custom_1568037155852{padding-right: 8px !important;padding-left: 8px !important;}&#8220; offset=&#8220;vc_col-lg-offset-0 vc_col-lg-3 vc_col-md-offset-0 vc_col-md-6 vc_col-sm-offset-0&#8243;]<div class=\"edgtf-team-holder edgtf-team-info-on-image\">\n\t<div class=\"edgtf-team-inner\">\n\t\t\t\t\t<div class=\"edgtf-team-image\">\n                <img loading=\"lazy\" decoding=\"async\" width=\"457\" height=\"629\" src=\"https:\/\/thegreekfilmfestivalinberlin.com\/wp-content\/uploads\/2019\/11\/Wieland-amBhfZoo.jpg\" class=\"attachment-full size-full\" alt=\"\" srcset=\"https:\/\/thegreekfilmfestivalinberlin.com\/wp-content\/uploads\/2019\/11\/Wieland-amBhfZoo.jpg 457w, https:\/\/thegreekfilmfestivalinberlin.com\/wp-content\/uploads\/2019\/11\/Wieland-amBhfZoo-218x300.jpg 218w, https:\/\/thegreekfilmfestivalinberlin.com\/wp-content\/uploads\/2019\/11\/Wieland-amBhfZoo-450x619.jpg 450w\" sizes=\"auto, (max-width: 457px) 100vw, 457px\" \/>\t\t\t\t<div class=\"edgtf-team-social-wrapper\">\n\t\t\t\t\t<div class=\"edgtf-team-social-outer\">\n\t\t\t\t\t\t<div class=\"edgtf-team-social-inner\">\n                            \t\t\t\t\t\t\t\t\t\t\t\t\t\t\t<h5 class=\"edgtf-team-name\" >Wieland Speck<\/h5>\n\t\t\t\t\t\t\t\t\t\t\t\t\t\t                            \t\t\t\t\t\t\t                            \t\t\t\t\t\t<\/div>\n\t\t\t\t\t<\/div>\n\t\t\t\t<\/div>\n\t\t\t<\/div>\n\n\t\t\t<\/div>\n<\/div>[vc_empty_space height=&#8220;85px&#8220;][\/vc_column][vc_column width=&#8220;1\/3&#8243; css=&#8220;.vc_custom_1568037169652{padding-right: 8px !important;padding-left: 8px !important;}&#8220; offset=&#8220;vc_col-lg-offset-0 vc_col-lg-3 vc_col-md-offset-0 vc_col-md-6 vc_col-sm-offset-0&#8243;]<div class=\"edgtf-team-holder edgtf-team-info-on-image\">\n\t<div class=\"edgtf-team-inner\">\n\t\t\t\t\t<div class=\"edgtf-team-image\">\n                <img loading=\"lazy\" decoding=\"async\" width=\"445\" height=\"397\" src=\"https:\/\/thegreekfilmfestivalinberlin.com\/wp-content\/uploads\/2019\/11\/efi_papazachariou.jpg\" class=\"attachment-full size-full\" alt=\"\" srcset=\"https:\/\/thegreekfilmfestivalinberlin.com\/wp-content\/uploads\/2019\/11\/efi_papazachariou.jpg 445w, https:\/\/thegreekfilmfestivalinberlin.com\/wp-content\/uploads\/2019\/11\/efi_papazachariou-300x268.jpg 300w\" sizes=\"auto, (max-width: 445px) 100vw, 445px\" \/>\t\t\t\t<div class=\"edgtf-team-social-wrapper\">\n\t\t\t\t\t<div class=\"edgtf-team-social-outer\">\n\t\t\t\t\t\t<div class=\"edgtf-team-social-inner\">\n                            \t\t\t\t\t\t\t\t\t\t\t\t\t\t\t<h5 class=\"edgtf-team-name\" >Efi Papazachariou<\/h5>\n\t\t\t\t\t\t\t\t\t\t\t\t\t\t                            \t\t\t\t\t\t\t                            \t\t\t\t\t\t<\/div>\n\t\t\t\t\t<\/div>\n\t\t\t\t<\/div>\n\t\t\t<\/div>\n\n\t\t\t<\/div>\n<\/div>[vc_empty_space height=&#8220;85px&#8220;][\/vc_column][vc_column width=&#8220;1\/3&#8243;]<div class=\"edgtf-team-holder edgtf-team-info-on-image\">\n\t<div class=\"edgtf-team-inner\">\n\t\t\t\t\t<div class=\"edgtf-team-image\">\n                <img loading=\"lazy\" decoding=\"async\" width=\"960\" height=\"1280\" src=\"https:\/\/thegreekfilmfestivalinberlin.com\/wp-content\/uploads\/2019\/11\/MH_2018.jpg\" class=\"attachment-full size-full\" alt=\"\" srcset=\"https:\/\/thegreekfilmfestivalinberlin.com\/wp-content\/uploads\/2019\/11\/MH_2018.jpg 960w, https:\/\/thegreekfilmfestivalinberlin.com\/wp-content\/uploads\/2019\/11\/MH_2018-225x300.jpg 225w, https:\/\/thegreekfilmfestivalinberlin.com\/wp-content\/uploads\/2019\/11\/MH_2018-768x1024.jpg 768w, https:\/\/thegreekfilmfestivalinberlin.com\/wp-content\/uploads\/2019\/11\/MH_2018-773x1030.jpg 773w, https:\/\/thegreekfilmfestivalinberlin.com\/wp-content\/uploads\/2019\/11\/MH_2018-529x705.jpg 529w, https:\/\/thegreekfilmfestivalinberlin.com\/wp-content\/uploads\/2019\/11\/MH_2018-450x600.jpg 450w\" sizes=\"auto, (max-width: 960px) 100vw, 960px\" \/>\t\t\t\t<div class=\"edgtf-team-social-wrapper\">\n\t\t\t\t\t<div class=\"edgtf-team-social-outer\">\n\t\t\t\t\t\t<div class=\"edgtf-team-social-inner\">\n                            \t\t\t\t\t\t\t\t\t\t\t\t\t\t\t<h5 class=\"edgtf-team-name\" >Martin Hampel<\/h5>\n\t\t\t\t\t\t\t\t\t\t\t\t\t\t                            \t\t\t\t\t\t\t                            \t\t\t\t\t\t<\/div>\n\t\t\t\t\t<\/div>\n\t\t\t\t<\/div>\n\t\t\t<\/div>\n\n\t\t\t<\/div>\n<\/div>[vc_empty_space height=&#8220;85px&#8220;][\/vc_column][\/vc_row][vc_row][vc_column][vc_column_text]<\/p>\n<h4><strong>Wieland Speck<\/strong><\/h4>\n<p>Wieland ist deutscher Filmemacher, Autor und Kurator. Von 1992 bis 2017 war er Direktor der Panorama-Sektion der Internationalen Filmfestspiele Berlin (Berlinale). 1987 f\u00fchrte er den TEDDY AWARD, den Queer-Film-Preis von Berlinale, ein. Er kommt aus Freiburg und wohnt in Berlin seit 1972, wo er deutsche Literatur, Drama und Ethnologie an der Freien Universit\u00e4t und sp\u00e4ter Film an dem San Francisco Art Institute studierte. Seit der 70er Jahre ist er anerkannter Video-Artist, Programmierer und Herausgeber von Literatur \u00fcber die m\u00e4nnliche Emanzipation und Gay-Bewegung. 1982 wurde er Assistent des Panorama-Direktors Manfred Salzgeber und blieb auf derselben Stelle zehn Jahre lang. Einige seiner Filmwerke sind die Folgenden: \u201eWestler\u201c und \u201eEscape to Life: Die Erika und Klaus Mann Story\u201c. Wieland Speck ist Kurator und Juror bei internationalen Filmfestivals bis heute. Au\u00dferdem h\u00e4lt er Vorlesungen bei verschiedenen Instituten, wie der Deutschen Film- und Fernsehakademie Berlin (DFFB), der Freien Universit\u00e4t oder der Filmakademie Ludwigsburg. Er hat mehrere Artikel \u00fcber Film, Filmemachen, Film Marketing und Drehbuch usw. ver\u00f6ffentlicht. Er ist auch Moderator als Filmexperte im Fernsehsender ARTE.<\/p>\n<h4><\/h4>\n<p>[\/vc_column_text][\/vc_column][\/vc_row][vc_row][vc_column][vc_column_text]<\/p>\n<h4><strong>Efi Papazachariou<\/strong><\/h4>\n<p>Efi studierte Rechtswissenschaft, besch\u00e4ftigt sich aber mit Journalismus. Sie arbeitete als Journalistin, Redakteurin, Kritikerin und Kolumnistin bei verschiedenen Zeitungen, Zeitschriften und Websites, spezialisiert auf Kultur, Musik und Film. Sie hat \u00fcber besondere Veranstaltungen, wie das 25. Jubil\u00e4um von Woodstock Festival und die Lollapalooza Festivals berichtet und K\u00fcnstler wie Lou Reed, Sam Shepard, Luc Besson, Bertrand Tavernier, Atom Egoyan, Peter Gabriel, Dizzy Gillespie, Nick Cave, \u039carianne Faithfull, Jarvis Cocker, Eric Burdon, Romain Gavras, Guillermo Navarro usw. interviewt. Sie arbeitete auch beim Internationalen Filmfestival Thessaloniki als Leiterin der Festival- Pressestelle und Direktorin des \u201eGreek Film\u201c- Sektors. Ebenfalls arbeitete sie als Freelancerin im Bereich Marketing\/Promotion mit zahlreichen Filmproduktions-Unternehmen, Musikfestivals und Konzerten. In den letzten Jahren war sie Produktionsleiterin und Beraterin bei verschiedenen Dokumentarfilmen des US- Produktionsunternehmens \u201eRumur\u201c. 2017 \u00fcbernahm sie das Artistic Design und die Diligence der Hommage an Nikos Nikolaidis bei dem Stavros Niarchos Foundation Cultural Centre. Momentan schreibt sie Artikel bei der Online-Lifestyle- Zeitschrift propaganda.gr und arbeitet mit dem US-Regisseur, Autor und Musiker Chris Jaymes f\u00fcr sein Graphic Novel \u201cSons Of Chaos\u201d mit, das durch die griechische Revolution 1821 inspiriert wurde.<\/p>\n<h4><\/h4>\n<p>[\/vc_column_text][\/vc_column][\/vc_row][vc_row][vc_column][vc_column_text]<\/p>\n<h4><strong>Martin Hampel<\/strong><\/h4>\n<p>Martin wurde 1985 in Deutschland\u00a0geboren und seit 2007 arbeitet er als\u00a0Produktionskoordinator bei Twenty Twenty\u00a0Vision und Pallas Film (Generaldirektor Thanassis\u00a0Karathanos); das Unternehmen macht\u00a0\u201eArthouse\u201c-Spielfilme, die in der\u00a0Vergangenheit\u00a0bei internationalen Filmfestivals in Cannes,\u00a0Venedig und Berlin sowie Kinos in aller Welt sehr\u00a0erfolgreich waren.\u00a02009 nahm er an dem Nachdiplomkurs MEGA<br \/>\nPLUS bei der Media Business School teil und\u00a02012 besuchte er das Postproduktions-Workshop\u00a0EP2C. Er ist Mitglied der Europ\u00e4ischen\u00a0Filmakademie. J\u00fcngste ausgew\u00e4hlte<br \/>\nFilmographie: \u201cMAREK EDELMAN\u2026AND THERE\u00a0WAS LOVE IN THE GHETTO\u201d \u2013 Produzent, 2019,\u00a0Spielfilm; Regie: Jolanda Dylewska\u00a0\u201cVom Gie\u00dfen des Zitronenbaums\u201d \u2013 Produzent,\u00a02019, Spielfilm; Regie: Elia Suleiman, \u201cAYKA\u201d \u2013\u00a0Produzent, 2018, Spielfilm; Regie: Sergey\u00a0Dvortsevoy, \u201cSMUGGLING HENRIX\u201d \u2013 Produzent,\u00a02018, Spielfilm; Regie: Marios Piperides, \u201cMA\u00a0LOUTE\u201d \u2013 Herstellungsleiter, 2016, Spielfilm;\u00a0Regie: Bruno Dumont, \u201cELLE\u201d \u2013\u00a0Herstellungsleiter, 2016, Spielfilm; Regie: Paul<br \/>\nVerhoeven<\/p>\n<h4><\/h4>\n<p>[\/vc_column_text][\/vc_column][\/vc_row]<\/p>\n","protected":false},"excerpt":{"rendered":"<p>[vc_row][vc_column width=&#8220;1\/3&#8243; css=&#8220;.vc_custom_1568037155852{padding-right: 8px !important;padding-left: 8px !important;}&#8220; offset=&#8220;vc_col-lg-offset-0 vc_col-lg-3 vc_col-md-offset-0 vc_col-md-6 vc_col-sm-offset-0&#8243;][vc_empty_space height=&#8220;85px&#8220;][\/vc_column][vc_column width=&#8220;1\/3&#8243; css=&#8220;.vc_custom_1568037169652{padding-right: 8px !important;padding-left: 8px !important;}&#8220; offset=&#8220;vc_col-lg-offset-0 vc_col-lg-3 vc_col-md-offset-0 vc_col-md-6 vc_col-sm-offset-0&#8243;][vc_empty_space height=&#8220;85px&#8220;][\/vc_column][vc_column width=&#8220;1\/3&#8243;][vc_empty_space height=&#8220;85px&#8220;][\/vc_column][\/vc_row][vc_row][vc_column][vc_column_text] Wieland Speck Wieland ist deutscher Filmemacher, Autor und Kurator. Von 1992 bis 2017 [&hellip;]<\/p>\n","protected":false},"author":1,"featured_media":0,"parent":0,"menu_order":0,"comment_status":"closed","ping_status":"closed","template":"","meta":{"footnotes":""},"class_list":["post-22490","page","type-page","status-publish","hentry"],"yoast_head":"<!-- This site is optimized with the Yoast SEO plugin v27.3 - https:\/\/yoast.com\/product\/yoast-seo-wordpress\/ -->\n<title>Jury 2020 &#8211; The Greek Film Festival in Berlin<\/title>\n<meta name=\"robots\" content=\"index, follow, max-snippet:-1, max-image-preview:large, max-video-preview:-1\" \/>\n<link rel=\"canonical\" href=\"https:\/\/thegreekfilmfestivalinberlin.com\/de\/jury-2020\/\" \/>\n<meta property=\"og:locale\" content=\"de_DE\" \/>\n<meta property=\"og:type\" content=\"article\" \/>\n<meta property=\"og:title\" content=\"Jury 2020 &#8211; The Greek Film Festival in Berlin\" \/>\n<meta property=\"og:description\" content=\"[vc_row][vc_column width=&#8220;1\/3&#8243; css=&#8220;.vc_custom_1568037155852{padding-right: 8px !important;padding-left: 8px !important;}&#8220; offset=&#8220;vc_col-lg-offset-0 vc_col-lg-3 vc_col-md-offset-0 vc_col-md-6 vc_col-sm-offset-0&#8243;][vc_empty_space height=&#8220;85px&#8220;][\/vc_column][vc_column width=&#8220;1\/3&#8243; css=&#8220;.vc_custom_1568037169652{padding-right: 8px !important;padding-left: 8px !important;}&#8220; offset=&#8220;vc_col-lg-offset-0 vc_col-lg-3 vc_col-md-offset-0 vc_col-md-6 vc_col-sm-offset-0&#8243;][vc_empty_space height=&#8220;85px&#8220;][\/vc_column][vc_column width=&#8220;1\/3&#8243;][vc_empty_space height=&#8220;85px&#8220;][\/vc_column][\/vc_row][vc_row][vc_column][vc_column_text] Wieland Speck Wieland ist deutscher Filmemacher, Autor und Kurator. Von 1992 bis 2017 [&hellip;]\" \/>\n<meta property=\"og:url\" content=\"https:\/\/thegreekfilmfestivalinberlin.com\/de\/jury-2020\/\" \/>\n<meta property=\"og:site_name\" content=\"The Greek Film Festival in Berlin\" \/>\n<meta property=\"article:modified_time\" content=\"2020-07-30T08:25:55+00:00\" \/>\n<meta property=\"og:image\" content=\"https:\/\/thegreekfilmfestivalinberlin.com\/wp-content\/uploads\/2020\/06\/peppermint_film_FINAL_White-03ohne-schrift.png\" \/>\n\t<meta property=\"og:image:width\" content=\"1819\" \/>\n\t<meta property=\"og:image:height\" content=\"1212\" \/>\n\t<meta property=\"og:image:type\" content=\"image\/png\" \/>\n<meta name=\"twitter:card\" content=\"summary_large_image\" \/>\n<meta name=\"twitter:label1\" content=\"Gesch\u00e4tzte Lesezeit\" \/>\n\t<meta name=\"twitter:data1\" content=\"4\u00a0Minuten\" \/>\n<script type=\"application\/ld+json\" class=\"yoast-schema-graph\">{\"@context\":\"https:\\\/\\\/schema.org\",\"@graph\":[{\"@type\":\"WebPage\",\"@id\":\"https:\\\/\\\/thegreekfilmfestivalinberlin.com\\\/de\\\/jury-2020\\\/\",\"url\":\"https:\\\/\\\/thegreekfilmfestivalinberlin.com\\\/de\\\/jury-2020\\\/\",\"name\":\"Jury 2020 &#8211; The Greek Film Festival in Berlin\",\"isPartOf\":{\"@id\":\"https:\\\/\\\/thegreekfilmfestivalinberlin.com\\\/de\\\/#website\"},\"datePublished\":\"2020-05-31T22:36:12+00:00\",\"dateModified\":\"2020-07-30T08:25:55+00:00\",\"breadcrumb\":{\"@id\":\"https:\\\/\\\/thegreekfilmfestivalinberlin.com\\\/de\\\/jury-2020\\\/#breadcrumb\"},\"inLanguage\":\"de\",\"potentialAction\":[{\"@type\":\"ReadAction\",\"target\":[\"https:\\\/\\\/thegreekfilmfestivalinberlin.com\\\/de\\\/jury-2020\\\/\"]}]},{\"@type\":\"BreadcrumbList\",\"@id\":\"https:\\\/\\\/thegreekfilmfestivalinberlin.com\\\/de\\\/jury-2020\\\/#breadcrumb\",\"itemListElement\":[{\"@type\":\"ListItem\",\"position\":1,\"name\":\"Home\",\"item\":\"https:\\\/\\\/thegreekfilmfestivalinberlin.com\\\/de\\\/\"},{\"@type\":\"ListItem\",\"position\":2,\"name\":\"Jury 2020\"}]},{\"@type\":\"WebSite\",\"@id\":\"https:\\\/\\\/thegreekfilmfestivalinberlin.com\\\/de\\\/#website\",\"url\":\"https:\\\/\\\/thegreekfilmfestivalinberlin.com\\\/de\\\/\",\"name\":\"The Greek Film Festival in Berlin\",\"description\":\"\",\"publisher\":{\"@id\":\"https:\\\/\\\/thegreekfilmfestivalinberlin.com\\\/de\\\/#organization\"},\"potentialAction\":[{\"@type\":\"SearchAction\",\"target\":{\"@type\":\"EntryPoint\",\"urlTemplate\":\"https:\\\/\\\/thegreekfilmfestivalinberlin.com\\\/de\\\/?s={search_term_string}\"},\"query-input\":{\"@type\":\"PropertyValueSpecification\",\"valueRequired\":true,\"valueName\":\"search_term_string\"}}],\"inLanguage\":\"de\"},{\"@type\":\"Organization\",\"@id\":\"https:\\\/\\\/thegreekfilmfestivalinberlin.com\\\/de\\\/#organization\",\"name\":\"The Greek Film Festival in Berlin\",\"url\":\"https:\\\/\\\/thegreekfilmfestivalinberlin.com\\\/de\\\/\",\"logo\":{\"@type\":\"ImageObject\",\"inLanguage\":\"de\",\"@id\":\"https:\\\/\\\/thegreekfilmfestivalinberlin.com\\\/de\\\/#\\\/schema\\\/logo\\\/image\\\/\",\"url\":\"https:\\\/\\\/thegreekfilmfestivalinberlin.com\\\/wp-content\\\/uploads\\\/2020\\\/06\\\/peppermint_film_FINAL_White-03ohne-schrift.png\",\"contentUrl\":\"https:\\\/\\\/thegreekfilmfestivalinberlin.com\\\/wp-content\\\/uploads\\\/2020\\\/06\\\/peppermint_film_FINAL_White-03ohne-schrift.png\",\"width\":1819,\"height\":1212,\"caption\":\"The Greek Film Festival in Berlin\"},\"image\":{\"@id\":\"https:\\\/\\\/thegreekfilmfestivalinberlin.com\\\/de\\\/#\\\/schema\\\/logo\\\/image\\\/\"}}]}<\/script>\n<!-- \/ Yoast SEO plugin. -->","yoast_head_json":{"title":"Jury 2020 &#8211; The Greek Film Festival in Berlin","robots":{"index":"index","follow":"follow","max-snippet":"max-snippet:-1","max-image-preview":"max-image-preview:large","max-video-preview":"max-video-preview:-1"},"canonical":"https:\/\/thegreekfilmfestivalinberlin.com\/de\/jury-2020\/","og_locale":"de_DE","og_type":"article","og_title":"Jury 2020 &#8211; The Greek Film Festival in Berlin","og_description":"[vc_row][vc_column width=&#8220;1\/3&#8243; css=&#8220;.vc_custom_1568037155852{padding-right: 8px !important;padding-left: 8px !important;}&#8220; offset=&#8220;vc_col-lg-offset-0 vc_col-lg-3 vc_col-md-offset-0 vc_col-md-6 vc_col-sm-offset-0&#8243;][vc_empty_space height=&#8220;85px&#8220;][\/vc_column][vc_column width=&#8220;1\/3&#8243; css=&#8220;.vc_custom_1568037169652{padding-right: 8px !important;padding-left: 8px !important;}&#8220; offset=&#8220;vc_col-lg-offset-0 vc_col-lg-3 vc_col-md-offset-0 vc_col-md-6 vc_col-sm-offset-0&#8243;][vc_empty_space height=&#8220;85px&#8220;][\/vc_column][vc_column width=&#8220;1\/3&#8243;][vc_empty_space height=&#8220;85px&#8220;][\/vc_column][\/vc_row][vc_row][vc_column][vc_column_text] Wieland Speck Wieland ist deutscher Filmemacher, Autor und Kurator. Von 1992 bis 2017 [&hellip;]","og_url":"https:\/\/thegreekfilmfestivalinberlin.com\/de\/jury-2020\/","og_site_name":"The Greek Film Festival in Berlin","article_modified_time":"2020-07-30T08:25:55+00:00","og_image":[{"width":1819,"height":1212,"url":"https:\/\/thegreekfilmfestivalinberlin.com\/wp-content\/uploads\/2020\/06\/peppermint_film_FINAL_White-03ohne-schrift.png","type":"image\/png"}],"twitter_card":"summary_large_image","twitter_misc":{"Gesch\u00e4tzte Lesezeit":"4\u00a0Minuten"},"schema":{"@context":"https:\/\/schema.org","@graph":[{"@type":"WebPage","@id":"https:\/\/thegreekfilmfestivalinberlin.com\/de\/jury-2020\/","url":"https:\/\/thegreekfilmfestivalinberlin.com\/de\/jury-2020\/","name":"Jury 2020 &#8211; The Greek Film Festival in Berlin","isPartOf":{"@id":"https:\/\/thegreekfilmfestivalinberlin.com\/de\/#website"},"datePublished":"2020-05-31T22:36:12+00:00","dateModified":"2020-07-30T08:25:55+00:00","breadcrumb":{"@id":"https:\/\/thegreekfilmfestivalinberlin.com\/de\/jury-2020\/#breadcrumb"},"inLanguage":"de","potentialAction":[{"@type":"ReadAction","target":["https:\/\/thegreekfilmfestivalinberlin.com\/de\/jury-2020\/"]}]},{"@type":"BreadcrumbList","@id":"https:\/\/thegreekfilmfestivalinberlin.com\/de\/jury-2020\/#breadcrumb","itemListElement":[{"@type":"ListItem","position":1,"name":"Home","item":"https:\/\/thegreekfilmfestivalinberlin.com\/de\/"},{"@type":"ListItem","position":2,"name":"Jury 2020"}]},{"@type":"WebSite","@id":"https:\/\/thegreekfilmfestivalinberlin.com\/de\/#website","url":"https:\/\/thegreekfilmfestivalinberlin.com\/de\/","name":"The Greek Film Festival in Berlin","description":"","publisher":{"@id":"https:\/\/thegreekfilmfestivalinberlin.com\/de\/#organization"},"potentialAction":[{"@type":"SearchAction","target":{"@type":"EntryPoint","urlTemplate":"https:\/\/thegreekfilmfestivalinberlin.com\/de\/?s={search_term_string}"},"query-input":{"@type":"PropertyValueSpecification","valueRequired":true,"valueName":"search_term_string"}}],"inLanguage":"de"},{"@type":"Organization","@id":"https:\/\/thegreekfilmfestivalinberlin.com\/de\/#organization","name":"The Greek Film Festival in Berlin","url":"https:\/\/thegreekfilmfestivalinberlin.com\/de\/","logo":{"@type":"ImageObject","inLanguage":"de","@id":"https:\/\/thegreekfilmfestivalinberlin.com\/de\/#\/schema\/logo\/image\/","url":"https:\/\/thegreekfilmfestivalinberlin.com\/wp-content\/uploads\/2020\/06\/peppermint_film_FINAL_White-03ohne-schrift.png","contentUrl":"https:\/\/thegreekfilmfestivalinberlin.com\/wp-content\/uploads\/2020\/06\/peppermint_film_FINAL_White-03ohne-schrift.png","width":1819,"height":1212,"caption":"The Greek Film Festival in Berlin"},"image":{"@id":"https:\/\/thegreekfilmfestivalinberlin.com\/de\/#\/schema\/logo\/image\/"}}]}},"_links":{"self":[{"href":"https:\/\/thegreekfilmfestivalinberlin.com\/de\/wp-json\/wp\/v2\/pages\/22490","targetHints":{"allow":["GET"]}}],"collection":[{"href":"https:\/\/thegreekfilmfestivalinberlin.com\/de\/wp-json\/wp\/v2\/pages"}],"about":[{"href":"https:\/\/thegreekfilmfestivalinberlin.com\/de\/wp-json\/wp\/v2\/types\/page"}],"author":[{"embeddable":true,"href":"https:\/\/thegreekfilmfestivalinberlin.com\/de\/wp-json\/wp\/v2\/users\/1"}],"replies":[{"embeddable":true,"href":"https:\/\/thegreekfilmfestivalinberlin.com\/de\/wp-json\/wp\/v2\/comments?post=22490"}],"version-history":[{"count":7,"href":"https:\/\/thegreekfilmfestivalinberlin.com\/de\/wp-json\/wp\/v2\/pages\/22490\/revisions"}],"predecessor-version":[{"id":24718,"href":"https:\/\/thegreekfilmfestivalinberlin.com\/de\/wp-json\/wp\/v2\/pages\/22490\/revisions\/24718"}],"wp:attachment":[{"href":"https:\/\/thegreekfilmfestivalinberlin.com\/de\/wp-json\/wp\/v2\/media?parent=22490"}],"curies":[{"name":"wp","href":"https:\/\/api.w.org\/{rel}","templated":true}]}}