{"id":22274,"date":"2020-05-30T00:45:16","date_gmt":"2020-05-29T22:45:16","guid":{"rendered":"http:\/\/relaunch.hellasfilmbox.de\/?page_id=22274"},"modified":"2020-07-03T11:15:35","modified_gmt":"2020-07-03T09:15:35","slug":"preise-2020","status":"publish","type":"page","link":"https:\/\/thegreekfilmfestivalinberlin.com\/de\/preise-2020\/","title":{"rendered":"Preise 2020"},"content":{"rendered":"<p>[vc_row][vc_column]<div class=\"edgtf-single-image-holder  edgtf-has-shadow edgtf-image-behavior-lightbox\">\n    <div class=\"edgtf-si-inner\" >\n                    <a itemprop=\"image\" href=\"https:\/\/thegreekfilmfestivalinberlin.com\/wp-content\/uploads\/2020\/01\/HFB_2020_SO_042-Kopie-1.jpg\" data-rel=\"prettyPhoto[si_pretty_photo]\" title=\"\">\n                                    <img loading=\"lazy\" decoding=\"async\" width=\"1030\" height=\"579\" src=\"https:\/\/thegreekfilmfestivalinberlin.com\/wp-content\/uploads\/2020\/01\/HFB_2020_SO_042-Kopie-1-1030x579.jpg\" class=\"attachment-large size-large\" alt=\"\" srcset=\"https:\/\/thegreekfilmfestivalinberlin.com\/wp-content\/uploads\/2020\/01\/HFB_2020_SO_042-Kopie-1-1030x579.jpg 1030w, https:\/\/thegreekfilmfestivalinberlin.com\/wp-content\/uploads\/2020\/01\/HFB_2020_SO_042-Kopie-1-300x169.jpg 300w, https:\/\/thegreekfilmfestivalinberlin.com\/wp-content\/uploads\/2020\/01\/HFB_2020_SO_042-Kopie-1-768x432.jpg 768w, https:\/\/thegreekfilmfestivalinberlin.com\/wp-content\/uploads\/2020\/01\/HFB_2020_SO_042-Kopie-1-1500x844.jpg 1500w, https:\/\/thegreekfilmfestivalinberlin.com\/wp-content\/uploads\/2020\/01\/HFB_2020_SO_042-Kopie-1-705x397.jpg 705w, https:\/\/thegreekfilmfestivalinberlin.com\/wp-content\/uploads\/2020\/01\/HFB_2020_SO_042-Kopie-1-450x253.jpg 450w\" sizes=\"auto, (max-width: 1030px) 100vw, 1030px\" \/>                                <\/a>\n            <\/div>\n<\/div>[\/vc_column][\/vc_row][vc_row][vc_column][vc_column_text]<\/p>\n<div class=\"flex_column av_two_third first avia-builder-el-2 el_after_av_hr el_before_av_two_third \">\n<div class=\"av-special-heading av-special-heading-h2 avia-builder-el-3 avia-builder-el-no-sibling \">\n<h2 class=\"av-special-heading-tag\">Emerging Greeks Award 2020<\/h2>\n<div class=\"special-heading-inner-border\"><\/div>\n<\/div>\n<\/div>\n<div class=\"flex_column av_two_third first avia-builder-el-4 el_after_av_two_third el_before_av_two_third column-top-margin\">\n<div class=\"av-special-heading av-special-heading-h3 avia-builder-el-5 avia-builder-el-no-sibling \">\n<h4 class=\"av-special-heading-tag\">Preis f\u00fcr den besten Film an MELTEM von Basile Doganis (Frankreich, Griechenland) Ein zutiefst ber\u00fchrender und gut entwickelter Film, dem es gelingt, zwei Familiengeschichten mit dem Thema des Fl\u00fcchtlings auf der leidenden griechischen Insel Mytilini zu verbinden \u2013 und der zeigt, dass unsere grausame Welt letztendlich eine\u2026 Das Element der beiden franz\u00f6sischen Jungen arabischer und schwarzafrikanischer Herkunft, das die Beh\u00f6rden aufgrund ihrer offiziellen Identit\u00e4t nicht ber\u00fchren k\u00f6nnen, zeigt die Absurdit\u00e4t dieses immensen globalen Problems auf die beste Art und Weise durch diesen gut gespielten, emotional kraftvollen Film.<\/h4>\n<div class=\"special-heading-border\"><\/div>\n<div class=\"special-heading-border\"><\/div>\n<\/div>\n<\/div>\n<p>[\/vc_column_text][\/vc_column][\/vc_row]<\/p>\n","protected":false},"excerpt":{"rendered":"<p>[vc_row][vc_column][\/vc_column][\/vc_row][vc_row][vc_column][vc_column_text] Emerging Greeks Award 2020 Preis f\u00fcr den besten Film an MELTEM von Basile Doganis (Frankreich, Griechenland) Ein zutiefst ber\u00fchrender und gut entwickelter Film, dem es gelingt, zwei Familiengeschichten mit dem Thema des Fl\u00fcchtlings auf der leidenden griechischen Insel Mytilini [&hellip;]<\/p>\n","protected":false},"author":1,"featured_media":0,"parent":0,"menu_order":0,"comment_status":"closed","ping_status":"closed","template":"full-width.php","meta":{"footnotes":""},"class_list":["post-22274","page","type-page","status-publish","hentry"],"yoast_head":"<!-- This site is optimized with the Yoast SEO plugin v26.7 - https:\/\/yoast.com\/wordpress\/plugins\/seo\/ -->\n<title>Preise 2020 &#8211; The Greek Film Festival in Berlin<\/title>\n<meta name=\"robots\" content=\"index, follow, max-snippet:-1, max-image-preview:large, max-video-preview:-1\" \/>\n<link rel=\"canonical\" href=\"https:\/\/thegreekfilmfestivalinberlin.com\/de\/preise-2020\/\" \/>\n<meta property=\"og:locale\" content=\"de_DE\" \/>\n<meta property=\"og:type\" content=\"article\" \/>\n<meta property=\"og:title\" content=\"Preise 2020 &#8211; The Greek Film Festival in Berlin\" \/>\n<meta property=\"og:description\" content=\"[vc_row][vc_column][\/vc_column][\/vc_row][vc_row][vc_column][vc_column_text] Emerging Greeks Award 2020 Preis f\u00fcr den besten Film an MELTEM von Basile Doganis (Frankreich, Griechenland) Ein zutiefst ber\u00fchrender und gut entwickelter Film, dem es gelingt, zwei Familiengeschichten mit dem Thema des Fl\u00fcchtlings auf der leidenden griechischen Insel Mytilini [&hellip;]\" \/>\n<meta property=\"og:url\" content=\"https:\/\/thegreekfilmfestivalinberlin.com\/de\/preise-2020\/\" \/>\n<meta property=\"og:site_name\" content=\"The Greek Film Festival in Berlin\" \/>\n<meta property=\"article:modified_time\" content=\"2020-07-03T09:15:35+00:00\" \/>\n<meta property=\"og:image\" content=\"https:\/\/thegreekfilmfestivalinberlin.com\/wp-content\/uploads\/2020\/06\/peppermint_film_FINAL_White-03ohne-schrift.png\" \/>\n\t<meta property=\"og:image:width\" content=\"1819\" \/>\n\t<meta property=\"og:image:height\" content=\"1212\" \/>\n\t<meta property=\"og:image:type\" content=\"image\/png\" \/>\n<meta name=\"twitter:card\" content=\"summary_large_image\" \/>\n<meta name=\"twitter:label1\" content=\"Gesch\u00e4tzte Lesezeit\" \/>\n\t<meta name=\"twitter:data1\" content=\"1\u00a0Minute\" \/>\n<script type=\"application\/ld+json\" class=\"yoast-schema-graph\">{\"@context\":\"https:\/\/schema.org\",\"@graph\":[{\"@type\":\"WebPage\",\"@id\":\"https:\/\/thegreekfilmfestivalinberlin.com\/de\/preise-2020\/\",\"url\":\"https:\/\/thegreekfilmfestivalinberlin.com\/de\/preise-2020\/\",\"name\":\"Preise 2020 &#8211; The Greek Film Festival in Berlin\",\"isPartOf\":{\"@id\":\"https:\/\/thegreekfilmfestivalinberlin.com\/de\/#website\"},\"datePublished\":\"2020-05-29T22:45:16+00:00\",\"dateModified\":\"2020-07-03T09:15:35+00:00\",\"breadcrumb\":{\"@id\":\"https:\/\/thegreekfilmfestivalinberlin.com\/de\/preise-2020\/#breadcrumb\"},\"inLanguage\":\"de\",\"potentialAction\":[{\"@type\":\"ReadAction\",\"target\":[\"https:\/\/thegreekfilmfestivalinberlin.com\/de\/preise-2020\/\"]}]},{\"@type\":\"BreadcrumbList\",\"@id\":\"https:\/\/thegreekfilmfestivalinberlin.com\/de\/preise-2020\/#breadcrumb\",\"itemListElement\":[{\"@type\":\"ListItem\",\"position\":1,\"name\":\"Home\",\"item\":\"https:\/\/thegreekfilmfestivalinberlin.com\/de\/\"},{\"@type\":\"ListItem\",\"position\":2,\"name\":\"Preise 2020\"}]},{\"@type\":\"WebSite\",\"@id\":\"https:\/\/thegreekfilmfestivalinberlin.com\/de\/#website\",\"url\":\"https:\/\/thegreekfilmfestivalinberlin.com\/de\/\",\"name\":\"The Greek Film Festival in Berlin\",\"description\":\"\",\"publisher\":{\"@id\":\"https:\/\/thegreekfilmfestivalinberlin.com\/de\/#organization\"},\"potentialAction\":[{\"@type\":\"SearchAction\",\"target\":{\"@type\":\"EntryPoint\",\"urlTemplate\":\"https:\/\/thegreekfilmfestivalinberlin.com\/de\/?s={search_term_string}\"},\"query-input\":{\"@type\":\"PropertyValueSpecification\",\"valueRequired\":true,\"valueName\":\"search_term_string\"}}],\"inLanguage\":\"de\"},{\"@type\":\"Organization\",\"@id\":\"https:\/\/thegreekfilmfestivalinberlin.com\/de\/#organization\",\"name\":\"The Greek Film Festival in Berlin\",\"url\":\"https:\/\/thegreekfilmfestivalinberlin.com\/de\/\",\"logo\":{\"@type\":\"ImageObject\",\"inLanguage\":\"de\",\"@id\":\"https:\/\/thegreekfilmfestivalinberlin.com\/de\/#\/schema\/logo\/image\/\",\"url\":\"https:\/\/thegreekfilmfestivalinberlin.com\/wp-content\/uploads\/2020\/06\/peppermint_film_FINAL_White-03ohne-schrift.png\",\"contentUrl\":\"https:\/\/thegreekfilmfestivalinberlin.com\/wp-content\/uploads\/2020\/06\/peppermint_film_FINAL_White-03ohne-schrift.png\",\"width\":1819,\"height\":1212,\"caption\":\"The Greek Film Festival in Berlin\"},\"image\":{\"@id\":\"https:\/\/thegreekfilmfestivalinberlin.com\/de\/#\/schema\/logo\/image\/\"}}]}<\/script>\n<!-- \/ Yoast SEO plugin. -->","yoast_head_json":{"title":"Preise 2020 &#8211; The Greek Film Festival in Berlin","robots":{"index":"index","follow":"follow","max-snippet":"max-snippet:-1","max-image-preview":"max-image-preview:large","max-video-preview":"max-video-preview:-1"},"canonical":"https:\/\/thegreekfilmfestivalinberlin.com\/de\/preise-2020\/","og_locale":"de_DE","og_type":"article","og_title":"Preise 2020 &#8211; The Greek Film Festival in Berlin","og_description":"[vc_row][vc_column][\/vc_column][\/vc_row][vc_row][vc_column][vc_column_text] Emerging Greeks Award 2020 Preis f\u00fcr den besten Film an MELTEM von Basile Doganis (Frankreich, Griechenland) Ein zutiefst ber\u00fchrender und gut entwickelter Film, dem es gelingt, zwei Familiengeschichten mit dem Thema des Fl\u00fcchtlings auf der leidenden griechischen Insel Mytilini [&hellip;]","og_url":"https:\/\/thegreekfilmfestivalinberlin.com\/de\/preise-2020\/","og_site_name":"The Greek Film Festival in Berlin","article_modified_time":"2020-07-03T09:15:35+00:00","og_image":[{"width":1819,"height":1212,"url":"https:\/\/thegreekfilmfestivalinberlin.com\/wp-content\/uploads\/2020\/06\/peppermint_film_FINAL_White-03ohne-schrift.png","type":"image\/png"}],"twitter_card":"summary_large_image","twitter_misc":{"Gesch\u00e4tzte Lesezeit":"1\u00a0Minute"},"schema":{"@context":"https:\/\/schema.org","@graph":[{"@type":"WebPage","@id":"https:\/\/thegreekfilmfestivalinberlin.com\/de\/preise-2020\/","url":"https:\/\/thegreekfilmfestivalinberlin.com\/de\/preise-2020\/","name":"Preise 2020 &#8211; The Greek Film Festival in Berlin","isPartOf":{"@id":"https:\/\/thegreekfilmfestivalinberlin.com\/de\/#website"},"datePublished":"2020-05-29T22:45:16+00:00","dateModified":"2020-07-03T09:15:35+00:00","breadcrumb":{"@id":"https:\/\/thegreekfilmfestivalinberlin.com\/de\/preise-2020\/#breadcrumb"},"inLanguage":"de","potentialAction":[{"@type":"ReadAction","target":["https:\/\/thegreekfilmfestivalinberlin.com\/de\/preise-2020\/"]}]},{"@type":"BreadcrumbList","@id":"https:\/\/thegreekfilmfestivalinberlin.com\/de\/preise-2020\/#breadcrumb","itemListElement":[{"@type":"ListItem","position":1,"name":"Home","item":"https:\/\/thegreekfilmfestivalinberlin.com\/de\/"},{"@type":"ListItem","position":2,"name":"Preise 2020"}]},{"@type":"WebSite","@id":"https:\/\/thegreekfilmfestivalinberlin.com\/de\/#website","url":"https:\/\/thegreekfilmfestivalinberlin.com\/de\/","name":"The Greek Film Festival in Berlin","description":"","publisher":{"@id":"https:\/\/thegreekfilmfestivalinberlin.com\/de\/#organization"},"potentialAction":[{"@type":"SearchAction","target":{"@type":"EntryPoint","urlTemplate":"https:\/\/thegreekfilmfestivalinberlin.com\/de\/?s={search_term_string}"},"query-input":{"@type":"PropertyValueSpecification","valueRequired":true,"valueName":"search_term_string"}}],"inLanguage":"de"},{"@type":"Organization","@id":"https:\/\/thegreekfilmfestivalinberlin.com\/de\/#organization","name":"The Greek Film Festival in Berlin","url":"https:\/\/thegreekfilmfestivalinberlin.com\/de\/","logo":{"@type":"ImageObject","inLanguage":"de","@id":"https:\/\/thegreekfilmfestivalinberlin.com\/de\/#\/schema\/logo\/image\/","url":"https:\/\/thegreekfilmfestivalinberlin.com\/wp-content\/uploads\/2020\/06\/peppermint_film_FINAL_White-03ohne-schrift.png","contentUrl":"https:\/\/thegreekfilmfestivalinberlin.com\/wp-content\/uploads\/2020\/06\/peppermint_film_FINAL_White-03ohne-schrift.png","width":1819,"height":1212,"caption":"The Greek Film Festival in Berlin"},"image":{"@id":"https:\/\/thegreekfilmfestivalinberlin.com\/de\/#\/schema\/logo\/image\/"}}]}},"_links":{"self":[{"href":"https:\/\/thegreekfilmfestivalinberlin.com\/de\/wp-json\/wp\/v2\/pages\/22274","targetHints":{"allow":["GET"]}}],"collection":[{"href":"https:\/\/thegreekfilmfestivalinberlin.com\/de\/wp-json\/wp\/v2\/pages"}],"about":[{"href":"https:\/\/thegreekfilmfestivalinberlin.com\/de\/wp-json\/wp\/v2\/types\/page"}],"author":[{"embeddable":true,"href":"https:\/\/thegreekfilmfestivalinberlin.com\/de\/wp-json\/wp\/v2\/users\/1"}],"replies":[{"embeddable":true,"href":"https:\/\/thegreekfilmfestivalinberlin.com\/de\/wp-json\/wp\/v2\/comments?post=22274"}],"version-history":[{"count":3,"href":"https:\/\/thegreekfilmfestivalinberlin.com\/de\/wp-json\/wp\/v2\/pages\/22274\/revisions"}],"predecessor-version":[{"id":23187,"href":"https:\/\/thegreekfilmfestivalinberlin.com\/de\/wp-json\/wp\/v2\/pages\/22274\/revisions\/23187"}],"wp:attachment":[{"href":"https:\/\/thegreekfilmfestivalinberlin.com\/de\/wp-json\/wp\/v2\/media?parent=22274"}],"curies":[{"name":"wp","href":"https:\/\/api.w.org\/{rel}","templated":true}]}}