{"id":20557,"date":"2020-01-21T10:17:52","date_gmt":"2020-01-21T09:17:52","guid":{"rendered":"https:\/\/www.hellasfilmbox.de\/?page_id=20557"},"modified":"2020-06-08T15:00:09","modified_gmt":"2020-06-08T13:00:09","slug":"preise-2020-2","status":"publish","type":"page","link":"https:\/\/thegreekfilmfestivalinberlin.com\/de\/preise-2020-2\/","title":{"rendered":"Preise 2020"},"content":{"rendered":"<p>[av_heading heading=&#8217;Preise 2020&#8242; tag=&#8217;h1&#8242; style=&#8217;blockquote modern-quote&#8216; size=&#8220; subheading_active=&#8220; subheading_size=&#8217;15&#8216; padding=&#8217;26&#8216; color=&#8220; custom_font=&#8220;][\/av_heading]<\/p>\n<p>[av_hr class=&#8217;default&#8216; height=&#8217;50&#8216; shadow=&#8217;no-shadow&#8216; position=&#8217;center&#8216; custom_border=&#8217;av-border-thin&#8216; custom_width=&#8217;50px&#8216; custom_border_color=&#8220; custom_margin_top=&#8217;30px&#8216; custom_margin_bottom=&#8217;30px&#8216; icon_select=&#8217;yes&#8216; custom_icon_color=&#8220; icon=&#8217;ue808&#8242;]<\/p>\n<p>[av_two_third first]<\/p>\n<p>[av_heading heading=&#8217;MELTEM von Basile Doganis &#8218; tag=&#8217;h2&#8242; style=&#8220; size=&#8220; subheading_active=&#8220; subheading_size=&#8217;15&#8216; padding=&#8217;10&#8216; color=&#8220; custom_font=&#8220;][\/av_heading]<\/p>\n<p>[\/av_two_third][av_two_third first]<\/p>\n<p>[av_heading heading=&#8217;Preis f\u00fcr den besten Film an MELTEM von Basile Doganis (Frankreich, Griechenland) Ein zutiefst ber\u00fchrender und gut entwickelter Film, dem es gelingt, zwei Familiengeschichten mit dem Thema des Fl\u00fcchtlings auf der leidenden griechischen Insel Mytilini zu verbinden &#8211; und der zeigt, dass unsere grausame Welt letztendlich eine&#8230; Das Element der beiden franz\u00f6sischen Jungen arabischer und schwarzafrikanischer Herkunft, das die Beh\u00f6rden aufgrund ihrer offiziellen Identit\u00e4t nicht ber\u00fchren k\u00f6nnen, zeigt die Absurdit\u00e4t dieses immensen globalen Problems auf die beste Art und Weise durch diesen gut gespielten, emotional kraftvollen Film.&#8216; tag=&#8217;h3&#8242; style=&#8220; size=&#8220; subheading_active=&#8220; subheading_size=&#8217;15&#8216; padding=&#8217;10&#8216; color=&#8220; custom_font=&#8220;][\/av_heading]<\/p>\n<p>[\/av_two_third][av_two_third first]<br \/>\n[av_image src=&#8217;https:\/\/thegreekfilmfestivalinberlin.com\/wp-content\/uploads\/2020\/01\/HFB_2020_SO_041-Kopie-300&#215;169.jpg&#8216; attachment=&#8217;20503&#8242; attachment_size=&#8217;medium&#8216; align=&#8217;center&#8216; animation=&#8217;no-animation&#8216; styling=&#8220; hover=&#8220; link=&#8220; target=&#8220; caption=&#8220; font_size=&#8220; appearance=&#8220; overlay_opacity=&#8217;0.4&#8242; overlay_color=&#8217;#000000&#8242; overlay_text_color=&#8217;#ffffff&#8216;][\/av_image]<br \/>\n[\/av_two_third]<\/p>\n<p>[av_two_third first]<br \/>\n[av_image src=&#8217;https:\/\/thegreekfilmfestivalinberlin.com\/wp-content\/uploads\/2020\/01\/HFB_2020_SO_042-Kopie-1-300&#215;169.jpg&#8216; attachment=&#8217;20506&#8242; attachment_size=&#8217;medium&#8216; align=&#8217;center&#8216; animation=&#8217;no-animation&#8216; styling=&#8220; hover=&#8220; link=&#8220; target=&#8220; caption=&#8220; font_size=&#8220; appearance=&#8220; overlay_opacity=&#8217;0.4&#8242; overlay_color=&#8217;#000000&#8242; overlay_text_color=&#8217;#ffffff&#8216;][\/av_image]<br \/>\n[\/av_two_third]<\/p>\n<p>[av_two_third first]<br \/>\n[av_image src=&#8217;https:\/\/thegreekfilmfestivalinberlin.com\/wp-content\/uploads\/2020\/01\/HFB_2020_SO_043-Kopie-300&#215;169.jpg&#8216; attachment=&#8217;20509&#8242; attachment_size=&#8217;medium&#8216; align=&#8217;center&#8216; animation=&#8217;no-animation&#8216; styling=&#8220; hover=&#8220; link=&#8220; target=&#8220; caption=&#8220; font_size=&#8220; appearance=&#8220; overlay_opacity=&#8217;0.4&#8242; overlay_color=&#8217;#000000&#8242; overlay_text_color=&#8217;#ffffff&#8216;][\/av_image]<br \/>\n[\/av_two_third]<\/p>\n","protected":false},"excerpt":{"rendered":"<p>[av_heading heading=&#8217;Preise 2020&#8242; tag=&#8217;h1&#8242; style=&#8217;blockquote modern-quote&#8216; size=&#8220; subheading_active=&#8220; subheading_size=&#8217;15&#8216; padding=&#8217;26&#8216; color=&#8220; custom_font=&#8220;][\/av_heading] [av_hr class=&#8217;default&#8216; height=&#8217;50&#8216; shadow=&#8217;no-shadow&#8216; position=&#8217;center&#8216; custom_border=&#8217;av-border-thin&#8216; custom_width=&#8217;50px&#8216; custom_border_color=&#8220; custom_margin_top=&#8217;30px&#8216; custom_margin_bottom=&#8217;30px&#8216; icon_select=&#8217;yes&#8216; custom_icon_color=&#8220; icon=&#8217;ue808&#8242;] [av_two_third first] [av_heading heading=&#8217;MELTEM von Basile Doganis &#8218; tag=&#8217;h2&#8242; style=&#8220; size=&#8220; subheading_active=&#8220; subheading_size=&#8217;15&#8216; padding=&#8217;10&#8216; color=&#8220; [&hellip;]<\/p>\n","protected":false},"author":4,"featured_media":0,"parent":0,"menu_order":0,"comment_status":"closed","ping_status":"closed","template":"","meta":{"footnotes":""},"class_list":["post-20557","page","type-page","status-publish","hentry"],"yoast_head":"<!-- This site is optimized with the Yoast SEO plugin v27.3 - https:\/\/yoast.com\/product\/yoast-seo-wordpress\/ -->\n<title>Preise 2020 &#8211; The Greek Film Festival in Berlin<\/title>\n<meta name=\"robots\" content=\"index, follow, max-snippet:-1, max-image-preview:large, max-video-preview:-1\" \/>\n<link rel=\"canonical\" href=\"https:\/\/thegreekfilmfestivalinberlin.com\/de\/preise-2020-2\/\" \/>\n<meta property=\"og:locale\" content=\"de_DE\" \/>\n<meta property=\"og:type\" content=\"article\" \/>\n<meta property=\"og:title\" content=\"Preise 2020 &#8211; The Greek Film Festival in Berlin\" \/>\n<meta property=\"og:description\" content=\"[av_heading heading=&#8217;Preise 2020&#8242; tag=&#8217;h1&#8242; style=&#8217;blockquote modern-quote&#8216; size=&#8220; subheading_active=&#8220; subheading_size=&#8217;15&#8216; padding=&#8217;26&#8216; color=&#8220; custom_font=&#8220;][\/av_heading] [av_hr class=&#8217;default&#8216; height=&#8217;50&#8216; shadow=&#8217;no-shadow&#8216; position=&#8217;center&#8216; custom_border=&#8217;av-border-thin&#8216; custom_width=&#8217;50px&#8216; custom_border_color=&#8220; custom_margin_top=&#8217;30px&#8216; custom_margin_bottom=&#8217;30px&#8216; icon_select=&#8217;yes&#8216; custom_icon_color=&#8220; icon=&#8217;ue808&#8242;] [av_two_third first] [av_heading heading=&#8217;MELTEM von Basile Doganis &#8218; tag=&#8217;h2&#8242; style=&#8220; size=&#8220; subheading_active=&#8220; subheading_size=&#8217;15&#8216; padding=&#8217;10&#8216; color=&#8220; [&hellip;]\" \/>\n<meta property=\"og:url\" content=\"https:\/\/thegreekfilmfestivalinberlin.com\/de\/preise-2020-2\/\" \/>\n<meta property=\"og:site_name\" content=\"The Greek Film Festival in Berlin\" \/>\n<meta property=\"article:modified_time\" content=\"2020-06-08T13:00:09+00:00\" \/>\n<meta property=\"og:image\" content=\"https:\/\/thegreekfilmfestivalinberlin.com\/wp-content\/uploads\/2020\/06\/peppermint_film_FINAL_White-03ohne-schrift.png\" \/>\n\t<meta property=\"og:image:width\" content=\"1819\" \/>\n\t<meta property=\"og:image:height\" content=\"1212\" \/>\n\t<meta property=\"og:image:type\" content=\"image\/png\" \/>\n<meta name=\"twitter:card\" content=\"summary_large_image\" \/>\n<meta name=\"twitter:label1\" content=\"Gesch\u00e4tzte Lesezeit\" \/>\n\t<meta name=\"twitter:data1\" content=\"2\u00a0Minuten\" \/>\n<script type=\"application\/ld+json\" class=\"yoast-schema-graph\">{\"@context\":\"https:\\\/\\\/schema.org\",\"@graph\":[{\"@type\":\"WebPage\",\"@id\":\"https:\\\/\\\/thegreekfilmfestivalinberlin.com\\\/de\\\/preise-2020-2\\\/\",\"url\":\"https:\\\/\\\/thegreekfilmfestivalinberlin.com\\\/de\\\/preise-2020-2\\\/\",\"name\":\"Preise 2020 &#8211; The Greek Film Festival in Berlin\",\"isPartOf\":{\"@id\":\"https:\\\/\\\/thegreekfilmfestivalinberlin.com\\\/de\\\/#website\"},\"datePublished\":\"2020-01-21T09:17:52+00:00\",\"dateModified\":\"2020-06-08T13:00:09+00:00\",\"breadcrumb\":{\"@id\":\"https:\\\/\\\/thegreekfilmfestivalinberlin.com\\\/de\\\/preise-2020-2\\\/#breadcrumb\"},\"inLanguage\":\"de\",\"potentialAction\":[{\"@type\":\"ReadAction\",\"target\":[\"https:\\\/\\\/thegreekfilmfestivalinberlin.com\\\/de\\\/preise-2020-2\\\/\"]}]},{\"@type\":\"BreadcrumbList\",\"@id\":\"https:\\\/\\\/thegreekfilmfestivalinberlin.com\\\/de\\\/preise-2020-2\\\/#breadcrumb\",\"itemListElement\":[{\"@type\":\"ListItem\",\"position\":1,\"name\":\"Home\",\"item\":\"https:\\\/\\\/thegreekfilmfestivalinberlin.com\\\/de\\\/\"},{\"@type\":\"ListItem\",\"position\":2,\"name\":\"Preise 2020\"}]},{\"@type\":\"WebSite\",\"@id\":\"https:\\\/\\\/thegreekfilmfestivalinberlin.com\\\/de\\\/#website\",\"url\":\"https:\\\/\\\/thegreekfilmfestivalinberlin.com\\\/de\\\/\",\"name\":\"The Greek Film Festival in Berlin\",\"description\":\"\",\"publisher\":{\"@id\":\"https:\\\/\\\/thegreekfilmfestivalinberlin.com\\\/de\\\/#organization\"},\"potentialAction\":[{\"@type\":\"SearchAction\",\"target\":{\"@type\":\"EntryPoint\",\"urlTemplate\":\"https:\\\/\\\/thegreekfilmfestivalinberlin.com\\\/de\\\/?s={search_term_string}\"},\"query-input\":{\"@type\":\"PropertyValueSpecification\",\"valueRequired\":true,\"valueName\":\"search_term_string\"}}],\"inLanguage\":\"de\"},{\"@type\":\"Organization\",\"@id\":\"https:\\\/\\\/thegreekfilmfestivalinberlin.com\\\/de\\\/#organization\",\"name\":\"The Greek Film Festival in Berlin\",\"url\":\"https:\\\/\\\/thegreekfilmfestivalinberlin.com\\\/de\\\/\",\"logo\":{\"@type\":\"ImageObject\",\"inLanguage\":\"de\",\"@id\":\"https:\\\/\\\/thegreekfilmfestivalinberlin.com\\\/de\\\/#\\\/schema\\\/logo\\\/image\\\/\",\"url\":\"https:\\\/\\\/thegreekfilmfestivalinberlin.com\\\/wp-content\\\/uploads\\\/2020\\\/06\\\/peppermint_film_FINAL_White-03ohne-schrift.png\",\"contentUrl\":\"https:\\\/\\\/thegreekfilmfestivalinberlin.com\\\/wp-content\\\/uploads\\\/2020\\\/06\\\/peppermint_film_FINAL_White-03ohne-schrift.png\",\"width\":1819,\"height\":1212,\"caption\":\"The Greek Film Festival in Berlin\"},\"image\":{\"@id\":\"https:\\\/\\\/thegreekfilmfestivalinberlin.com\\\/de\\\/#\\\/schema\\\/logo\\\/image\\\/\"}}]}<\/script>\n<!-- \/ Yoast SEO plugin. -->","yoast_head_json":{"title":"Preise 2020 &#8211; The Greek Film Festival in Berlin","robots":{"index":"index","follow":"follow","max-snippet":"max-snippet:-1","max-image-preview":"max-image-preview:large","max-video-preview":"max-video-preview:-1"},"canonical":"https:\/\/thegreekfilmfestivalinberlin.com\/de\/preise-2020-2\/","og_locale":"de_DE","og_type":"article","og_title":"Preise 2020 &#8211; The Greek Film Festival in Berlin","og_description":"[av_heading heading=&#8217;Preise 2020&#8242; tag=&#8217;h1&#8242; style=&#8217;blockquote modern-quote&#8216; size=&#8220; subheading_active=&#8220; subheading_size=&#8217;15&#8216; padding=&#8217;26&#8216; color=&#8220; custom_font=&#8220;][\/av_heading] [av_hr class=&#8217;default&#8216; height=&#8217;50&#8216; shadow=&#8217;no-shadow&#8216; position=&#8217;center&#8216; custom_border=&#8217;av-border-thin&#8216; custom_width=&#8217;50px&#8216; custom_border_color=&#8220; custom_margin_top=&#8217;30px&#8216; custom_margin_bottom=&#8217;30px&#8216; icon_select=&#8217;yes&#8216; custom_icon_color=&#8220; icon=&#8217;ue808&#8242;] [av_two_third first] [av_heading heading=&#8217;MELTEM von Basile Doganis &#8218; tag=&#8217;h2&#8242; style=&#8220; size=&#8220; subheading_active=&#8220; subheading_size=&#8217;15&#8216; padding=&#8217;10&#8216; color=&#8220; [&hellip;]","og_url":"https:\/\/thegreekfilmfestivalinberlin.com\/de\/preise-2020-2\/","og_site_name":"The Greek Film Festival in Berlin","article_modified_time":"2020-06-08T13:00:09+00:00","og_image":[{"width":1819,"height":1212,"url":"https:\/\/thegreekfilmfestivalinberlin.com\/wp-content\/uploads\/2020\/06\/peppermint_film_FINAL_White-03ohne-schrift.png","type":"image\/png"}],"twitter_card":"summary_large_image","twitter_misc":{"Gesch\u00e4tzte Lesezeit":"2\u00a0Minuten"},"schema":{"@context":"https:\/\/schema.org","@graph":[{"@type":"WebPage","@id":"https:\/\/thegreekfilmfestivalinberlin.com\/de\/preise-2020-2\/","url":"https:\/\/thegreekfilmfestivalinberlin.com\/de\/preise-2020-2\/","name":"Preise 2020 &#8211; The Greek Film Festival in Berlin","isPartOf":{"@id":"https:\/\/thegreekfilmfestivalinberlin.com\/de\/#website"},"datePublished":"2020-01-21T09:17:52+00:00","dateModified":"2020-06-08T13:00:09+00:00","breadcrumb":{"@id":"https:\/\/thegreekfilmfestivalinberlin.com\/de\/preise-2020-2\/#breadcrumb"},"inLanguage":"de","potentialAction":[{"@type":"ReadAction","target":["https:\/\/thegreekfilmfestivalinberlin.com\/de\/preise-2020-2\/"]}]},{"@type":"BreadcrumbList","@id":"https:\/\/thegreekfilmfestivalinberlin.com\/de\/preise-2020-2\/#breadcrumb","itemListElement":[{"@type":"ListItem","position":1,"name":"Home","item":"https:\/\/thegreekfilmfestivalinberlin.com\/de\/"},{"@type":"ListItem","position":2,"name":"Preise 2020"}]},{"@type":"WebSite","@id":"https:\/\/thegreekfilmfestivalinberlin.com\/de\/#website","url":"https:\/\/thegreekfilmfestivalinberlin.com\/de\/","name":"The Greek Film Festival in Berlin","description":"","publisher":{"@id":"https:\/\/thegreekfilmfestivalinberlin.com\/de\/#organization"},"potentialAction":[{"@type":"SearchAction","target":{"@type":"EntryPoint","urlTemplate":"https:\/\/thegreekfilmfestivalinberlin.com\/de\/?s={search_term_string}"},"query-input":{"@type":"PropertyValueSpecification","valueRequired":true,"valueName":"search_term_string"}}],"inLanguage":"de"},{"@type":"Organization","@id":"https:\/\/thegreekfilmfestivalinberlin.com\/de\/#organization","name":"The Greek Film Festival in Berlin","url":"https:\/\/thegreekfilmfestivalinberlin.com\/de\/","logo":{"@type":"ImageObject","inLanguage":"de","@id":"https:\/\/thegreekfilmfestivalinberlin.com\/de\/#\/schema\/logo\/image\/","url":"https:\/\/thegreekfilmfestivalinberlin.com\/wp-content\/uploads\/2020\/06\/peppermint_film_FINAL_White-03ohne-schrift.png","contentUrl":"https:\/\/thegreekfilmfestivalinberlin.com\/wp-content\/uploads\/2020\/06\/peppermint_film_FINAL_White-03ohne-schrift.png","width":1819,"height":1212,"caption":"The Greek Film Festival in Berlin"},"image":{"@id":"https:\/\/thegreekfilmfestivalinberlin.com\/de\/#\/schema\/logo\/image\/"}}]}},"_links":{"self":[{"href":"https:\/\/thegreekfilmfestivalinberlin.com\/de\/wp-json\/wp\/v2\/pages\/20557","targetHints":{"allow":["GET"]}}],"collection":[{"href":"https:\/\/thegreekfilmfestivalinberlin.com\/de\/wp-json\/wp\/v2\/pages"}],"about":[{"href":"https:\/\/thegreekfilmfestivalinberlin.com\/de\/wp-json\/wp\/v2\/types\/page"}],"author":[{"embeddable":true,"href":"https:\/\/thegreekfilmfestivalinberlin.com\/de\/wp-json\/wp\/v2\/users\/4"}],"replies":[{"embeddable":true,"href":"https:\/\/thegreekfilmfestivalinberlin.com\/de\/wp-json\/wp\/v2\/comments?post=20557"}],"version-history":[{"count":2,"href":"https:\/\/thegreekfilmfestivalinberlin.com\/de\/wp-json\/wp\/v2\/pages\/20557\/revisions"}],"predecessor-version":[{"id":20559,"href":"https:\/\/thegreekfilmfestivalinberlin.com\/de\/wp-json\/wp\/v2\/pages\/20557\/revisions\/20559"}],"wp:attachment":[{"href":"https:\/\/thegreekfilmfestivalinberlin.com\/de\/wp-json\/wp\/v2\/media?parent=20557"}],"curies":[{"name":"wp","href":"https:\/\/api.w.org\/{rel}","templated":true}]}}